{"id":521,"date":"2019-03-15T11:56:09","date_gmt":"2019-03-15T10:56:09","guid":{"rendered":"https:\/\/trummer.eu\/at\/?page_id=521"},"modified":"2025-03-24T09:04:23","modified_gmt":"2025-03-24T08:04:23","slug":"datenschutz","status":"publish","type":"page","link":"https:\/\/trummer.edd-studio.de\/sl\/datenschutz","title":{"rendered":"Izjava o varstvu podatkov"},"content":{"rendered":"\n<p class=\"has-large-font-size\"><strong>Izjava o varstvu podatkov<\/strong><\/p>\n\n\n\n<p>Veseli nas, da se\nzanimate za na\u0161e spletno mesto. Va\u0161a zasebnost je za nas izjemno pomembna. V\nnadaljevanju najdete obse\u017ene informacije o tem, kako ravnamo z va\u0161imi podatki.<\/p>\n\n\n\n<p class=\"has-medium-font-size\">1. Podro\u010dje uporabe<\/p>\n\n\n\n<p>Ta izjava o varstvu podatkov uporabniku razlo\u017ei na\u010din, podro\u010dje in namen pridobivanja in uporabe osebnih podatkov, ki jih izvaja dru\u017eba Trummer Kadrovska Agencija, d.o.o., Beloruska ulica 5, 2000 Maribor, e-po\u0161ta: <a href=\"mailto:team.maribor@trummer.eu\">team.maribor@trummer.eu<\/a>, telefon: <br>+386 (0) 26 21 32 10 (v nadaljevanju \u00bbTrummer\u00ab) na tem spletnem mestu (v nadaljevanju \u00bbponudba\u00ab). Trummer je skladno z zakonom odgovoren za va\u0161e podatke.<\/p>\n\n\n\n<p class=\"has-medium-font-size\">2. Shranjevanje naslova IP<\/p>\n\n\n\n<p>Med obiskom na\u0161ega\nspletnega mesta se v spletni stre\u017enik samodejno shranijo podatki. Mednje\nspadajo podatki o uporabljenem brskalniku, name\u0161\u010denem operacijskem sistemu,\nkatero stran ste uporabili za dostop do na\u0161ega spletnega mesta, naslov IP, \u010das\ndostopa in drugi podatki. Te podatke Trummer psevdonimizira in jih brez\ndodatnih virov podatkov ni mogo\u010de ve\u010d pripisati dolo\u010deni osebi. Trummer teh\npodatkov ne analizira, \u010de ne pride do protipravne uporabe spletnega mesta.<\/p>\n\n\n\n<p class=\"has-medium-font-size\">3. Shranjevanje podatkov o dostopu v dnevni\u0161ke\ndatoteke stre\u017enika<\/p>\n\n\n\n<p>Trummer (oz. njegov\ndobavitelj spletnih storitev) zbira podatke o vsakem dostopu do ponudbe (t. i.\ndnevni\u0161ke datoteke stre\u017enika). Med dnevni\u0161ke datoteke spadajo:<\/p>\n\n\n\n<p>ime priklicane spletne\nstrani, podatki, datum in ura zahteve, koli\u010dina prenosa podatkov, sporo\u010dilo o uspe\u0161ni\nzahtevi, vrsta in razli\u010dica brskalnika, operacijski sistem uporabnika,\nnapotitveni URL (predhodno obiskana stran), naslov IP in ponudnik poizvedbe.<\/p>\n\n\n\n<p>Trummer evidentirane\npodatke psevdonimizirano uporablja samo za statisti\u010dno obdelavo v namene obratovanja,\nvarnosti in optimizacije ponudbe. Vendar si ponudnik pridr\u017euje pravico, da\nevidentirane podatke naknadno preveri v primeru, \u010de na podlagi jasnih\nkazalnikov obstaja utemeljeni sum za protipravno uporabo.<\/p>\n\n\n\n<p class=\"has-medium-font-size\">4. Uporaba pi\u0161kotkov<\/p>\n\n\n\n<p>Pi\u0161kotki so majhne datoteke,\nki v uporabnikovi napravi (osebni ra\u010dunalnik, pametni telefon idr.) omogo\u010dajo\nshranjevanje dolo\u010denih podatkov, povezanih z napravo. Uporabljajo se za\nomogo\u010danje uporabniku prijaznej\u0161ih strani in s tem tudi uporabe (npr.\nshranjevanje podatkov o prijavi). Poleg tega slu\u017eijo tudi za zbiranje\nstatisti\u010dnih podatkov o uporabi spletnega mesta in za analizo izbolj\u0161anja\nponudbe. Uporabniki lahko vplivajo na uporabo pi\u0161kotkov. Ve\u010dina brskalnikom ima\nmo\u017enost, s katero je mogo\u010de omejiti shranjevanje pi\u0161kotkov oziroma ga v celoti\nprepre\u010diti. Vendar opozarjamo, da sta lahko uporaba in udobje med uporabo v\nprimeru brez pi\u0161kotkov precej okrnjena.<\/p>\n\n\n\n<p>Glede upravljanja\npi\u0161kotkov za spletno ogla\u0161evanje podjetij izveste ve\u010d na ameri\u0161ki strani\nwww.aboutads.info\/choices\/ ali evropski strani\nwww.youronlinechoices.com\/uk\/your-ad-choices\/.<\/p>\n\n\n\n<p class=\"has-medium-font-size\">5. Vklju\u010devanje storitev in vsebin tretjih\noseb<\/p>\n\n\n\n<p>V okviru te spletne ponudbe so redno vklju\u010dene vsebine tretjih oseb, kot so na primer videoposnetki iz YouTuba, zemljevidi iz Mapbox, viri RSS ali grafike iz drugih spletnih mest. To pomeni, da ponudniki teh vsebin (v nadaljevanju \u00bbtretji ponudnik\u00ab) prepoznajo uporabnikov naslov IP. Saj brez naslova IP svoje vsebine ne bi mogli poslati v uporabnikov brskalnik. Zato je za prikaz teh vsebin naslov IP nujno potreben. Vklju\u010dujemo le tisto vsebino tretjih ponudnikov, ki lahko zagotovijo varno obdelavo va\u0161ih podatkov.<\/p>\n\n\n\n<p class=\"has-medium-font-size\">6. Pravica do dostopa, izbrisa, preklica<\/p>\n\n\n\n<p>Pravico imate dostopati do vseh osebnih podatkov, ki so shranjeni o vas. Poleg tega imate pravico do popravka neto\u010dnih podatkov, kot tudi izbrisa podatkov, ki niso ve\u010d potrebni, v kolikor obveznost shranjevanja podatkov zaradi druge pravne ureditve ne obstaja ve\u010d. V teh primerih imate pravico do preklica. Prav tako imate na voljo pravico do vlo\u017eitve prito\u017ebe pri pristojnem nadzornem organu.<\/p>\n\n\n\n<p class=\"has-medium-font-size\"><\/p>\n\n\n\n<p class=\"has-medium-font-size\">7. Uporaba Facebook Pixla<\/p>\n\n\n\n<p>Spletno mesto uporablja \u00bbFacebook-Pixel\u00ab dru\u017ebenega omre\u017eja Facebook, ki ga upravlja dru\u017eba Facebook Inc., 1 Hacker Way, Menlo Park, CA 94025, ZDA, oz. Facebook Ireland Ltd., 4 Grand Canal Square, Grand Canal Harbour, Dublin 2, Irska, v kolikor je uporabnik rezident EU.<\/p>\n\n\n\n<p>S pomo\u010djo Facebook-Pixels lahko Facebook dolo\u010di obiskovalce na\u0161e spletne ponudbe kot ciljno skupino za prikaz oglasov (t.i. \u00bbFacebook-Ads\u00ab). Posledi\u010dno smo uporabili Facebook-Pixel, da bi lahko Facebook-Ads, ki jih imamo vklopljene, prikazali samo tistim Facebookovim uporabnikom, ki jih zanima tudi na\u0161a spletna ponudba, oziroma so pokazali zanimanje za dolo\u010dene elemente (npr. jih zanimajo dolo\u010dene teme ali izdelki, kar se ugotovi z obiskanimi spletnimi stranmi), ki jih posredujemo Facebook-u (t.i. \u00bbCustom Audiences\u00ab). S pomo\u010djo Facebook-Pixels \u017eelimo poskrbeti tudi za to, da na\u0161i Facebook-Ads izpolnjujejo morebitno zanimanje uporabnika in ne delujejo nadle\u017eno. S pomo\u010djo Facebook-Pixels lahko nadalje pridobimo u\u010dinkovitost Facebookovih oglasov za statisti\u010dne namene in namene tr\u017enih raziskav, tako da vidimo, ali so uporabniki po kliku na Facebookov oglas preusmerjeni na na\u0161e spletno mesto (t.i. \u00bbConversion\u00ab).<\/p>\n\n\n\n<p>Obdelava podatkov, ki jo opravi Facebook, se izvaja v okviru Facebookove politike o uporabi podatkov. Skladno z napotki o prikazu Facebook-Ads, v okviru Facebookove politike o uporabi podatkov. Posebne informacije in podrobnosti glede Facebook-Pixel in njegove funkcionalnosti najdete v Facebookovem obmo\u010dju za pomo\u010d. Uporaba Facebook-Pixel ter shranjevanje pi\u0161kotkov \u00bbConversion-Cookies\u00ab poteka na podlagi \u010dlena 6 (1)(a) splo\u0161ne uredbe o varstvu podatkov. <\/p>\n\n\n\n<p>Uporabnik lahko nasprotuje zbiranju podatkov s strani Facebook-Pixel in uporabi njegovih podatkov za prikazovanje Facebook-Ads. Za prilagoditev vrste prikazov na Facebooku lahko prikli\u010de namensko Facebookovo stran in tam sledi napotkom za nastavitev ogla\u0161evanja na podlagi uporabe.  Nastavitve so neodvisne od platforme, kar pomeni, da se privzamejo za vse naprave, kot je npr. osebni ra\u010dunalnik ali mobilne naprave. Uporabnik lahko nasprotuje uporabi pi\u0161kotov, namenjenih merjenju dometa in reklamnim namenom, prek strani za deaktivacijo pobude za omre\u017eno ogla\u0161evanje in tudi prek ameri\u0161ke strani aboutads.info oziroma evropske strani youronlinechoices.com.<\/p>\n\n\n\n<p class=\"has-medium-font-size\"><\/p>\n\n\n\n<p class=\"has-medium-font-size\">8. Facebook Plug-In <\/p>\n\n\n\n<p>Facebook Plug-In spada pod podjetje Facebook Ireland Ltd., 4 Grand Canal Square, Grand Canal Harbour, Dublin 2, Irska. Ko obi\u0161\u010dete to spletno mesto, se prek vti\u010dnika vzpostavi povezava s Facebookovimi stre\u017eniki. Na ta na\u010din Facebook pridobi va\u0161 naslov IP in podatek, da ste obiskali to spletno mesto. \u010ce ste v tistem trenutku prijavljeni v svoj Facebookov ra\u010dun in kliknete gumb \u00bbV\u0161e\u010d mi je\u00ab, lahko vsebine na\u0161ih strani pove\u017eete na svoj Facebookov profil. Facebook lahko potem obisk na\u0161ih strani pove\u017ee z va\u0161im uporabni\u0161kim ra\u010dunom. Dodatne informacije so na voljo na spletni strani <a href=\"http:\/\/developers.facebook.com\/docs\/plugins\" target=\"_blank\" rel=\"noreferrer noopener\">http:\/\/developers.facebook.com\/docs\/plugins<\/a>. <\/p>\n\n\n\n<p class=\"has-medium-font-size\">9. YouTube Plug-In <\/p>\n\n\n\n<p>YouTube je del podjetja Google Inc. 1600 Amphitheatre Parkway, Mountain View, Ca 94043 ZDA. \u010ce kliknete na vgrajeni video na na\u0161i spletni strani, je va\u0161 naslov IP posredovan YouTubu. \u010ce ste v tistem trenutku prijavljeni v YouTube, bodo ti podatki dodeljeni va\u0161emu uporabni\u0161kemu ra\u010dunu. Dodatne informacije so na voljo na spletni strani <a href=\"http:\/\/www.google.de\/intl\/de\/policies\/privacy\/\" target=\"_blank\" rel=\"noreferrer noopener\">www.google.de\/intl\/de\/policies\/privacy\/<\/a>. <\/p>\n\n\n\n<p class=\"has-medium-font-size\">10. Instagram Plug-In <\/p>\n\n\n\n<p>Instagramov vti\u010dnik je del podjetja Instagram Inc., 1601 Willow Road, Menlo Park, CA, 94025, ZDA. \u010ce ste prijavljeni v svoj Instagram ra\u010dun , lahko s klikom na gumb za Instagram vsebino na\u0161ih strani pove\u017eete s svojim Instagramovim profilom. Instagram lahko potem obisk na\u0161ih strani pove\u017ee z va\u0161im uporabni\u0161kim ra\u010dunom. Dodatne informacije so na voljo na spletni strani <a href=\"http:\/\/instagram.com\/about\/legal\/privacy\/\" target=\"_blank\" rel=\"noreferrer noopener\">http:\/\/instagram.com\/about\/legal\/privacy\/<\/a>. <\/p>\n\n\n\n<p class=\"has-medium-font-size\">11. Google+ Plug-In <\/p>\n\n\n\n<p>Google+ je del podjetja Google Inc. 1600 Amphitheatre Parkway, Mountain View, Ca 94043 ZDA. Ko obi\u0161\u010dete to spletno mesto, se prek vti\u010dnika vzpostavi povezava z Googlovimi stre\u017eniki. Google prenese vsebino gumba \u00bb+1\u00ab v va\u0161 brsalnik. \u010ce ste v tistem trenutku prijavljeni v svoj ra\u010dun Google+, Google pridobi va\u0161 naslov IP in podatek, da ste obiskali to spletno mesto. Dodatne informacije so na voljo na spletni strani <a href=\"https:\/\/developers.google.com\/+\/web\/buttons-policy\" target=\"_blank\" rel=\"noreferrer noopener\">https:\/\/developers.google.com\/+\/web\/buttons-policy<\/a>. <\/p>\n\n\n\n<p class=\"has-medium-font-size\">12. Matomo<\/p>\n\n\n\n<p>Z va\u0161im soglasjem uporabljamo odprtokodno programsko opremo Matomo za analizo in statisti\u010dno ovrednotenje uporabe spletnega mesta. Pri tem se uporabljajo pi\u0161kotki. Informacije, pridobljene s tem, kako uporabljate spletno mesto, se izklju\u010dno prena\u0161ajo na na\u0161e stre\u017enike in zdru\u017eujejo v psevdonimne uporabni\u0161ke profile. Podatke uporabljamo za oceno uporabe spletnega mesta. Posredovanje zbranih podatkov tretjim osebam se ne izvaja.<\/p>\n\n\n\n<p>IP naslovi se anonimizirajo (IPMasking), kar pomeni, da jih ni mogo\u010de povezati z posameznimi uporabniki.<\/p>\n\n\n\n<p>Obdelava podatkov temelji na \u010dlenu 6(1)(a) Splo\u0161ne uredbe o varstvu podatkov (GDPR). S tem sledimo na\u0161emu zakonitemu interesu po optimizaciji na\u0161e spletne strani za na\u0161o zunanjo predstavitev.<\/p>\n\n\n\n<p>Svoje soglasje lahko kadarkoli prekli\u010dete tako, da izbri\u0161ete pi\u0161kotke v svojem brskalniku ali spremenite svoje nastavitve zasebnosti.<\/p>\n\n\n\n<p class=\"has-medium-font-size\">13. MapBox<\/p>\n\n\n\n<p>(1) Uporabljamo MapBox API, storitev podjetja MapBox Inc. (naslov: 740 15th Street NW, 5th Floor, Washington, District of Columbia 20005, ZDA), v nadaljevanju imenovanega samo \u00bbMapBox\u00ab. MapBox uporabljamo za vizualno predstavitev geografskih podatkov. V primeru uporabe storitve MapBox, MapBox pridobiva, obdela in uporabi uporabni\u0161ke podatke, pridobljene z uporabo funkcije zemljevida.<\/p>\n\n\n\n<p>(2) S certifikatom po zasebnostnem \u0161\u010ditu EU-ZDA (\u00bbEU-US Privacy Shield\u00ab) MapBox zagotavlja, da se zahteve EU glede varstva podatkov spo\u0161tuje tudi pri obdelavi podatkov v ZDA. Pravna podlaga je \u010dlen 6 (1)(f) splo\u0161ne uredbe o varstvu podatkov. Na\u0161 pravni interes predstavlja optimizacija funkcionalnosti na\u0161ega internetnega nastopa.<\/p>\n\n\n\n<p>(3) Ko prikli\u010dete na\u0161e internetne strani, ki so povezane v storitev MapBox, MapBox prek va\u0161ega internetnega brskalnika v va\u0161o kon\u010dno napravo shrani pi\u0161kotek. Na ta na\u010din se informacije o va\u0161i uporabi na\u0161ega internetnega nastopa, vklju\u010dno z va\u0161im naslovom IP, prenesejo in shranijo na MapBoxov stre\u017enik v ZDA. Te podatke se nato obdela za namene prikaza spletnega mesta oz. zagotavljanja funkcionalnosti storitve MapBox. Te podatke bo MapBox morda posredoval tretjim osebam, \u010de je to zakonsko predpisano, oziroma \u010de v imenu podjetja MapBox podatke obdelujejo tretje osebe.<\/p>\n\n\n\n<p>(5) \u00bbTerms of Service\u00ab, ki jih ima MapBox na spletni strani <a href=\"https:\/\/www.mapbox.com\/tos\/#maps\">https:\/\/www.mapbox.com\/tos\/#maps<\/a>, vsebujejo dodatne informacije glede uporabe MapBoxa in podatkov, ki jih zahteva MapBox.<\/p>\n\n\n\n<p>(6) V kolikor se s to obdelavo podatkov ne strinjate, imate mo\u017enost, da prek ustreznih nastavitev v svojem brskalniku prepre\u010dite namestitev pi\u0161kotkov. Podrobnosti o tem najdete pod to\u010dko \u00bbCookies\u00ab. V tem primeru uporaba storitve MapBox na na\u0161ih spletnih straneh ni ve\u010d mogo\u010da.<\/p>\n\n\n\n<p>(7) Poleg tega podaja MapBox na spletni strani <a href=\"https:\/\/www.mapbox.com\/privacy\/\">https:\/\/www.mapbox.com\/privacy\/<\/a> dodatne informacije o zbiranju in uporabi podatkov ter va\u0161ih pravicah in mo\u017enostih za za\u0161\u010dito va\u0161e zasebnosti.<\/p>\n\n\n\n<p class=\"has-medium-font-size\">14. Twitter Plug-In<\/p>\n\n\n\n<p>Na na\u0161ih straneh se nahajajo funkcije storitve Twitter. Te funkcije zagotavlja podjetje Twitter Inc., 795 Folsom St., Suite 600, San Francisco, CA 94107, ZDA. Z uporabo storitve Twitter in funkcije \u00bbRe-Tweet\u00ab se z va\u0161im ra\u010dunom Twitter pove\u017eejo strani, ki ste jih obiskali, in poka\u017eejo drugim uporabnikom Twitterja. Pri tem se Twitterju prenesejo tudi podatki.<\/p>\n\n\n\n<p>Opozarjamo na to, da kot ponudnik strani ne poznamo vsebine posredovanih podatkov in tudi ne namena, za katerega jih Twitter uporablja. Dodatne informacije so na voljo v izjavi o varstvu podatkov podjetja Twitter.<\/p>\n\n\n\n<p>Svoje nastavitve zasebnosti pri Twitterju lahko spremenite v nastavitvah ra\u010duna.<\/p>\n\n\n\n<p class=\"has-medium-font-size\">15. Obdelava podatkov pri vzpostavitvi stika<\/p>\n\n\n\n<p>V primeru vzpostavitve\nstika s Trummerjem (na primer prek obrazca za stik ali e-po\u0161te) se bodo\nshranili podatki uporabnika za namen obdelave povpra\u0161evanja in tudi za primer\ndodatnih vpra\u0161anj.<\/p>\n\n\n\n<p class=\"has-medium-font-size\">16. Na\u010dela obdelave osebnih podatkov<\/p>\n\n\n\n<p>Obdelava osebnih podatkov\ntemelji na trdnih na\u010delih, katerih najpomembnej\u0161a vrednota so za\u0161\u010dita in\nvarstvo podatkov ter pravice posameznikov.<\/p>\n\n\n\n<p><em>16.1 Zakonitost in transparentnost<\/em><\/p>\n\n\n\n<p>Obdelava podatkov se\nizvaja zakonito in po\u0161teno. Posameznik bo pri zbiranju podatkov obve\u0161\u010den o\nna\u010drtovani obdelavi in ravnanju s podatki. Na ta na\u010din bodo posamezniki\nobve\u0161\u010deni vsaj v zvezi z naslednjim:<\/p>\n\n\n\n<p>*odgovorni obdelavi\npodatkov;<\/p>\n\n\n\n<p>*namenu obdelave\npodatkov;<\/p>\n\n\n\n<p>*pravni podlagi za\nobdelavo podatkov.<\/p>\n\n\n\n<p>16<em>.2 Omejitev namena<\/em><\/p>\n\n\n\n<p>Podatki bodo zbrani in\nobdelani za dolo\u010dene, jasne in zakonite namene. Obdelava podatkov se ne bo\nizvedla na na\u010din in v namen, ki ni dogovorjen.<\/p>\n\n\n\n<p><em>16.3 Najmanj\u0161i obseg podatkov<\/em><\/p>\n\n\n\n<p>Zbrani in obdelani bodo\nsamo tisti podatki, ki so obvezni za navedeni namen. V primeru, da je za izvedbo\nnamena mogo\u010de in razumno, bodo uporabljeni samo anonimizirani podatki.<\/p>\n\n\n\n<p>16<em>.4 Omejitve shranjevanja in izbris<\/em><\/p>\n\n\n\n<p>Osebni podatki bodo\nizbrisani takoj, ko zapade namen, za katerega so bili prvotno zbrani, in ni\nzakonskih obveznosti za hrambo podatkov.<\/p>\n\n\n\n<p>Kadar obstajajo posami\u010dni\nprimeri zakonitih interesov glede hrambe teh podatkov, bodo podatki ostali\nshranjeni, dokler teh interesov ne bo ve\u010d.<\/p>\n\n\n\n<p><em>16.5 Varnost podatkov<\/em><\/p>\n\n\n\n<p>Osebni podatki so zaupni\npodatki. S podatki ravnamo zaupno in z ustreznimi organizacijskimi in tehni\u010dnimi\nukrepi skrbimo za to, da prepre\u010dimo nepoobla\u0161\u010deni dostop, nezakonito\nmanipulacijo ali posredovanje ter izgubo in uni\u010denje teh podatkov.<\/p>\n\n\n\n<p><em>16.6 Vsebinska pravilnost<\/em><\/p>\n\n\n\n<p>Osebni podatki morajo\nbiti pravilni, popolni in aktualni. Z ustreznimi ukrepi skrbimo za popravilo\nzastaranih, nepravilnih ali nepopolnih podatkov.<\/p>\n\n\n\n<p class=\"has-medium-font-size\">17. Zagotavljanje varovanja podatkov<\/p>\n\n\n\n<p>Vsi zaposleni pri\nTrummerju so pogodbeno zavezani k varovanju podatkov in jih redno opominjamo in\nusposabljamo glede varnega rokovanja z osebnimi podatki in drugimi kriti\u010dnimi\npodatki.<\/p>\n","protected":false},"excerpt":{"rendered":"<p>Izjava o varstvu podatkov Veseli nas, da se zanimate za na\u0161e spletno mesto. Va\u0161a zasebnost je za nas izjemno pomembna. V nadaljevanju najdete obse\u017ene informacije o tem, kako ravnamo z va\u0161imi podatki. 1. Podro\u010dje uporabe Ta izjava o varstvu podatkov uporabniku razlo\u017ei na\u010din, podro\u010dje in namen pridobivanja in uporabe osebnih podatkov, ki jih izvaja dru\u017eba [&hellip;]<\/p>\n","protected":false},"author":9,"featured_media":0,"parent":0,"menu_order":0,"comment_status":"closed","ping_status":"closed","template":"","meta":{"_acf_changed":false,"footnotes":""},"class_list":["post-521","page","type-page","status-publish","hentry"],"acf":[],"yoast_head":"<!-- This site is optimized with the Yoast SEO plugin v26.8 - https:\/\/yoast.com\/product\/yoast-seo-wordpress\/ -->\n<title>Izjava o varstvu podatkov - Trummer Slovenia<\/title>\n<meta name=\"robots\" content=\"index, follow, max-snippet:-1, max-image-preview:large, max-video-preview:-1\" \/>\n<link rel=\"canonical\" href=\"https:\/\/trummer.edd-studio.de\/sl\/datenschutz\" \/>\n<meta property=\"og:locale\" content=\"en_US\" \/>\n<meta property=\"og:type\" content=\"article\" \/>\n<meta property=\"og:title\" content=\"Izjava o varstvu podatkov - Trummer Slovenia\" \/>\n<meta property=\"og:description\" content=\"Izjava o varstvu podatkov Veseli nas, da se zanimate za na\u0161e spletno mesto. Va\u0161a zasebnost je za nas izjemno pomembna. V nadaljevanju najdete obse\u017ene informacije o tem, kako ravnamo z va\u0161imi podatki. 1. Podro\u010dje uporabe Ta izjava o varstvu podatkov uporabniku razlo\u017ei na\u010din, podro\u010dje in namen pridobivanja in uporabe osebnih podatkov, ki jih izvaja dru\u017eba [&hellip;]\" \/>\n<meta property=\"og:url\" content=\"https:\/\/trummer.edd-studio.de\/sl\/datenschutz\" \/>\n<meta property=\"og:site_name\" content=\"Trummer Slovenia\" \/>\n<meta property=\"article:modified_time\" content=\"2025-03-24T08:04:23+00:00\" \/>\n<meta name=\"twitter:card\" content=\"summary_large_image\" \/>\n<meta name=\"twitter:label1\" content=\"Est. reading time\" \/>\n\t<meta name=\"twitter:data1\" content=\"9 minutes\" \/>\n<script type=\"application\/ld+json\" class=\"yoast-schema-graph\">{\"@context\":\"https:\/\/schema.org\",\"@graph\":[{\"@type\":\"WebPage\",\"@id\":\"https:\/\/trummer.edd-studio.de\/sl\/datenschutz\",\"url\":\"https:\/\/trummer.edd-studio.de\/sl\/datenschutz\",\"name\":\"Izjava o varstvu podatkov - Trummer Slovenia\",\"isPartOf\":{\"@id\":\"https:\/\/trummer.edd-studio.de\/sl\/#website\"},\"datePublished\":\"2019-03-15T10:56:09+00:00\",\"dateModified\":\"2025-03-24T08:04:23+00:00\",\"breadcrumb\":{\"@id\":\"https:\/\/trummer.edd-studio.de\/sl\/datenschutz#breadcrumb\"},\"inLanguage\":\"en-US\",\"potentialAction\":[{\"@type\":\"ReadAction\",\"target\":[\"https:\/\/trummer.edd-studio.de\/sl\/datenschutz\"]}]},{\"@type\":\"BreadcrumbList\",\"@id\":\"https:\/\/trummer.edd-studio.de\/sl\/datenschutz#breadcrumb\",\"itemListElement\":[{\"@type\":\"ListItem\",\"position\":1,\"name\":\"Startseite\",\"item\":\"https:\/\/trummer.edd-studio.de\/sl\/\"},{\"@type\":\"ListItem\",\"position\":2,\"name\":\"Izjava o varstvu podatkov\"}]},{\"@type\":\"WebSite\",\"@id\":\"https:\/\/trummer.edd-studio.de\/sl\/#website\",\"url\":\"https:\/\/trummer.edd-studio.de\/sl\/\",\"name\":\"Trummer Slovenia\",\"description\":\"Trummer | Die besten Jobs seit 1987.\",\"potentialAction\":[{\"@type\":\"SearchAction\",\"target\":{\"@type\":\"EntryPoint\",\"urlTemplate\":\"https:\/\/trummer.edd-studio.de\/sl\/?s={search_term_string}\"},\"query-input\":{\"@type\":\"PropertyValueSpecification\",\"valueRequired\":true,\"valueName\":\"search_term_string\"}}],\"inLanguage\":\"en-US\"}]}<\/script>\n<!-- \/ Yoast SEO plugin. -->","yoast_head_json":{"title":"Izjava o varstvu podatkov - Trummer Slovenia","robots":{"index":"index","follow":"follow","max-snippet":"max-snippet:-1","max-image-preview":"max-image-preview:large","max-video-preview":"max-video-preview:-1"},"canonical":"https:\/\/trummer.edd-studio.de\/sl\/datenschutz","og_locale":"en_US","og_type":"article","og_title":"Izjava o varstvu podatkov - Trummer Slovenia","og_description":"Izjava o varstvu podatkov Veseli nas, da se zanimate za na\u0161e spletno mesto. Va\u0161a zasebnost je za nas izjemno pomembna. V nadaljevanju najdete obse\u017ene informacije o tem, kako ravnamo z va\u0161imi podatki. 1. Podro\u010dje uporabe Ta izjava o varstvu podatkov uporabniku razlo\u017ei na\u010din, podro\u010dje in namen pridobivanja in uporabe osebnih podatkov, ki jih izvaja dru\u017eba [&hellip;]","og_url":"https:\/\/trummer.edd-studio.de\/sl\/datenschutz","og_site_name":"Trummer Slovenia","article_modified_time":"2025-03-24T08:04:23+00:00","twitter_card":"summary_large_image","twitter_misc":{"Est. reading time":"9 minutes"},"schema":{"@context":"https:\/\/schema.org","@graph":[{"@type":"WebPage","@id":"https:\/\/trummer.edd-studio.de\/sl\/datenschutz","url":"https:\/\/trummer.edd-studio.de\/sl\/datenschutz","name":"Izjava o varstvu podatkov - Trummer Slovenia","isPartOf":{"@id":"https:\/\/trummer.edd-studio.de\/sl\/#website"},"datePublished":"2019-03-15T10:56:09+00:00","dateModified":"2025-03-24T08:04:23+00:00","breadcrumb":{"@id":"https:\/\/trummer.edd-studio.de\/sl\/datenschutz#breadcrumb"},"inLanguage":"en-US","potentialAction":[{"@type":"ReadAction","target":["https:\/\/trummer.edd-studio.de\/sl\/datenschutz"]}]},{"@type":"BreadcrumbList","@id":"https:\/\/trummer.edd-studio.de\/sl\/datenschutz#breadcrumb","itemListElement":[{"@type":"ListItem","position":1,"name":"Startseite","item":"https:\/\/trummer.edd-studio.de\/sl\/"},{"@type":"ListItem","position":2,"name":"Izjava o varstvu podatkov"}]},{"@type":"WebSite","@id":"https:\/\/trummer.edd-studio.de\/sl\/#website","url":"https:\/\/trummer.edd-studio.de\/sl\/","name":"Trummer Slovenia","description":"Trummer | Die besten Jobs seit 1987.","potentialAction":[{"@type":"SearchAction","target":{"@type":"EntryPoint","urlTemplate":"https:\/\/trummer.edd-studio.de\/sl\/?s={search_term_string}"},"query-input":{"@type":"PropertyValueSpecification","valueRequired":true,"valueName":"search_term_string"}}],"inLanguage":"en-US"}]}},"_links":{"self":[{"href":"https:\/\/trummer.edd-studio.de\/sl\/wp-json\/wp\/v2\/pages\/521","targetHints":{"allow":["GET"]}}],"collection":[{"href":"https:\/\/trummer.edd-studio.de\/sl\/wp-json\/wp\/v2\/pages"}],"about":[{"href":"https:\/\/trummer.edd-studio.de\/sl\/wp-json\/wp\/v2\/types\/page"}],"author":[{"embeddable":true,"href":"https:\/\/trummer.edd-studio.de\/sl\/wp-json\/wp\/v2\/users\/9"}],"replies":[{"embeddable":true,"href":"https:\/\/trummer.edd-studio.de\/sl\/wp-json\/wp\/v2\/comments?post=521"}],"version-history":[{"count":12,"href":"https:\/\/trummer.edd-studio.de\/sl\/wp-json\/wp\/v2\/pages\/521\/revisions"}],"predecessor-version":[{"id":2516,"href":"https:\/\/trummer.edd-studio.de\/sl\/wp-json\/wp\/v2\/pages\/521\/revisions\/2516"}],"wp:attachment":[{"href":"https:\/\/trummer.edd-studio.de\/sl\/wp-json\/wp\/v2\/media?parent=521"}],"curies":[{"name":"wp","href":"https:\/\/api.w.org\/{rel}","templated":true}]}}