{"id":519,"date":"2019-03-15T11:55:55","date_gmt":"2019-03-15T10:55:55","guid":{"rendered":"https:\/\/trummer.eu\/at\/?page_id=519"},"modified":"2025-03-24T09:05:38","modified_gmt":"2025-03-24T08:05:38","slug":"impressum","status":"publish","type":"page","link":"https:\/\/trummer.edd-studio.de\/sl\/impressum","title":{"rendered":"Kolofon"},"content":{"rendered":"\n<p class=\"has-huge-font-size\">Kolofon<\/p>\n\n\n\n<h3 class=\"wp-block-heading\">Naziv podjetja<\/h3>\n\n\n\n<p>Trummer kadrovska agencija, d.o.o.<\/p>\n\n\n\n<h3 class=\"wp-block-heading\">Sede\u017e podjetja<\/h3>\n\n\n\n<p>Beloruska ulica 5, 2000 Maribor<\/p>\n\n\n\n<h3 class=\"wp-block-heading\">Stik<\/h3>\n\n\n\n<p>Telefon:   +386 (0) 26 21 32 10 <br>Faks:         +386 (0) 26 213 212 <br>E-po\u0161ta:    <a href=\"mailto:Team.maribor@trummer.eu\">Team.maribor@trummer.eu<\/a><\/p>\n\n\n\n<h3 class=\"wp-block-heading\">Pravna oblika<\/h3>\n\n\n\n<p>d.o.o.<\/p>\n\n\n\n<h3 class=\"wp-block-heading\">ID za DDV<\/h3>\n\n\n\n<p>SI58472053<\/p>\n\n\n\n<h3 class=\"wp-block-heading\">Mati\u010dna \u0161tevilka podjetja<\/h3>\n\n\n\n<p>FN: 6216544000<\/p>\n\n\n\n<h3 class=\"wp-block-heading\">Zastopnik<\/h3>\n\n\n\n<p>Rudolf Trummer, Direktor<\/p>\n\n\n\n<h3 class=\"wp-block-heading\">Izklju\u010ditev jamstva<\/h3>\n\n\n\n<h3 class=\"wp-block-heading\">Jamstvo za vsebine <\/h3>\n\n\n\n<p>Vsebine na\u0161ih strani so bile pripravljene in so nadzorovane z najve\u010djo skrbnostjo. Vendar za pravilnost, popolnost in aktualnost vsebine ne moremo jam\u010diti. <\/p>\n\n\n\n<p>\u010ce so na tem spletnem mestu uporabljeni izrazi za ozna\u010devanje mo\u0161kih in \u017eensk, to zajema oba spola. <\/p>\n\n\n\n<h3 class=\"wp-block-heading\">Jamstvo za povezave<\/h3>\n\n\n\n<p>Na\u0161a ponudba vsebuje povezave na zunanje spletne strani tretjih, na katerih vsebino ne moremo vplivati. Zato za te tuje vsebine ne jam\u010dimo. Za vsebine povezanih strani so odgovorni posamezni ponudniki ali upravljavci teh strani. Povezane strani so bile preverjene glede morebitnih kr\u0161itev zakonov v \u010dasu namestitve povezave. Protipravne vsebine v trenutku namestitve povezave niso bile prepoznavne. Trajno vsebinsko preverjanje povezanih strani brez konkretnih namigov o kr\u0161itvi zakonov ni mogo\u010de. V primeru, da smo s kr\u0161itvami zakonov seznanjeni, bomo tak\u0161ne povezave nemudoma odstranili.<\/p>\n\n\n\n<h3 class=\"wp-block-heading\">Avtorske pravice <\/h3>\n\n\n\n<p>Za vsebine, ki jih je pripravil upravljavec spletnih strani, in dela, objavljena na teh straneh, velja avstrijsko avtorsko pravo. Za razmno\u017eevanje, obdelavo, \u0161irjenje in vsakr\u0161no obliko uporabe zunaj meja avtorskega prava je potrebno pisno soglasje posameznega avtorja ali izdelovalca. Snemanja in kopije te spletne strani so dovoljene samo za zasebno, nekomercionalno uporabo. \u010ce vsebin na tej spletni strani ni pripravil upravljavec, se upo\u0161tevajo avtorske pravice tretjih. Zlasti so vsebine tretjih kot tak\u0161ne tudi ozna\u010dene. \u010ce kljub temu opazite kr\u0161enje avtorskih pravic, vas prosimo, da nas o tem ustrezno obvestite. V primeru, da smo s kr\u0161itvami zakonov seznanjeni, bomo tak\u0161ne vsebine nemudoma odstranili. <\/p>\n\n\n\n<h3 class=\"wp-block-heading\">Pravice slikovnega gradiva<\/h3>\n\n\n\n<p>To spletno mesto uporablja Google Analytics, slu\u017ebo za spletno analizo podjetja Google Inc. (\u201eGoogle\u201c). Google Analytics uporablja tako imenovane \u201epi\u0161kotke\u201c, besedilne datoteke, ki se shranijo na va\u0161 ra\u010dunalnik in omogo\u010dajo analizo uporabe spletnega mesta. Informacije o va\u0161i uporabi tega spletnega mesta (vklju\u010dno z va\u0161im IP-naslovom), pridobljene s pi\u0161kotkom, se prenesejo na stre\u017enik podjetja Google v ZDA in se tam shranijo. Google bo te informacije uporabil za vrednotenje va\u0161e uporabe tega spletnega mesta, pripravo poro\u010dil o dejavnostih na spletni strani in za druge storitve v zvezi z uporabo spletnega mesta in interneta. Google bo te informacije po potrebi poslal tudi tretjim, \u010de je to zakonsko predpisano ali \u010de tretji obdelujejo te podatke v imenu podjetja Google. Google v nobenem primeru ne bo povezal va\u0161ega IP-naslova z drugimi podatki podjetja Google. Shranjevanje pi\u0161kotkov lahko prepre\u010dite z ustreznimi nastavitvami v programski opremi svojega brskalnika; vendar vas opozarjamo, da v tem primeru morda ne boste mogli v celoti uporabljati vseh funkcij tega spletnega mesta. Z uporabo tega spletnega mesta se strinjate z obdelavo pridobljenih podatkov o vas s strani podjetja Google in predhodno opisanim na\u010dinom ter predhodno navedenim namenom. <\/p>\n\n\n\n<p class=\"has-medium-font-size\">Facebook Pixel<\/p>\n\n\n\n<p>Na tej spletni strani uporabljamo Facebook Pixel podjetja Facebook, dru\u017ebeno omre\u017eje podjetja Facebook Ireland Ltd., 4 Grand Canal Square, Grand Canal Harbour, Dublin 2 Ireland.<\/p>\n\n\n\n<p>Facebook Pixel je koda, dodana na spletni strani za ogla\u0161evanje ter spremlja obiske na strani, sledi kateri uporabniki so se odzvali na oglase, pustili svoje podatke, poslali povpra\u0161evanja itd. Facebook pixel ob vsakr\u0161nem nalaganju zbira tri vrste podatkov:<\/p>\n\n\n\n<ul class=\"wp-block-list\">\n<li>Http naslove in IP naslove.<\/li>\n\n\n\n<li>Pixel \u2013 specifi\u010dne podatke, kar vklju\u010duje tudi pixlovo ID \u0161tevilko in Facebookov pi\u0161kotek.<\/li>\n\n\n\n<li>Druge (opcijske ) parametre.<\/li>\n<\/ul>\n\n\n\n<p>Ve\u010d o uporabi Facebook-Pixel oglasne kampanje lahko izveste na: <br><a href=\"https:\/\/www.facebook.com\/business\/learn\/facebook-ads-pixel\">https:\/\/www.facebook.com\/business\/learn\/facebook-ads-pixel<\/a><\/p>\n\n\n\n<p>Va\u0161e nastavitve za prikazovanje oglasov lahko spremenite ob prijavi na Facebook in sicer na: <a href=\"https:\/\/www.facebook.com\/ads\/preferences\/?entry_product=ad_settings_screen\">https:\/\/www.facebook.com\/ads\/preferences\/?entry_product=ad_settings_screen<\/a><\/p>\n\n\n\n<p>Na <a href=\"http:\/\/www.youronlinechoices.com\/de\/praferenzmanagement\/\">http:\/\/www.youronlinechoices.com\/de\/praferenzmanagement\/<\/a> lahko va\u0161e nastavitve glede spletnega ogla\u0161evanja vnaprej prilagodite v smislu deaktiviranja in aktiviranja posameznih ponudnikov.<\/p>\n\n\n\n<p>Ve\u010d informacij o varovanju podatkov na Facebook-u najdete na: <a href=\"https:\/\/www.facebook.com\/policy.php\">https:\/\/www.facebook.com\/policy.php<\/a>.<\/p>\n\n\n\n<p>Vir:  Datenschutz Generator von firmenwebseiten.at v sodelovanju z gartenundblumen.at<\/p>\n","protected":false},"excerpt":{"rendered":"<p>Kolofon Naziv podjetja Trummer kadrovska agencija, d.o.o. Sede\u017e podjetja Beloruska ulica 5, 2000 Maribor Stik Telefon: +386 (0) 26 21 32 10 Faks: +386 (0) 26 213 212 E-po\u0161ta: Team.maribor@trummer.eu Pravna oblika d.o.o. ID za DDV SI58472053 Mati\u010dna \u0161tevilka podjetja FN: 6216544000 Zastopnik Rudolf Trummer, Direktor Izklju\u010ditev jamstva Jamstvo za vsebine Vsebine na\u0161ih strani so [&hellip;]<\/p>\n","protected":false},"author":9,"featured_media":0,"parent":0,"menu_order":0,"comment_status":"closed","ping_status":"closed","template":"","meta":{"_acf_changed":false,"footnotes":""},"class_list":["post-519","page","type-page","status-publish","hentry"],"acf":[],"yoast_head":"<!-- This site is optimized with the Yoast SEO plugin v26.8 - https:\/\/yoast.com\/product\/yoast-seo-wordpress\/ -->\n<title>Kolofon - Trummer Slovenia<\/title>\n<meta name=\"robots\" content=\"index, follow, max-snippet:-1, max-image-preview:large, max-video-preview:-1\" \/>\n<link rel=\"canonical\" href=\"https:\/\/trummer.edd-studio.de\/sl\/impressum\" \/>\n<meta property=\"og:locale\" content=\"en_US\" \/>\n<meta property=\"og:type\" content=\"article\" \/>\n<meta property=\"og:title\" content=\"Kolofon - Trummer Slovenia\" \/>\n<meta property=\"og:description\" content=\"Kolofon Naziv podjetja Trummer kadrovska agencija, d.o.o. Sede\u017e podjetja Beloruska ulica 5, 2000 Maribor Stik Telefon: +386 (0) 26 21 32 10 Faks: +386 (0) 26 213 212 E-po\u0161ta: Team.maribor@trummer.eu Pravna oblika d.o.o. ID za DDV SI58472053 Mati\u010dna \u0161tevilka podjetja FN: 6216544000 Zastopnik Rudolf Trummer, Direktor Izklju\u010ditev jamstva Jamstvo za vsebine Vsebine na\u0161ih strani so [&hellip;]\" \/>\n<meta property=\"og:url\" content=\"https:\/\/trummer.edd-studio.de\/sl\/impressum\" \/>\n<meta property=\"og:site_name\" content=\"Trummer Slovenia\" \/>\n<meta property=\"article:modified_time\" content=\"2025-03-24T08:05:38+00:00\" \/>\n<meta name=\"twitter:card\" content=\"summary_large_image\" \/>\n<meta name=\"twitter:label1\" content=\"Est. reading time\" \/>\n\t<meta name=\"twitter:data1\" content=\"3 minutes\" \/>\n<script type=\"application\/ld+json\" class=\"yoast-schema-graph\">{\"@context\":\"https:\/\/schema.org\",\"@graph\":[{\"@type\":\"WebPage\",\"@id\":\"https:\/\/trummer.edd-studio.de\/sl\/impressum\",\"url\":\"https:\/\/trummer.edd-studio.de\/sl\/impressum\",\"name\":\"Kolofon - Trummer Slovenia\",\"isPartOf\":{\"@id\":\"https:\/\/trummer.edd-studio.de\/sl\/#website\"},\"datePublished\":\"2019-03-15T10:55:55+00:00\",\"dateModified\":\"2025-03-24T08:05:38+00:00\",\"breadcrumb\":{\"@id\":\"https:\/\/trummer.edd-studio.de\/sl\/impressum#breadcrumb\"},\"inLanguage\":\"en-US\",\"potentialAction\":[{\"@type\":\"ReadAction\",\"target\":[\"https:\/\/trummer.edd-studio.de\/sl\/impressum\"]}]},{\"@type\":\"BreadcrumbList\",\"@id\":\"https:\/\/trummer.edd-studio.de\/sl\/impressum#breadcrumb\",\"itemListElement\":[{\"@type\":\"ListItem\",\"position\":1,\"name\":\"Startseite\",\"item\":\"https:\/\/trummer.edd-studio.de\/sl\/\"},{\"@type\":\"ListItem\",\"position\":2,\"name\":\"Kolofon\"}]},{\"@type\":\"WebSite\",\"@id\":\"https:\/\/trummer.edd-studio.de\/sl\/#website\",\"url\":\"https:\/\/trummer.edd-studio.de\/sl\/\",\"name\":\"Trummer Slovenia\",\"description\":\"Trummer | Die besten Jobs seit 1987.\",\"potentialAction\":[{\"@type\":\"SearchAction\",\"target\":{\"@type\":\"EntryPoint\",\"urlTemplate\":\"https:\/\/trummer.edd-studio.de\/sl\/?s={search_term_string}\"},\"query-input\":{\"@type\":\"PropertyValueSpecification\",\"valueRequired\":true,\"valueName\":\"search_term_string\"}}],\"inLanguage\":\"en-US\"}]}<\/script>\n<!-- \/ Yoast SEO plugin. -->","yoast_head_json":{"title":"Kolofon - Trummer Slovenia","robots":{"index":"index","follow":"follow","max-snippet":"max-snippet:-1","max-image-preview":"max-image-preview:large","max-video-preview":"max-video-preview:-1"},"canonical":"https:\/\/trummer.edd-studio.de\/sl\/impressum","og_locale":"en_US","og_type":"article","og_title":"Kolofon - Trummer Slovenia","og_description":"Kolofon Naziv podjetja Trummer kadrovska agencija, d.o.o. Sede\u017e podjetja Beloruska ulica 5, 2000 Maribor Stik Telefon: +386 (0) 26 21 32 10 Faks: +386 (0) 26 213 212 E-po\u0161ta: Team.maribor@trummer.eu Pravna oblika d.o.o. ID za DDV SI58472053 Mati\u010dna \u0161tevilka podjetja FN: 6216544000 Zastopnik Rudolf Trummer, Direktor Izklju\u010ditev jamstva Jamstvo za vsebine Vsebine na\u0161ih strani so [&hellip;]","og_url":"https:\/\/trummer.edd-studio.de\/sl\/impressum","og_site_name":"Trummer Slovenia","article_modified_time":"2025-03-24T08:05:38+00:00","twitter_card":"summary_large_image","twitter_misc":{"Est. reading time":"3 minutes"},"schema":{"@context":"https:\/\/schema.org","@graph":[{"@type":"WebPage","@id":"https:\/\/trummer.edd-studio.de\/sl\/impressum","url":"https:\/\/trummer.edd-studio.de\/sl\/impressum","name":"Kolofon - Trummer Slovenia","isPartOf":{"@id":"https:\/\/trummer.edd-studio.de\/sl\/#website"},"datePublished":"2019-03-15T10:55:55+00:00","dateModified":"2025-03-24T08:05:38+00:00","breadcrumb":{"@id":"https:\/\/trummer.edd-studio.de\/sl\/impressum#breadcrumb"},"inLanguage":"en-US","potentialAction":[{"@type":"ReadAction","target":["https:\/\/trummer.edd-studio.de\/sl\/impressum"]}]},{"@type":"BreadcrumbList","@id":"https:\/\/trummer.edd-studio.de\/sl\/impressum#breadcrumb","itemListElement":[{"@type":"ListItem","position":1,"name":"Startseite","item":"https:\/\/trummer.edd-studio.de\/sl\/"},{"@type":"ListItem","position":2,"name":"Kolofon"}]},{"@type":"WebSite","@id":"https:\/\/trummer.edd-studio.de\/sl\/#website","url":"https:\/\/trummer.edd-studio.de\/sl\/","name":"Trummer Slovenia","description":"Trummer | Die besten Jobs seit 1987.","potentialAction":[{"@type":"SearchAction","target":{"@type":"EntryPoint","urlTemplate":"https:\/\/trummer.edd-studio.de\/sl\/?s={search_term_string}"},"query-input":{"@type":"PropertyValueSpecification","valueRequired":true,"valueName":"search_term_string"}}],"inLanguage":"en-US"}]}},"_links":{"self":[{"href":"https:\/\/trummer.edd-studio.de\/sl\/wp-json\/wp\/v2\/pages\/519","targetHints":{"allow":["GET"]}}],"collection":[{"href":"https:\/\/trummer.edd-studio.de\/sl\/wp-json\/wp\/v2\/pages"}],"about":[{"href":"https:\/\/trummer.edd-studio.de\/sl\/wp-json\/wp\/v2\/types\/page"}],"author":[{"embeddable":true,"href":"https:\/\/trummer.edd-studio.de\/sl\/wp-json\/wp\/v2\/users\/9"}],"replies":[{"embeddable":true,"href":"https:\/\/trummer.edd-studio.de\/sl\/wp-json\/wp\/v2\/comments?post=519"}],"version-history":[{"count":9,"href":"https:\/\/trummer.edd-studio.de\/sl\/wp-json\/wp\/v2\/pages\/519\/revisions"}],"predecessor-version":[{"id":2517,"href":"https:\/\/trummer.edd-studio.de\/sl\/wp-json\/wp\/v2\/pages\/519\/revisions\/2517"}],"wp:attachment":[{"href":"https:\/\/trummer.edd-studio.de\/sl\/wp-json\/wp\/v2\/media?parent=519"}],"curies":[{"name":"wp","href":"https:\/\/api.w.org\/{rel}","templated":true}]}}