{"id":521,"date":"2019-03-15T11:56:09","date_gmt":"2019-03-15T10:56:09","guid":{"rendered":"http:\/\/trummer.eu\/at\/?page_id=521"},"modified":"2025-02-21T08:27:31","modified_gmt":"2025-02-21T07:27:31","slug":"datenschutz","status":"publish","type":"page","link":"https:\/\/trummer.edd-studio.de\/sk\/datenschutz\/","title":{"rendered":"Z\u00e1sady  ochrany osobn\u00fdch \u00fadajov"},"content":{"rendered":"\n<p class=\"has-large-font-size\"><strong><strong>Z\u00e1sady  ochrany osobn\u00fdch \u00fadajov <\/strong><\/strong><\/p>\n\n\n\n<p>V\u00e1\u017eime si v\u00e1\u0161 z\u00e1ujem o na\u0161u webov\u00fa str\u00e1nku. Ochrana v\u00e1\u0161ho s\u00fakromia je pre n\u00e1s ve\u013emi d\u00f4le\u017eit\u00e1. Ni\u017e\u0161ie  v\u00e1s budeme podrobne informova\u0165 o zaobch\u00e1dzan\u00ed s va\u0161imi \u00fadajmi.<\/p>\n\n\n\n<p class=\"has-medium-font-size\">1. Rozsah p\u00f4sobnosti<\/p>\n\n\n\n<p>Toto vyhl\u00e1senie o ochrane \u00fadajov objas\u0148uje typ, rozsah a \u00fa\u010del zhroma\u017e\u010fovania a pou\u017e\u00edvania osobn\u00fdch \u00fadajov spolo\u010dnos\u0165ou Trummer Montage &amp; Personal CZ s.r.o., Karol\u00edny Sv\u011btl\u00e9 2238\/2, 370 04 \u010cesk\u00e9 Bud\u011bjovice, e-mail:\u00a0<a href=\"mailto:team.brno@trummer.eu\"><a href=\"mailto:team.brno@trummer.eu\">team.budejovice@trummer.eu<\/a><\/a>, Telefon: +420 608 825 535\u00a0(\u010falej len Trummer) na tejto webovej str\u00e1nke (\u010falej len \u201ePonuka\u201c). \u00a0Spolo\u010dnos\u0165 Trummer zodpoved\u00e1 za va\u0161e \u00fadaje pod\u013ea z\u00e1kona o ochrane \u00fadajov.<\/p>\n\n\n\n<p class=\"has-medium-font-size\">2. Ulo\u017eenie IP adresy<\/p>\n\n\n\n<p>Ke\u010f nav\u0161t\u00edvite na\u0161u webov\u00fa str\u00e1nku, inform\u00e1cie sa automaticky ulo\u017eia na webov\u00fd server. Patria sem pou\u017eit\u00fd prehliada\u010d, pou\u017eit\u00fd opera\u010dn\u00fd syst\u00e9m, ktor\u00e1 str\u00e1nka v\u00e1s priviedla na n\u00e1\u0161 web, adresa IP, \u010das pr\u00edstupu a \u010fal\u0161ie inform\u00e1cie. Z  poh\u013eadu spolo\u010dnosti Trummer, s\u00fa tieto d\u00e1ta pseudonymizovan\u00e9 a nem\u00f4\u017eu by\u0165 priraden\u00e9 k \u017eiadnej konkr\u00e9tnej osobe bez \u010fal\u0161\u00edch d\u00e1tov\u00fdch zdrojov. Spolo\u010dnos\u0165 Trummer nevyhodnocuje tieto \u00fadaje, pokia\u013e ned\u00f4jde k nez\u00e1konn\u00e9mu pou\u017eitiu webovej str\u00e1nky.<\/p>\n\n\n\n<p class=\"has-medium-font-size\">3.Ulo\u017eenie pr\u00edstupov\u00fdch \u00fadajov do protokolov\u00fdch s\u00faborov servera<\/p>\n\n\n\n<p>Spolo\u010dnos\u0165 Trummer (pr\u00edpadne jeho poskytovate\u013e webov\u00e9ho priestoru) zhroma\u017e\u010fuje \u00fadaje o ka\u017edom pr\u00edstupe k ponuke (takzvan\u00e9 protokolov\u00e9 s\u00fabory servera). Medzi pr\u00edstupov\u00e9 \u00fadaje patria:<\/p>\n\n\n\n<p>N\u00e1zov nav\u0161t\u00edvenej webovej str\u00e1nky, s\u00fabor, d\u00e1tum a \u010das pr\u00edstupu, mno\u017estvo prenesen\u00fdch \u00fadajov, ozn\u00e1menie o \u00faspe\u0161nom pr\u00edstupe, typ a verzia prehliada\u010da, opera\u010dn\u00fd syst\u00e9m pou\u017e\u00edvate\u013ea, adresa URL sprostredkovate\u013ea (predt\u00fdm nav\u0161t\u00edven\u00e1 str\u00e1nka), adresa IP a do\u017eaduj\u00faci poskytovate\u013e.<\/p>\n\n\n\n<p>Spolo\u010dnos\u0165 Trummer pou\u017e\u00edva protokolov\u00e9 s\u00fabory pseudonymizovan\u00e9 iba na \u0161tatistick\u00e9 vyhodnotenie<\/p>\n\n\n\n<p>za \u00fa\u010delom prev\u00e1dzky, bezpe\u010dnosti a optimaliz\u00e1cie ponuky. Poskytovate\u013e si v\u0161ak vyhradzuje pr\u00e1vo sp\u00e4tne skontrolova\u0165 \u00fadaje z protokolov\u00fdch s\u00faborov, ak na z\u00e1klade konkr\u00e9tnych indik\u00e1ci\u00ed existuje opr\u00e1vnen\u00e9 podozrenie z nez\u00e1konn\u00e9ho pou\u017eitia.<\/p>\n\n\n\n<p class=\"has-medium-font-size\">4. Pou\u017e\u00edvanie  s\u00faborov Cookies<\/p>\n\n\n\n<p>S\u00fabory cookie s\u00fa mal\u00e9 s\u00fabory, ktor\u00e9 umo\u017e\u0148uj\u00fa uklada\u0165 do pr\u00edstupov\u00e9ho zariadenia pou\u017e\u00edvate\u013ea (po\u010d\u00edta\u010d, smartphone at\u010f.) konkr\u00e9tne inform\u00e1cie t\u00fdkaj\u00face sa zariadenia. Na jednej strane sl\u00fa\u017eia u\u017e\u00edvate\u013eskej pr\u00edvetivosti webov\u00fdch str\u00e1nok, a t\u00fdm aj pou\u017e\u00edvate\u013eom (napr. Ukladanie prihlasovac\u00edch \u00fadajov). Na druhej strane sa pou\u017e\u00edvaj\u00fa na zhroma\u017e\u010fovanie \u0161tatistick\u00fdch \u00fadajov o pou\u017e\u00edvan\u00ed webov\u00fdch str\u00e1nok a na ich anal\u00fdzu s cie\u013eom vylep\u0161i\u0165 ponuku. Pou\u017e\u00edvatelia m\u00f4\u017eu ovplyv\u0148ova\u0165 pou\u017e\u00edvanie s\u00faborov cookie. V\u00e4\u010d\u0161ina preh\u013ead\u00e1va\u010dov m\u00e1 mo\u017enos\u0165, pomocou ktorej je mo\u017en\u00e9 obmedzi\u0165 alebo \u00faplne zabr\u00e1ni\u0165 ukladaniu s\u00faborov cookie.  Je v\u0161ak potrebn\u00e9 poznamena\u0165, \u017ee pou\u017eitie a najm\u00e4 jednoduchos\u0165 pou\u017eitia s\u00fa bez cookies obmedzen\u00e9.<\/p>\n\n\n\n<p>Mnoho online reklamn\u00fdch s\u00faborov cookie od spolo\u010dnost\u00ed m\u00f4\u017eete spravova\u0165 prostredn\u00edctvom webovej str\u00e1nky USA www.aboutads.info\/choices\/ alebo webovej str\u00e1nky E\u00da www.youronlinechoices.com\/uk\/your-ad-choices\/.<\/p>\n\n\n\n<p class=\"has-medium-font-size\">5. Integr\u00e1cia slu\u017eieb a obsahu od tret\u00edch str\u00e1n<\/p>\n\n\n\n<p>Do tejto online ponuky je pravidelne integrovan\u00fd obsah tret\u00edch str\u00e1n, ako s\u00fa vide\u00e1 z YouTube, mapy z Mapbox, RSS kan\u00e1ly alebo grafika z in\u00fdch webov\u00fdch str\u00e1nok. To v\u017edy predpoklad\u00e1, \u017ee poskytovatelia tohto obsahu (\u010falej len \u201eposkytovatelia tret\u00edch str\u00e1n\u201c)vn\u00edmaj\u00fa IP adresu pou\u017e\u00edvate\u013ea.<\/p>\n\n\n\n<p>Preto\u017ee bez adresy IP by ste nemohli odosla\u0165 obsah do preh\u013ead\u00e1va\u010da pr\u00edslu\u0161n\u00e9ho pou\u017e\u00edvate\u013ea.<\/p>\n\n\n\n<p>Na zobrazenie tohto obsahu je preto potrebn\u00e1 adresa IP. Zah\u0155\u0148ame iba obsah od poskytovate\u013eov tret\u00edch str\u00e1n, ktor\u00ed sami zaru\u010duj\u00fa bezpe\u010dn\u00e9 zaobch\u00e1dzanie s va\u0161\u00edmi \u00fadajmi.<\/p>\n\n\n\n<p class=\"has-medium-font-size\"><\/p>\n\n\n\n<p class=\"has-medium-font-size\">6. Facebook Pixel <\/p>\n\n\n\n<p>Na tomto webe pou\u017e\u00edvame Facebook Pixel od spolo\u010dnosti Facebook, siete soci\u00e1lnych m\u00e9di\u00ed prev\u00e1dzkovanej spolo\u010dnos\u0165ou Facebook Ireland Ltd., 4 Grand Canal Square, Grand Canal Harbour, Dublin 2 Ireland.<\/p>\n\n\n\n<p>K\u00f3d implementovan\u00fd na tejto str\u00e1nke dok\u00e1\u017ee vyhodnoti\u0165 spr\u00e1vanie n\u00e1v\u0161tevn\u00edkov, ktor\u00ed pri\u0161li na tento web z reklamy na Facebooku. To mo\u017eno pou\u017ei\u0165 na vylep\u0161enie rekl\u00e1m na Facebooku a tieto \u00fadaje Facebook zaznamen\u00e1va a uklad\u00e1. Zaznamenan\u00e9 \u00fadaje nem\u00f4\u017eeme prezera\u0165 , ale m\u00f4\u017eu by\u0165 pou\u017eit\u00e9 iba v s\u00favislosti s reklamou.<br>Pou\u017eit\u00edm k\u00f3du Facebook Pixel sa tie\u017e nastavuj\u00fa cookies.<\/p>\n\n\n\n<p>Pou\u017eit\u00edm Facebook Pixel sa n\u00e1v\u0161teva tohto webu sprostredkuje Facebooku, aby sa n\u00e1v\u0161tevn\u00edkom Facebooku zobrazili vhodn\u00e9 reklamy. Ak m\u00e1te \u00fa\u010det na Facebooku a ste prihl\u00e1sen\u00ed, va\u0161a n\u00e1v\u0161teva tohto webu bude priraden\u00e1 k v\u00e1\u0161mu pou\u017e\u00edvate\u013esk\u00e9mu \u00fa\u010dtu na Facebooku.<\/p>\n\n\n\n<p>Ako sa Facebook Pixel pou\u017e\u00edva na reklamn\u00e9 kampane, n\u00e1jdete na https:\/\/www.facebook.com\/business\/learn\/facebook-ads-pixel.<\/p>\n\n\n\n<p>Svoje nastavenie pre reklamy na Facebooku m\u00f4\u017eete zmeni\u0165 na str\u00e1nke https:\/\/www.facebook.com\/ads\/preferences\/?entry_product=ad_settings_screen, ak ste prihl\u00e1sen\u00ed na Facebook. Na str\u00e1nke http:\/\/www.youronlinechoices.com\/de\/praferenzmanagement\/ m\u00f4\u017eete spravova\u0165 svoje preferencie t\u00fdkaj\u00face sa online reklamy zalo\u017eenej na va\u0161ich z\u00e1ujmoch. Tam m\u00f4\u017eete deaktivova\u0165 alebo aktivova\u0165 ve\u013ea poskytovate\u013eov naraz alebo vykona\u0165 nastavenia pre jednotliv\u00fdch poskytovate\u013eov.<br>\u010eal\u0161ie inform\u00e1cie o z\u00e1sad\u00e1ch ochrany \u00fadajov spolo\u010dnosti Facebook n\u00e1jdete na https:\/\/www.facebook.com\/policy.php<\/p>\n\n\n\n<p>Zdroj: Vytvoren\u00e9 pomocou gener\u00e1tora ochrany \u00fadajov webov\u00fdch str\u00e1nok spolo\u010dnosti v spolupr\u00e1ci s gartenundblumen.at<\/p>\n\n\n\n<p class=\"has-medium-font-size\">7. <strong>Spracovanie \u00fadajov pri kontakte s nami<\/strong><\/p>\n\n\n\n<p>Pri kontaktovan\u00ed spolo\u010dnosti Trummer (napr\u00edklad pomocou kontaktn\u00e9ho formul\u00e1ra alebo e-mailu) sa \u00fadaje o pou\u017e\u00edvate\u013eovi ukladaj\u00fa za \u00fa\u010delom spracovania \u017eiadosti a pre pr\u00edpad, \u017ee by nastali n\u00e1sledn\u00e9 ot\u00e1zky.<\/p>\n\n\n\n<p class=\"has-medium-font-size\">8. <strong>Matomo<\/strong><\/p>\n\n\n\n<p>S va\u0161\u00edm s\u00fahlasom pou\u017e\u00edvame open source softv\u00e9r Matomo na anal\u00fdzu a \u0161tatistick\u00e9 vyhodnotenie pou\u017e\u00edvania webovej str\u00e1nky. Na to sl\u00fa\u017eia cookies. Z\u00edskan\u00e9 inform\u00e1cie o pou\u017e\u00edvan\u00ed webov\u00fdch str\u00e1nok sa pren\u00e1\u0161aj\u00fa v\u00fdlu\u010dne na n\u00e1\u0161 server a s\u00fa zhrnut\u00e9 v pseudonymn\u00fdch profiloch pou\u017e\u00edvania. \u00dadaje pou\u017e\u00edvame na vyhodnotenie pou\u017e\u00edvania webovej str\u00e1nky. Zozbieran\u00e9 \u00fadaje nebud\u00fa poskytnut\u00e9 tret\u00edm stran\u00e1m.<\/p>\n\n\n\n<p>IP adresy s\u00fa anonymizovan\u00e9 (maskovanie IP), aby ich nebolo mo\u017en\u00e9 priradi\u0165 jednotliv\u00fdm pou\u017e\u00edvate\u013eom.<\/p>\n\n\n\n<p>\u00dadaje sa sprac\u00favaj\u00fa na z\u00e1klade \u010dl\u00e1nku 6 ods. 1 bod 1 p\u00edsm. GDPR. Sledujeme tak n\u00e1\u0161 opr\u00e1vnen\u00fd z\u00e1ujem optimalizova\u0165 na\u0161u webov\u00fa str\u00e1nku pre na\u0161e zastupovanie navonok.<\/p>\n\n\n\n<p>Svoj s\u00fahlas m\u00f4\u017eete kedyko\u013evek odvola\u0165 vymazan\u00edm cookies vo svojom prehliada\u010di alebo zmenou nastaven\u00ed ochrany osobn\u00fdch \u00fadajov.<\/p>\n\n\n\n<p class=\"has-medium-font-size\">9. <strong>Z\u00e1sady sprac\u00favania osobn\u00fdch \u00fadajov<\/strong><\/p>\n\n\n\n<p>Spracovanie osobn\u00fdch \u00fadajov je zalo\u017een\u00e9 na pr\u00edsnych z\u00e1sad\u00e1ch, ktor\u00e9 za najvy\u0161\u0161iu hodnotu pova\u017euj\u00fa ochranu a bezpe\u010dnos\u0165 \u00fadajov, ako aj pr\u00e1va dotknut\u00fdch os\u00f4b.<\/p>\n\n\n\n<p>9<em>.1 Z\u00e1konnos\u0165 a transparentnos\u0165<\/em><\/p>\n\n\n\n<p>Spracovanie \u00fadajov prebieha z\u00e1konn\u00fdm sp\u00f4sobom, v dobrej viere. Po zozbieran\u00ed \u00fadajov bude dotknut\u00e1 osoba informovan\u00e1 o pl\u00e1novanom spracovan\u00ed a zaobch\u00e1dzan\u00ed s \u00fadajmi. T\u00fdmto sp\u00f4sobom s\u00fa postihnut\u00ed informovan\u00ed minim\u00e1lne o nasleduj\u00facich bodoch:<\/p>\n\n\n\n<p>*Zodpovedn\u00fd za spracovanie \u00fadajov<\/p>\n\n\n\n<p>*\u00da\u010del spracovania \u00fadajov;<\/p>\n\n\n\n<p>*Pr\u00e1vny z\u00e1klad spracovania<\/p>\n\n\n\n<p>9<em>.2 Obmedzenie \u00fa\u010delu<\/em><\/p>\n\n\n\n<p>\u00dadaje sa zhroma\u017e\u010fuj\u00fa a sprac\u00favaj\u00fa na konkr\u00e9tne, jasn\u00e9 a legit\u00edmne \u00fa\u010dely. Spracovanie \u00fadajov sa neuskuto\u010d\u0148uje sp\u00f4sobom, ktor\u00fd je nezlu\u010dite\u013en\u00fd s t\u00fdmito \u00fa\u010delmi.<\/p>\n\n\n\n<p>9<em>.3 Minimaliz\u00e1cia \u00fadajov<\/em><\/p>\n\n\n\n<p>Zhroma\u017e\u010fuj\u00fa a sprac\u00favaj\u00fa sa iba tie \u00fadaje, ktor\u00e9 s\u00fa na uveden\u00e9 \u00fa\u010dely nevyhnutne potrebn\u00e9.<\/p>\n\n\n\n<p>Ak je mo\u017en\u00e9 dosiahnu\u0165 \u00fa\u010del a \u00fasilie je primeran\u00e9, bud\u00fa sa sprac\u00fava\u0165 iba anonymizovan\u00e9 \u00fadaje.<\/p>\n\n\n\n<p>9<em>.4 Obmedzenie ukladania a vymazanie<\/em><\/p>\n\n\n\n<p>Osobn\u00e9 \u00fadaje sa vyma\u017e\u00fa, akon\u00e1hle vypr\u0161\u00ed \u00fa\u010del, na ktor\u00fd boli p\u00f4vodne zhroma\u017eden\u00e9, a z\u00e1konn\u00e1 lehota uchov\u00e1vania nezabr\u00e1ni ich vymazaniu. Ak existuje v jednotliv\u00fdch pr\u00edpadoch opr\u00e1vnen\u00fd z\u00e1ujem na uchov\u00e1vanie t\u00fdchto \u00fadajov, bud\u00fa \u00fadaje aj na\u010falej uchov\u00e1van\u00e9, k\u00fdm bude tento opr\u00e1vnen\u00fd z\u00e1ujem existova\u0165.<\/p>\n\n\n\n<p>9<em>.5 Bezpe\u010dnos\u0165 \u00fadajov<\/em><\/p>\n\n\n\n<p>Osobn\u00e9 \u00fadaje podliehaj\u00fa ml\u010danlivosti o \u00fadajoch. S \u00fadajmi sa zaobch\u00e1dza d\u00f4verne a s\u00fa chr\u00e1nen\u00e9 vhodn\u00fdmi organiza\u010dn\u00fdmi a technick\u00fdmi opatreniami proti neopr\u00e1vnen\u00e9mu pr\u00edstupu, nez\u00e1konnej manipul\u00e1cii alebo zverejneniu, ako aj pred stratou a zni\u010den\u00edm.<\/p>\n\n\n\n<p>9<em>.6 Vecn\u00e1 spr\u00e1vnos\u0165<\/em><\/p>\n\n\n\n<p>Osobn\u00e9 \u00fadaje musia by\u0165  spr\u00e1vne, \u00fapln\u00e9 a aktu\u00e1lne. S\u00fa prijat\u00e9 primeran\u00e9 opatrenia na opravu zastaran\u00fdch, nespr\u00e1vnych alebo ne\u00fapln\u00fdch \u00fadajov.<\/p>\n\n\n\n<p class=\"has-medium-font-size\">10. <strong>Povinnos\u0165 zachov\u00e1va\u0165 ml\u010danlivos\u0165 o \u00fadajoch<\/strong><\/p>\n\n\n\n<p>V\u0161etci zamestnanci spolo\u010dnosti Trummer s\u00fa zmluvne viazan\u00ed ml\u010danlivos\u0165ou a s\u00fa pravidelne informovan\u00ed a \u0161kolen\u00ed o bezpe\u010dnom zaobch\u00e1dzan\u00ed s osobn\u00fdmi a in\u00fdmi kritick\u00fdmi \u00fadajmi.<\/p>\n","protected":false},"excerpt":{"rendered":"<p>Z\u00e1sady ochrany osobn\u00fdch \u00fadajov V\u00e1\u017eime si v\u00e1\u0161 z\u00e1ujem o na\u0161u webov\u00fa str\u00e1nku. Ochrana v\u00e1\u0161ho s\u00fakromia je pre n\u00e1s ve\u013emi d\u00f4le\u017eit\u00e1. Ni\u017e\u0161ie v\u00e1s budeme podrobne informova\u0165 o zaobch\u00e1dzan\u00ed s va\u0161imi \u00fadajmi. 1. Rozsah p\u00f4sobnosti Toto vyhl\u00e1senie o ochrane \u00fadajov objas\u0148uje typ, rozsah a \u00fa\u010del zhroma\u017e\u010fovania a pou\u017e\u00edvania osobn\u00fdch \u00fadajov spolo\u010dnos\u0165ou Trummer Montage &amp; Personal CZ s.r.o., [&hellip;]<\/p>\n","protected":false},"author":10,"featured_media":0,"parent":0,"menu_order":0,"comment_status":"closed","ping_status":"closed","template":"","meta":{"_acf_changed":false,"footnotes":""},"class_list":["post-521","page","type-page","status-publish","hentry"],"acf":[],"yoast_head":"<!-- This site is optimized with the Yoast SEO plugin v26.8 - https:\/\/yoast.com\/product\/yoast-seo-wordpress\/ -->\n<title>Z\u00e1sady ochrany osobn\u00fdch \u00fadajov - Trummer<\/title>\n<meta name=\"robots\" content=\"index, follow, max-snippet:-1, max-image-preview:large, max-video-preview:-1\" \/>\n<link rel=\"canonical\" href=\"https:\/\/trummer.edd-studio.de\/sk\/datenschutz\/\" \/>\n<meta property=\"og:locale\" content=\"sk_SK\" \/>\n<meta property=\"og:type\" content=\"article\" \/>\n<meta property=\"og:title\" content=\"Z\u00e1sady ochrany osobn\u00fdch \u00fadajov - Trummer\" \/>\n<meta property=\"og:description\" content=\"Z\u00e1sady ochrany osobn\u00fdch \u00fadajov V\u00e1\u017eime si v\u00e1\u0161 z\u00e1ujem o na\u0161u webov\u00fa str\u00e1nku. Ochrana v\u00e1\u0161ho s\u00fakromia je pre n\u00e1s ve\u013emi d\u00f4le\u017eit\u00e1. Ni\u017e\u0161ie v\u00e1s budeme podrobne informova\u0165 o zaobch\u00e1dzan\u00ed s va\u0161imi \u00fadajmi. 1. Rozsah p\u00f4sobnosti Toto vyhl\u00e1senie o ochrane \u00fadajov objas\u0148uje typ, rozsah a \u00fa\u010del zhroma\u017e\u010fovania a pou\u017e\u00edvania osobn\u00fdch \u00fadajov spolo\u010dnos\u0165ou Trummer Montage &amp; Personal CZ s.r.o., [&hellip;]\" \/>\n<meta property=\"og:url\" content=\"https:\/\/trummer.edd-studio.de\/sk\/datenschutz\/\" \/>\n<meta property=\"og:site_name\" content=\"Trummer\" \/>\n<meta property=\"article:modified_time\" content=\"2025-02-21T07:27:31+00:00\" \/>\n<meta name=\"twitter:card\" content=\"summary_large_image\" \/>\n<meta name=\"twitter:label1\" content=\"Est. reading time\" \/>\n\t<meta name=\"twitter:data1\" content=\"6 minutes\" \/>\n<script type=\"application\/ld+json\" class=\"yoast-schema-graph\">{\"@context\":\"https:\/\/schema.org\",\"@graph\":[{\"@type\":\"WebPage\",\"@id\":\"https:\/\/trummer.edd-studio.de\/sk\/datenschutz\/\",\"url\":\"https:\/\/trummer.edd-studio.de\/sk\/datenschutz\/\",\"name\":\"Z\u00e1sady ochrany osobn\u00fdch \u00fadajov - Trummer\",\"isPartOf\":{\"@id\":\"https:\/\/trummer.edd-studio.de\/sk\/#website\"},\"datePublished\":\"2019-03-15T10:56:09+00:00\",\"dateModified\":\"2025-02-21T07:27:31+00:00\",\"breadcrumb\":{\"@id\":\"https:\/\/trummer.edd-studio.de\/sk\/datenschutz\/#breadcrumb\"},\"inLanguage\":\"sk-SK\",\"potentialAction\":[{\"@type\":\"ReadAction\",\"target\":[\"https:\/\/trummer.edd-studio.de\/sk\/datenschutz\/\"]}]},{\"@type\":\"BreadcrumbList\",\"@id\":\"https:\/\/trummer.edd-studio.de\/sk\/datenschutz\/#breadcrumb\",\"itemListElement\":[{\"@type\":\"ListItem\",\"position\":1,\"name\":\"Startseite\",\"item\":\"https:\/\/trummer.edd-studio.de\/sk\/\"},{\"@type\":\"ListItem\",\"position\":2,\"name\":\"Z\u00e1sady ochrany osobn\u00fdch \u00fadajov\"}]},{\"@type\":\"WebSite\",\"@id\":\"https:\/\/trummer.edd-studio.de\/sk\/#website\",\"url\":\"https:\/\/trummer.edd-studio.de\/sk\/\",\"name\":\"Trummer\",\"description\":\"Die besten Jobs seit 1987.\",\"potentialAction\":[{\"@type\":\"SearchAction\",\"target\":{\"@type\":\"EntryPoint\",\"urlTemplate\":\"https:\/\/trummer.edd-studio.de\/sk\/?s={search_term_string}\"},\"query-input\":{\"@type\":\"PropertyValueSpecification\",\"valueRequired\":true,\"valueName\":\"search_term_string\"}}],\"inLanguage\":\"sk-SK\"}]}<\/script>\n<!-- \/ Yoast SEO plugin. -->","yoast_head_json":{"title":"Z\u00e1sady ochrany osobn\u00fdch \u00fadajov - Trummer","robots":{"index":"index","follow":"follow","max-snippet":"max-snippet:-1","max-image-preview":"max-image-preview:large","max-video-preview":"max-video-preview:-1"},"canonical":"https:\/\/trummer.edd-studio.de\/sk\/datenschutz\/","og_locale":"sk_SK","og_type":"article","og_title":"Z\u00e1sady ochrany osobn\u00fdch \u00fadajov - Trummer","og_description":"Z\u00e1sady ochrany osobn\u00fdch \u00fadajov V\u00e1\u017eime si v\u00e1\u0161 z\u00e1ujem o na\u0161u webov\u00fa str\u00e1nku. Ochrana v\u00e1\u0161ho s\u00fakromia je pre n\u00e1s ve\u013emi d\u00f4le\u017eit\u00e1. Ni\u017e\u0161ie v\u00e1s budeme podrobne informova\u0165 o zaobch\u00e1dzan\u00ed s va\u0161imi \u00fadajmi. 1. Rozsah p\u00f4sobnosti Toto vyhl\u00e1senie o ochrane \u00fadajov objas\u0148uje typ, rozsah a \u00fa\u010del zhroma\u017e\u010fovania a pou\u017e\u00edvania osobn\u00fdch \u00fadajov spolo\u010dnos\u0165ou Trummer Montage &amp; Personal CZ s.r.o., [&hellip;]","og_url":"https:\/\/trummer.edd-studio.de\/sk\/datenschutz\/","og_site_name":"Trummer","article_modified_time":"2025-02-21T07:27:31+00:00","twitter_card":"summary_large_image","twitter_misc":{"Est. reading time":"6 minutes"},"schema":{"@context":"https:\/\/schema.org","@graph":[{"@type":"WebPage","@id":"https:\/\/trummer.edd-studio.de\/sk\/datenschutz\/","url":"https:\/\/trummer.edd-studio.de\/sk\/datenschutz\/","name":"Z\u00e1sady ochrany osobn\u00fdch \u00fadajov - Trummer","isPartOf":{"@id":"https:\/\/trummer.edd-studio.de\/sk\/#website"},"datePublished":"2019-03-15T10:56:09+00:00","dateModified":"2025-02-21T07:27:31+00:00","breadcrumb":{"@id":"https:\/\/trummer.edd-studio.de\/sk\/datenschutz\/#breadcrumb"},"inLanguage":"sk-SK","potentialAction":[{"@type":"ReadAction","target":["https:\/\/trummer.edd-studio.de\/sk\/datenschutz\/"]}]},{"@type":"BreadcrumbList","@id":"https:\/\/trummer.edd-studio.de\/sk\/datenschutz\/#breadcrumb","itemListElement":[{"@type":"ListItem","position":1,"name":"Startseite","item":"https:\/\/trummer.edd-studio.de\/sk\/"},{"@type":"ListItem","position":2,"name":"Z\u00e1sady ochrany osobn\u00fdch \u00fadajov"}]},{"@type":"WebSite","@id":"https:\/\/trummer.edd-studio.de\/sk\/#website","url":"https:\/\/trummer.edd-studio.de\/sk\/","name":"Trummer","description":"Die besten Jobs seit 1987.","potentialAction":[{"@type":"SearchAction","target":{"@type":"EntryPoint","urlTemplate":"https:\/\/trummer.edd-studio.de\/sk\/?s={search_term_string}"},"query-input":{"@type":"PropertyValueSpecification","valueRequired":true,"valueName":"search_term_string"}}],"inLanguage":"sk-SK"}]}},"_links":{"self":[{"href":"https:\/\/trummer.edd-studio.de\/sk\/wp-json\/wp\/v2\/pages\/521","targetHints":{"allow":["GET"]}}],"collection":[{"href":"https:\/\/trummer.edd-studio.de\/sk\/wp-json\/wp\/v2\/pages"}],"about":[{"href":"https:\/\/trummer.edd-studio.de\/sk\/wp-json\/wp\/v2\/types\/page"}],"author":[{"embeddable":true,"href":"https:\/\/trummer.edd-studio.de\/sk\/wp-json\/wp\/v2\/users\/10"}],"replies":[{"embeddable":true,"href":"https:\/\/trummer.edd-studio.de\/sk\/wp-json\/wp\/v2\/comments?post=521"}],"version-history":[{"count":6,"href":"https:\/\/trummer.edd-studio.de\/sk\/wp-json\/wp\/v2\/pages\/521\/revisions"}],"predecessor-version":[{"id":6003,"href":"https:\/\/trummer.edd-studio.de\/sk\/wp-json\/wp\/v2\/pages\/521\/revisions\/6003"}],"wp:attachment":[{"href":"https:\/\/trummer.edd-studio.de\/sk\/wp-json\/wp\/v2\/media?parent=521"}],"curies":[{"name":"wp","href":"https:\/\/api.w.org\/{rel}","templated":true}]}}