{"id":519,"date":"2019-03-15T11:55:55","date_gmt":"2019-03-15T10:55:55","guid":{"rendered":"http:\/\/trummer.eu\/at\/?page_id=519"},"modified":"2025-02-21T08:24:44","modified_gmt":"2025-02-21T07:24:44","slug":"impressum","status":"publish","type":"page","link":"https:\/\/trummer.edd-studio.de\/sk\/impressum\/","title":{"rendered":"Tir\u00e1\u017e"},"content":{"rendered":"\n<p class=\"has-huge-font-size\">Tir\u00e1\u017e<\/p>\n\n\n\n<h3 class=\"wp-block-heading\">Meno spolo\u010dnosti<\/h3>\n\n\n\n<p>Trummer Montage &amp; Personal CZ s.r.o.<\/p>\n\n\n\n<h3 class=\"wp-block-heading\">S\u00eddlo firmy<\/h3>\n\n\n\n<p>Karol\u00edny Sv\u011btl\u00e9 2238\/2, 370 04 \u010cesk\u00e9 Bud\u011bjovice<\/p>\n\n\n\n<h3 class=\"wp-block-heading\">Kontakt<\/h3>\n\n\n\n<p>Telefon: +420 608 825 535<br>E-Mail: team.budejovice@trummer.eu<\/p>\n\n\n\n<h3 class=\"wp-block-heading\">Pr\u00e1vna forma<\/h3>\n\n\n\n<p>s.r.o.<\/p>\n\n\n\n<h3 class=\"wp-block-heading\">Identifika\u010dn\u00e9 \u010d\u00edslo<\/h3>\n\n\n\n<p>227 92 783<\/p>\n\n\n\n<h3 class=\"wp-block-heading\"><\/h3>\n\n\n\n<p><\/p>\n\n\n\n<h3 class=\"wp-block-heading\">Zast\u00fapen\u00e1<\/h3>\n\n\n\n<p>Rudolf Trummer, <br>v\u00fdkonn\u00fd riadite\u013e<\/p>\n\n\n\n<h3 class=\"wp-block-heading\">Zrieknutie sa zodpovednosti<\/h3>\n\n\n\n<h3 class=\"wp-block-heading\">Zodpovednos\u0165 za obsah<\/h3>\n\n\n\n<p>Obsah na\u0161ich webov\u00fdch str\u00e1nok bol vytv\u00e1ran\u00fd a sledovan\u00fd s maxim\u00e1lnou starostlivos\u0165ou.<br>Nem\u00f4\u017eeme v\u0161ak prevzia\u0165 zodpovednos\u0165 za spr\u00e1vnos\u0165, \u00faplnos\u0165 a aktu\u00e1lnos\u0165 obsahu.<br>Pokia\u013e sa na tejto webovej str\u00e1nke pou\u017e\u00edvaj\u00fa osobn\u00e9 v\u00fdrazy, s\u00fa sem rovnako zahrnut\u00e9 \u017eeny aj mu\u017ei.<\/p>\n\n\n\n<h3 class=\"wp-block-heading\">Zodpovednos\u0165 za odkazy<\/h3>\n\n\n\n<p>Na\u0161a ponuka obsahuje odkazy na extern\u00e9 webov\u00e9 str\u00e1nky tret\u00edch str\u00e1n, na ktor\u00fdch obsah nem\u00e1me \u017eiadny vplyv.<br>Preto nem\u00f4\u017eeme prija\u0165 \u017eiadnu zodpovednos\u0165 za tento obsah tret\u00edch str\u00e1n. Za obsah odkazovan\u00fdch str\u00e1nok je v\u017edy zodpovedn\u00fd pr\u00edslu\u0161n\u00fd poskytovate\u013e alebo prev\u00e1dzkovate\u013e str\u00e1nok. Prepojen\u00e9 str\u00e1nky boli v \u010dase prepojenia skontrolovan\u00e9 kv\u00f4li mo\u017en\u00e9mu poru\u0161eniu pr\u00e1vnych predpisov. V \u010dase vytvorenia odkazu nebol n\u00e1jden\u00fd \u017eiadny neleg\u00e1lny obsah. Trval\u00e1 kontrola obsahu odkazovan\u00fdch str\u00e1nok nie je primeran\u00e1 bez konkr\u00e9tnych d\u00f4kazov o poru\u0161en\u00ed z\u00e1kona. Hne\u010f ako sa dozvieme o poru\u0161eniach pr\u00e1vnych predpisov, tak\u00e9to odkazy okam\u017eite odstr\u00e1nime.<\/p>\n\n\n\n<h3 class=\"wp-block-heading\">Autorsk\u00e9 pr\u00e1va<\/h3>\n\n\n\n<p>Obsah a diela na t\u00fdchto str\u00e1nkach vytvoren\u00e9 prev\u00e1dzkovate\u013eom webov\u00fdch str\u00e1nok podliehaj\u00fa rak\u00faskemu autorsk\u00e9mu z\u00e1konu. Na duplik\u00e1ciu, spracovanie, distrib\u00faciu a ak\u00fdko\u013evek druh vyu\u017e\u00edvania mimo hranicu autorsk\u00fdch pr\u00e1v je potrebn\u00fd p\u00edsomn\u00fd s\u00fahlas pr\u00edslu\u0161n\u00e9ho autora alebo tvorcu. S\u00fabory na stiahnutie a k\u00f3pie tejto webovej str\u00e1nky s\u00fa povolen\u00e9 iba na s\u00fakromn\u00e9, nekomer\u010dn\u00e9 pou\u017eitie. Pokia\u013e obsah na tejto str\u00e1nke nevytvoril prev\u00e1dzkovate\u013e, s\u00fa dodr\u017ean\u00e9 autorsk\u00e9 pr\u00e1va tret\u00edch str\u00e1n. Najm\u00e4 obsahy tret\u00edch str\u00e1n s\u00fa takto ozna\u010den\u00e9. Ak by ste sa napriek tomu dozvedeli o poru\u0161en\u00ed autorsk\u00fdch pr\u00e1v, \u017eiadame o zodpovedaj\u00face ozn\u00e1menie.<br>Ak sa dozvieme o pr\u00e1vnych poru\u0161eniach, tak\u00fdto obsah okam\u017eite odstr\u00e1nime.<\/p>\n\n\n\n<h3 class=\"wp-block-heading\">Pr\u00e1va na obr\u00e1zky<\/h3>\n\n\n\n<p>V\u0161etky \u010fal\u0161ie pr\u00e1va na obr\u00e1zky m\u00e1 spolo\u010dnos\u0165 Trummer Personalservice Group. V\u0161etky zna\u010dky, log\u00e1 a obr\u00e1zky produktov s\u00fa majetkom ich pr\u00edslu\u0161n\u00fdch v\u00fdrobcov.<\/p>\n\n\n\n<h3 class=\"wp-block-heading\">Ochrana osobn\u00fdch \u00fadajov<\/h3>\n\n\n\n<p>Na\u0161e webov\u00e9 str\u00e1nky sa daj\u00fa zvy\u010dajne pou\u017ei\u0165 bez poskytnutia osobn\u00fdch \u00fadajov. Pokia\u013e sa na na\u0161ej webovej str\u00e1nke zhroma\u017e\u010fuj\u00fa osobn\u00e9 \u00fadaje (napr. Meno, adresa alebo e-mailov\u00e1 adresa), rob\u00ed sa to v\u017edy, pokia\u013e je to mo\u017en\u00e9, dobrovo\u013ene. Tieto \u00fadaje nebud\u00fa<br>poskytnut\u00e9 tret\u00edm stran\u00e1m bez v\u00e1\u0161ho v\u00fdslovn\u00e9ho s\u00fahlasu. Upozor\u0148ujeme, \u017ee prenos d\u00e1t cez internet (napr. Pri komunik\u00e1cii prostredn\u00edctvom e-mailu) m\u00f4\u017ee ma\u0165 medzery v zabezpe\u010den\u00ed. \u00dapln\u00e1 ochrana \u00fadajov pred pr\u00edstupom tret\u00edch str\u00e1n nie je mo\u017en\u00e1.<br>T\u00fdmto v\u00fdslovne namietame proti vyu\u017e\u00edvaniu kontaktn\u00fdch \u00fadajov zverejnen\u00fdch v r\u00e1mci povinnosti uvies\u0165 tir\u00e1\u017e tret\u00edmi stranami na zasielanie reklamn\u00fdch a informa\u010dn\u00fdch materi\u00e1lov, ktor\u00e9 neboli v\u00fdslovne po\u017eadovan\u00e9. Prev\u00e1dzkovatelia str\u00e1nok si v\u00fdslovne vyhradzuj\u00fa pr\u00e1vo podnikn\u00fa\u0165 pr\u00e1vne kroky v pr\u00edpade nevy\u017eiadan\u00e9ho zasielania reklamn\u00fdch inform\u00e1ci\u00ed, napr\u00edklad spamov\u00fdch e-mailov.<\/p>\n\n\n\n<h3 class=\"wp-block-heading\">Google Analytics<\/h3>\n\n\n\n<p>T\u00e1to webov\u00e1 str\u00e1nka pou\u017e\u00edva Google Analytics, slu\u017ebu webovej anal\u00fdzy poskytovan\u00fa spolo\u010dnos\u0165ou Google Inc. (\u201eGoogle\u201c). Google Analytics pou\u017e\u00edva takzvan\u00e9 \u201ecookies\u201c, textov\u00e9 s\u00fabory, ktor\u00e9 s\u00fa ulo\u017een\u00e9 vo va\u0161om po\u010d\u00edta\u010di a ktor\u00e9 umo\u017e\u0148uj\u00fa anal\u00fdzu v\u00e1\u0161ho pou\u017e\u00edvania webov\u00fdch str\u00e1nok. Inform\u00e1cie generovan\u00e9 s\u00faborom cookie o va\u0161om pou\u017e\u00edvan\u00ed tejto webovej str\u00e1nky (vr\u00e1tane va\u0161ej adresy IP) sa pren\u00e1\u0161aj\u00fa do spolo\u010dnosti Google a ukladaj\u00fa sa na serveroch v Spojen\u00fdch \u0161t\u00e1toch.<br>Google pou\u017eije tieto inform\u00e1cie na vyhodnotenie v\u00e1\u0161ho pou\u017e\u00edvania webovej str\u00e1nky, na zostavenie spr\u00e1v o aktivite webovej str\u00e1nky pre prev\u00e1dzkovate\u013ea webovej str\u00e1nky a na poskytovanie \u010fal\u0161\u00edch slu\u017eieb t\u00fdkaj\u00facich sa aktivity webovej str\u00e1nky a pou\u017e\u00edvania internetu. Google m\u00f4\u017ee tie\u017e tieto inform\u00e1cie prenies\u0165 tret\u00edm stran\u00e1m, ak to vy\u017eaduje z\u00e1kon, alebo ak tretie strany sprac\u00favaj\u00fa tieto \u00fadaje v mene spolo\u010dnosti Google. Google za \u017eiadnych okolnost\u00ed nebude sp\u00e1ja\u0165 va\u0161u IP adresu s in\u00fdmi \u00fadajmi Google. In\u0161tal\u00e1cii cookies m\u00f4\u017eete zabr\u00e1ni\u0165 pr\u00edslu\u0161n\u00fdm nastaven\u00edm softv\u00e9ru v\u00e1\u0161ho prehliada\u010da; upozor\u0148ujeme v\u0161ak, \u017ee v takom pr\u00edpade nebudete m\u00f4c\u0165 v plnom rozsahu vyu\u017e\u00edva\u0165 v\u0161etky funkcie tejto webovej str\u00e1nky. Pou\u017e\u00edvan\u00edm tejto webovej str\u00e1nky vyhlasujete, \u017ee s\u00fahlas\u00edte so spracovan\u00edm \u00fadajov, ktor\u00e9 o v\u00e1s zhroma\u017e\u010fuje spolo\u010dnos\u0165 Google, vy\u0161\u0161ie uveden\u00fdm sp\u00f4sobom a na \u00fa\u010dely uveden\u00e9 vy\u0161\u0161ie.<\/p>\n\n\n\n<h3 class=\"wp-block-heading\">Facebook Pixel<\/h3>\n\n\n\n<p>Na tomto webe pou\u017e\u00edvame Facebook Pixel od spolo\u010dnosti Facebook, siete soci\u00e1lnych m\u00e9di\u00ed prev\u00e1dzkovanej spolo\u010dnos\u0165ou Facebook Ireland Ltd., 4 Grand Canal Square, Grand Canal Harbour, Dublin 2 Ireland.<\/p>\n\n\n\n<p>K\u00f3d implementovan\u00fd na tejto str\u00e1nke dok\u00e1\u017ee vyhodnoti\u0165 spr\u00e1vanie n\u00e1v\u0161tevn\u00edkov, ktor\u00ed pri\u0161li na tento web z reklamy na Facebooku. To mo\u017eno pou\u017ei\u0165 na vylep\u0161enie rekl\u00e1m na Facebooku a tieto \u00fadaje Facebook zaznamen\u00e1va a uklad\u00e1. Zaznamenan\u00e9 \u00fadaje nem\u00f4\u017eeme prezera\u0165 , ale m\u00f4\u017eu by\u0165 pou\u017eit\u00e9 iba v s\u00favislosti s reklamou.<br>Pou\u017eit\u00edm k\u00f3du Facebook Pixel sa tie\u017e nastavuj\u00fa cookies.<\/p>\n\n\n\n<p>Pou\u017eit\u00edm Facebook Pixel sa n\u00e1v\u0161teva tohto webu sprostredkuje Facebooku, aby sa n\u00e1v\u0161tevn\u00edkom Facebooku zobrazili vhodn\u00e9 reklamy. Ak m\u00e1te \u00fa\u010det na Facebooku a ste prihl\u00e1sen\u00ed, va\u0161a n\u00e1v\u0161teva tohto webu bude priraden\u00e1 k v\u00e1\u0161mu pou\u017e\u00edvate\u013esk\u00e9mu \u00fa\u010dtu na Facebooku.<\/p>\n\n\n\n<p>Ako sa Facebook Pixel pou\u017e\u00edva na reklamn\u00e9 kampane, n\u00e1jdete na https:\/\/www.facebook.com\/business\/learn\/facebook-ads-pixel.<\/p>\n\n\n\n<p>Svoje nastavenie pre reklamy na Facebooku m\u00f4\u017eete zmeni\u0165 na str\u00e1nke https:\/\/www.facebook.com\/ads\/preferences\/?entry_product=ad_settings_screen, ak ste prihl\u00e1sen\u00ed na Facebook. Na str\u00e1nke http:\/\/www.youronlinechoices.com\/de\/praferenzmanagement\/ m\u00f4\u017eete spravova\u0165 svoje preferencie t\u00fdkaj\u00face sa online reklamy zalo\u017eenej na va\u0161ich z\u00e1ujmoch. Tam m\u00f4\u017eete deaktivova\u0165 alebo aktivova\u0165 ve\u013ea poskytovate\u013eov naraz alebo vykona\u0165 nastavenia pre jednotliv\u00fdch poskytovate\u013eov.<br>\u010eal\u0161ie inform\u00e1cie o z\u00e1sad\u00e1ch ochrany \u00fadajov spolo\u010dnosti Facebook n\u00e1jdete na https:\/\/www.facebook.com\/policy.php<\/p>\n\n\n\n<p>Zdroj: Vytvoren\u00e9 pomocou gener\u00e1tora ochrany \u00fadajov webov\u00fdch str\u00e1nok spolo\u010dnosti v spolupr\u00e1ci s gartenundblumen.at<\/p>\n\n\n\n<p><\/p>\n","protected":false},"excerpt":{"rendered":"<p>Tir\u00e1\u017e Meno spolo\u010dnosti Trummer Montage &amp; Personal CZ s.r.o. S\u00eddlo firmy Karol\u00edny Sv\u011btl\u00e9 2238\/2, 370 04 \u010cesk\u00e9 Bud\u011bjovice Kontakt Telefon: +420 608 825 535E-Mail: team.budejovice@trummer.eu Pr\u00e1vna forma s.r.o. Identifika\u010dn\u00e9 \u010d\u00edslo 227 92 783 Zast\u00fapen\u00e1 Rudolf Trummer, v\u00fdkonn\u00fd riadite\u013e Zrieknutie sa zodpovednosti Zodpovednos\u0165 za obsah Obsah na\u0161ich webov\u00fdch str\u00e1nok bol vytv\u00e1ran\u00fd a sledovan\u00fd s maxim\u00e1lnou starostlivos\u0165ou.Nem\u00f4\u017eeme [&hellip;]<\/p>\n","protected":false},"author":10,"featured_media":0,"parent":0,"menu_order":0,"comment_status":"closed","ping_status":"closed","template":"","meta":{"_acf_changed":false,"footnotes":""},"class_list":["post-519","page","type-page","status-publish","hentry"],"acf":[],"yoast_head":"<!-- This site is optimized with the Yoast SEO plugin v26.8 - https:\/\/yoast.com\/product\/yoast-seo-wordpress\/ -->\n<title>Tir\u00e1\u017e - Trummer<\/title>\n<meta name=\"robots\" content=\"index, follow, max-snippet:-1, max-image-preview:large, max-video-preview:-1\" \/>\n<link rel=\"canonical\" href=\"https:\/\/trummer.edd-studio.de\/sk\/impressum\/\" \/>\n<meta property=\"og:locale\" content=\"sk_SK\" \/>\n<meta property=\"og:type\" content=\"article\" \/>\n<meta property=\"og:title\" content=\"Tir\u00e1\u017e - Trummer\" \/>\n<meta property=\"og:description\" content=\"Tir\u00e1\u017e Meno spolo\u010dnosti Trummer Montage &amp; Personal CZ s.r.o. S\u00eddlo firmy Karol\u00edny Sv\u011btl\u00e9 2238\/2, 370 04 \u010cesk\u00e9 Bud\u011bjovice Kontakt Telefon: +420 608 825 535E-Mail: team.budejovice@trummer.eu Pr\u00e1vna forma s.r.o. Identifika\u010dn\u00e9 \u010d\u00edslo 227 92 783 Zast\u00fapen\u00e1 Rudolf Trummer, v\u00fdkonn\u00fd riadite\u013e Zrieknutie sa zodpovednosti Zodpovednos\u0165 za obsah Obsah na\u0161ich webov\u00fdch str\u00e1nok bol vytv\u00e1ran\u00fd a sledovan\u00fd s maxim\u00e1lnou starostlivos\u0165ou.Nem\u00f4\u017eeme [&hellip;]\" \/>\n<meta property=\"og:url\" content=\"https:\/\/trummer.edd-studio.de\/sk\/impressum\/\" \/>\n<meta property=\"og:site_name\" content=\"Trummer\" \/>\n<meta property=\"article:modified_time\" content=\"2025-02-21T07:24:44+00:00\" \/>\n<meta name=\"twitter:card\" content=\"summary_large_image\" \/>\n<meta name=\"twitter:label1\" content=\"Est. reading time\" \/>\n\t<meta name=\"twitter:data1\" content=\"5 minutes\" \/>\n<script type=\"application\/ld+json\" class=\"yoast-schema-graph\">{\"@context\":\"https:\/\/schema.org\",\"@graph\":[{\"@type\":\"WebPage\",\"@id\":\"https:\/\/trummer.edd-studio.de\/sk\/impressum\/\",\"url\":\"https:\/\/trummer.edd-studio.de\/sk\/impressum\/\",\"name\":\"Tir\u00e1\u017e - Trummer\",\"isPartOf\":{\"@id\":\"https:\/\/trummer.edd-studio.de\/sk\/#website\"},\"datePublished\":\"2019-03-15T10:55:55+00:00\",\"dateModified\":\"2025-02-21T07:24:44+00:00\",\"breadcrumb\":{\"@id\":\"https:\/\/trummer.edd-studio.de\/sk\/impressum\/#breadcrumb\"},\"inLanguage\":\"sk-SK\",\"potentialAction\":[{\"@type\":\"ReadAction\",\"target\":[\"https:\/\/trummer.edd-studio.de\/sk\/impressum\/\"]}]},{\"@type\":\"BreadcrumbList\",\"@id\":\"https:\/\/trummer.edd-studio.de\/sk\/impressum\/#breadcrumb\",\"itemListElement\":[{\"@type\":\"ListItem\",\"position\":1,\"name\":\"Startseite\",\"item\":\"https:\/\/trummer.edd-studio.de\/sk\/\"},{\"@type\":\"ListItem\",\"position\":2,\"name\":\"Tir\u00e1\u017e\"}]},{\"@type\":\"WebSite\",\"@id\":\"https:\/\/trummer.edd-studio.de\/sk\/#website\",\"url\":\"https:\/\/trummer.edd-studio.de\/sk\/\",\"name\":\"Trummer\",\"description\":\"Die besten Jobs seit 1987.\",\"potentialAction\":[{\"@type\":\"SearchAction\",\"target\":{\"@type\":\"EntryPoint\",\"urlTemplate\":\"https:\/\/trummer.edd-studio.de\/sk\/?s={search_term_string}\"},\"query-input\":{\"@type\":\"PropertyValueSpecification\",\"valueRequired\":true,\"valueName\":\"search_term_string\"}}],\"inLanguage\":\"sk-SK\"}]}<\/script>\n<!-- \/ Yoast SEO plugin. -->","yoast_head_json":{"title":"Tir\u00e1\u017e - Trummer","robots":{"index":"index","follow":"follow","max-snippet":"max-snippet:-1","max-image-preview":"max-image-preview:large","max-video-preview":"max-video-preview:-1"},"canonical":"https:\/\/trummer.edd-studio.de\/sk\/impressum\/","og_locale":"sk_SK","og_type":"article","og_title":"Tir\u00e1\u017e - Trummer","og_description":"Tir\u00e1\u017e Meno spolo\u010dnosti Trummer Montage &amp; Personal CZ s.r.o. S\u00eddlo firmy Karol\u00edny Sv\u011btl\u00e9 2238\/2, 370 04 \u010cesk\u00e9 Bud\u011bjovice Kontakt Telefon: +420 608 825 535E-Mail: team.budejovice@trummer.eu Pr\u00e1vna forma s.r.o. Identifika\u010dn\u00e9 \u010d\u00edslo 227 92 783 Zast\u00fapen\u00e1 Rudolf Trummer, v\u00fdkonn\u00fd riadite\u013e Zrieknutie sa zodpovednosti Zodpovednos\u0165 za obsah Obsah na\u0161ich webov\u00fdch str\u00e1nok bol vytv\u00e1ran\u00fd a sledovan\u00fd s maxim\u00e1lnou starostlivos\u0165ou.Nem\u00f4\u017eeme [&hellip;]","og_url":"https:\/\/trummer.edd-studio.de\/sk\/impressum\/","og_site_name":"Trummer","article_modified_time":"2025-02-21T07:24:44+00:00","twitter_card":"summary_large_image","twitter_misc":{"Est. reading time":"5 minutes"},"schema":{"@context":"https:\/\/schema.org","@graph":[{"@type":"WebPage","@id":"https:\/\/trummer.edd-studio.de\/sk\/impressum\/","url":"https:\/\/trummer.edd-studio.de\/sk\/impressum\/","name":"Tir\u00e1\u017e - Trummer","isPartOf":{"@id":"https:\/\/trummer.edd-studio.de\/sk\/#website"},"datePublished":"2019-03-15T10:55:55+00:00","dateModified":"2025-02-21T07:24:44+00:00","breadcrumb":{"@id":"https:\/\/trummer.edd-studio.de\/sk\/impressum\/#breadcrumb"},"inLanguage":"sk-SK","potentialAction":[{"@type":"ReadAction","target":["https:\/\/trummer.edd-studio.de\/sk\/impressum\/"]}]},{"@type":"BreadcrumbList","@id":"https:\/\/trummer.edd-studio.de\/sk\/impressum\/#breadcrumb","itemListElement":[{"@type":"ListItem","position":1,"name":"Startseite","item":"https:\/\/trummer.edd-studio.de\/sk\/"},{"@type":"ListItem","position":2,"name":"Tir\u00e1\u017e"}]},{"@type":"WebSite","@id":"https:\/\/trummer.edd-studio.de\/sk\/#website","url":"https:\/\/trummer.edd-studio.de\/sk\/","name":"Trummer","description":"Die besten Jobs seit 1987.","potentialAction":[{"@type":"SearchAction","target":{"@type":"EntryPoint","urlTemplate":"https:\/\/trummer.edd-studio.de\/sk\/?s={search_term_string}"},"query-input":{"@type":"PropertyValueSpecification","valueRequired":true,"valueName":"search_term_string"}}],"inLanguage":"sk-SK"}]}},"_links":{"self":[{"href":"https:\/\/trummer.edd-studio.de\/sk\/wp-json\/wp\/v2\/pages\/519","targetHints":{"allow":["GET"]}}],"collection":[{"href":"https:\/\/trummer.edd-studio.de\/sk\/wp-json\/wp\/v2\/pages"}],"about":[{"href":"https:\/\/trummer.edd-studio.de\/sk\/wp-json\/wp\/v2\/types\/page"}],"author":[{"embeddable":true,"href":"https:\/\/trummer.edd-studio.de\/sk\/wp-json\/wp\/v2\/users\/10"}],"replies":[{"embeddable":true,"href":"https:\/\/trummer.edd-studio.de\/sk\/wp-json\/wp\/v2\/comments?post=519"}],"version-history":[{"count":2,"href":"https:\/\/trummer.edd-studio.de\/sk\/wp-json\/wp\/v2\/pages\/519\/revisions"}],"predecessor-version":[{"id":6001,"href":"https:\/\/trummer.edd-studio.de\/sk\/wp-json\/wp\/v2\/pages\/519\/revisions\/6001"}],"wp:attachment":[{"href":"https:\/\/trummer.edd-studio.de\/sk\/wp-json\/wp\/v2\/media?parent=519"}],"curies":[{"name":"wp","href":"https:\/\/api.w.org\/{rel}","templated":true}]}}