{"id":519,"date":"2019-03-15T11:55:55","date_gmt":"2019-03-15T10:55:55","guid":{"rendered":"https:\/\/trummer.eu\/at\/?page_id=519"},"modified":"2025-11-21T12:21:07","modified_gmt":"2025-11-21T11:21:07","slug":"impressum","status":"publish","type":"page","link":"https:\/\/trummer.edd-studio.de\/pl\/impressum","title":{"rendered":"Stopka redakcyjna"},"content":{"rendered":"\n<p class=\"has-large-font-size\"><strong>Stopka redakcyjna<\/strong><\/p>\n\n\n\n<h4 class=\"wp-block-heading\">Nazwa firmy:<\/h4>\n\n\n\n<p>Trummer Personalservice Opole Sp. z o. o.<\/p>\n\n\n\n<h4 class=\"wp-block-heading\">Siedziba firmy:<\/h4>\n\n\n\n<p>Ul. Drobiarska 2a, PL-45-410 Opole<\/p>\n\n\n\n<h4 class=\"wp-block-heading\">Kontakt:<\/h4>\n\n\n\n<p>Telefon:+48 (0) 77 440 28 03 <br>E-Mail: <a href=\"mailto:opole@trummer.eu\">opole@trummer.eu<\/a><\/p>\n\n\n\n<h4 class=\"wp-block-heading\">Forma prawna:<\/h4>\n\n\n\n<p>Sp.z.o.o<\/p>\n\n\n\n<h4 class=\"wp-block-heading\">Numer identyfikacji podatkowej:<\/h4>\n\n\n\n<p>NIP: 7543064309<\/p>\n\n\n\n<h4 class=\"wp-block-heading\">Numer rejestru handlowego:<\/h4>\n\n\n\n<p>REGON: 161469580<\/p>\n\n\n\n<h4 class=\"wp-block-heading\">Reprezentowana przez:<\/h4>\n\n\n\n<p>Rudolf Trummer, Prezes<\/p>\n\n\n\n<h4 class=\"wp-block-heading\">Wy\u0142\u0105czenie odpowiedzialno\u015bci<\/h4>\n\n\n\n<h4 class=\"wp-block-heading\">Odpowiedzialno\u015b\u0107 za tre\u015bci:<\/h4>\n\n\n\n<p>Tre\u015bci naszych stron powstaj\u0105 i s\u0105 nadzorowane z najwi\u0119ksz\u0105 staranno\u015bci\u0105. Nie mo\u017cemy jednak ponosi\u0107 odpowiedzialno\u015bci za dok\u0142adno\u015b\u0107, kompletno\u015b\u0107 i aktualno\u015b\u0107 tre\u015bci.<\/p>\n\n\n\n<p>Je\u015bli na niniejszej stronie stosowane s\u0105 wyra\u017cenia odnosz\u0105ce s\u0105 do os\u00f3b, odnosz\u0105 si\u0119 one w jednakowy spos\u00f3b do kobiet i m\u0119\u017cczyzn.<\/p>\n\n\n\n<h4 class=\"wp-block-heading\">Odpowiedzialno\u015b\u0107 za linki<\/h4>\n\n\n\n<p>Nasza oferta zawiera linki do zewn\u0119trznych witryn stron trzecich, na kt\u00f3rych tre\u015bci nie mamy wp\u0142ywu. Dlatego nie mo\u017cemy ponosi\u0107 odpowiedzialno\u015bci za te tre\u015bci podmiot\u00f3w trzecich. Za zawarto\u015b\u0107 stron z odno\u015bnik\u00f3w odpowiedzialny jest zawsze odpowiedni dostawca lub operator stron. Strony z odno\u015bnik\u00f3w zosta\u0142y sprawdzone pod k\u0105tem ewentualnych narusze\u0144 prawa w momencie ich linkowania. W momencie linkowania nie rozpoznano tre\u015bci niezgodnych z prawem. Bez konkretnych dowod\u00f3w naruszenia sta\u0142a kontrola tre\u015bci stron z odno\u015bnik\u00f3w nie jest uzasadniona. Po otrzymaniu zg\u0142oszenia o naruszeniach prawa, bezzw\u0142ocznie usuniemy tego typu linki.<\/p>\n\n\n\n<h4 class=\"wp-block-heading\">Prawa autorskie<\/h4>\n\n\n\n<p>Tre\u015bci tworzone przez operatora strony oraz produkty na tej stronie podlegaj\u0105 austriackiemu prawu autorskiemu. Powielanie, edycja, dystrybucja i jakiekolwiek wykorzystywanie tych tre\u015bci poza ograniczeniami prawa autorskiego wymagaj\u0105 pisemnej zgody autora lub tw\u00f3rcy. Pobieranie i kopiowanie niniejszej strony dozwolone jest wy\u0142\u0105cznie do u\u017cytku prywatnego, niekomercyjnego. Je\u015bli tre\u015bci na niniejszej stronie nie zosta\u0142y utworzone przez operatora, obowi\u0105zuj\u0105 prawa autorskie podmiot\u00f3w trzecich. W szczeg\u00f3lno\u015bci tre\u015bci podmiot\u00f3w trzecich b\u0119d\u0105 oznaczone jako takie tre\u015bci. Je\u015bli mimo to zostanie zauwa\u017cone naruszenie praw autorskich, prosimy o odpowiedni\u0105 informacj\u0119. Po otrzymaniu zg\u0142oszenia o naruszeniach prawa, bezzw\u0142ocznie usuniemy tego typu tre\u015bci.<\/p>\n\n\n\n<h4 class=\"wp-block-heading\">Prawa do zdj\u0119\u0107<\/h4>\n\n\n\n<p>\u0179r\u00f3d\u0142a zdj\u0119\u0107: istockphoto, Fotolia i Shutterstock. Wszystkie pozosta\u0142e prawa do zdj\u0119\u0107 nale\u017c\u0105 do Trummer Montage &amp; Personal GmbH. Wszystkie marki, loga i zdj\u0119cia produkt\u00f3w s\u0105 w\u0142asno\u015bci\u0105 odpowiedniego producenta.<\/p>\n\n\n\n<h4 class=\"wp-block-heading\">Ochrona danych<\/h4>\n\n\n\n<p>Korzystanie z naszej strony mo\u017cliwe jest w zasadzie bez podawania danych osobowych. Je\u015bli na naszych stronach internetowych pobierane s\u0105 dane osobowe (na przyk\u0142ad imi\u0119 i nazwisko, adres lub e-mail), zawsze je\u015bli to mo\u017cliwe nast\u0119puje to dobrowolnie. Dane te nie s\u0105 przekazywane stronom trzecim bez wyra\u017anej zgody. Zwracamy uwag\u0119 na to, \u017ce podczas przekazywania danych w Internecie (np. podczas komunikacji poczt\u0105 e-mail) mog\u0105 pojawi\u0107 si\u0119 luki bezpiecze\u0144stwa. Ca\u0142kowita ochrona danych przed dost\u0119pem os\u00f3b trzecich jest niemo\u017cliwa. Korzystanie z danych osobowych opublikowanych w ramach obowi\u0105zku przedstawienia stopki redakcyjnej przez osoby trzecie w celu przes\u0142ania reklamy, kt\u00f3ra nie zosta\u0142a wyra\u017anie za\u017c\u0105dana oraz materia\u0142\u00f3w informacyjnych jest niniejszym wyra\u017anie zabronione. Operatorzy stron wyra\u017anie zastrzegaj\u0105 sobie prawo do podj\u0119cia krok\u00f3w prawnych w przypadku przys\u0142ania niezam\u00f3wionych informacji promocyjnych, na przyk\u0142ad przez spam.<\/p>\n\n\n\n<h4 class=\"wp-block-heading\">Google Analytics<\/h4>\n\n\n\n<p>Niniejsza strona internetowa wykorzystuje Google Analytics, us\u0142ug\u0119 analizy stron internetowy firmy Google Inc. (\u201eGoogle\u201c). Google Analytics wykorzystuje tzw. \u201ecookies\u201c, pliki tekstowe, kt\u00f3re s\u0105 zapisywane na komputerze u\u017cytkownika i kt\u00f3re umo\u017cliwiaj\u0105 analiz\u0119 sposobu korzystania ze strony internetowej. Informacje generowane przez cookie dotycz\u0105ce korzystania z niniejszej strony przez u\u017cytkownik\u00f3w (wraz z adresem IP) s\u0105 przekazywane na serwer Google w USA i tam przechowywane. Google wykorzysta te informacje w celu oceny korzystania ze strony internetowej przez u\u017cytkownika, tworzenia raport\u00f3w dotycz\u0105cych ruchu na stronie internetowej i \u015bwiadczenia innych us\u0142ug zwi\u0105zanych z korzystaniem ze strony internetowej lub z Internetu. Google mo\u017ce tak\u017ce przekazywa\u0107 te informacje stronom trzecim, je\u015bli jest to prawnie wymagane lub je\u015bli strony trzecie przetwarzaj\u0105 te dane dla Google. Google w \u017cadnym wypadku nie powi\u0105\u017ce adresu IP u\u017cytkownika z innymi danymi Google. U\u017cytkownicy mog\u0105 zrezygnowa\u0107 z zapisywania plik\u00f3w cookie, wybieraj\u0105c odpowiednie ustawienia w przegl\u0105darce. Wskazujemy jednak na to, \u017ce w takim przypadku mo\u017ce si\u0119 zdarzy\u0107, \u017ce nie b\u0119dzie mo\u017cna w pe\u0142ni korzysta\u0107 ze wszystkich funkcji niniejszej strony internetowej. Korzystaj\u0105c z niniejszej strony internetowej u\u017cytkownik wyra\u017ca zgod\u0119 na przetwarzanie danych zgromadzonych o u\u017cytkowniku przez Google w opisany powy\u017cej spos\u00f3b i do wymienionych powy\u017cej cel\u00f3w.<\/p>\n\n\n\n<p class=\"has-medium-font-size\"><strong>Facebook Pixel<\/strong><\/p>\n\n\n\n<p>Na stronie internetowej s\u0105 u\u017cywane Facebook Piksel Facebooka, jest to sie\u0107 medi\u00f3w spo\u0142eczno\u015bciowych firmy Facebook Ireland Ltd.  4 Grand Canal Square, Grand Canal Harbour, Dublin 2 Ireland.<\/p>\n\n\n\n<p>Kod zaimplementowany na stronie mo\u017ce analizowa\u0107 zachowanie odwiedzaj\u0105cych, kt\u00f3rzy trafili na t\u0119 stron\u0119 internetow\u0105 przez reklam\u0119 Facebooka. Mo\u017ce to zosta\u0107 u\u017cyte do polepszenia og\u0142osze\u0144 reklamowych Facebooka a dane zostaj\u0105 uchwycone i zapisane przez Facebook. Uchwycone dane nie s\u0105 dla nas widoczne, tylko s\u0105 wykorzystane w ramach po\u0142\u0105cze\u0144 og\u0142osze\u0144 reklamowych.<\/p>\n\n\n\n<p>Przez zastosowanie kod\u00f3w Facebook Piksel s\u0105 u\u017cywane r\u00f3wnie\u017c pliki cookies.<\/p>\n\n\n\n<p>Przez u\u017cytkowanie Facebook Piksel ka\u017cda wizyta tej strony internetowejzostaje przekazana Facebook, po to aby u\u017cytkownicy mogli \u0142atwiej zobaczy\u0107 odpowiednie reklamy. Je\u015bli u\u017cytkownicy posiadaj\u0105 konto na Facebook i s\u0105 zameldowani, wizyta strony zostaie przypisana do ich konta.<\/p>\n\n\n\n<p>Jak Facebook Piksel zostaje wykorzystywane do kampanii reklamowych, mo\u017cna si\u0119 dowiedzie\u0107  tutaj:<a href=\"https:\/\/www.facebook.com\/business\/learn\/facebook-ads-pixel\">https:\/\/www.facebook.com\/business\/learn\/facebook-ads-pixel<\/a><\/p>\n\n\n\n<p>Mo\u017cna zmieni\u0107 swoje ustawienia dotycz\u0105ce og\u0142osze\u0144 reklamowych, tutaj:  <a href=\"https:\/\/www.facebook.com\/ads\/preferences\/?entry_product=ad_settings_screen\">https:\/\/www.facebook.com\/ads\/preferences\/?entry_product=ad_settings_screen<\/a><\/p>\n\n\n\n<p><a href=\"http:\/\/www.youronlinechoices.com\/de\/praferenzmanagement\/\">http:\/\/www.youronlinechoices.com\/de\/praferenzmanagement\/<\/a> Tutaj mo\u017cna sprawdzi\u0107 swoje preferencje dotycz\u0105ce zarz\u0105dzania reklam. Na tej stronie mo\u017cna wiele us\u0142ugodawc\u00f3w deaktywowa\u0107 jak i aktywowa\u0107  b\u0105d\u017a ustawienia dotycz\u0105ce jednego us\u0142ugodawcy przedsi\u0119bra\u0107.<\/p>\n\n\n\n<p>Wi\u0119cej informacji o polityce danych Facebooka, tutaj:<a href=\"https:\/\/www.facebook.com\/policy.php\">https:\/\/www.facebook.com\/policy.php<\/a>.<\/p>\n\n\n\n<p>\u0179r\u00f3d\u0142o:  Sporz\u0105dzone z ochron\u0105 danych osobowych generatora z firmenwebseiten.at ze wsp\u00f3\u0142prac\u0105 z gartenundblumen.at<\/p>\n","protected":false},"excerpt":{"rendered":"<p>Stopka redakcyjna Nazwa firmy: Trummer Personalservice Opole Sp. z o. o. Siedziba firmy: Ul. Drobiarska 2a, PL-45-410 Opole Kontakt: Telefon:+48 (0) 77 440 28 03 E-Mail: opole@trummer.eu Forma prawna: Sp.z.o.o Numer identyfikacji podatkowej: NIP: 7543064309 Numer rejestru handlowego: REGON: 161469580 Reprezentowana przez: Rudolf Trummer, Prezes Wy\u0142\u0105czenie odpowiedzialno\u015bci Odpowiedzialno\u015b\u0107 za tre\u015bci: Tre\u015bci naszych stron powstaj\u0105 i [&hellip;]<\/p>\n","protected":false},"author":8,"featured_media":0,"parent":0,"menu_order":0,"comment_status":"closed","ping_status":"closed","template":"","meta":{"_acf_changed":false,"footnotes":""},"class_list":["post-519","page","type-page","status-publish","hentry"],"acf":[],"yoast_head":"<!-- This site is optimized with the Yoast SEO plugin v26.8 - https:\/\/yoast.com\/product\/yoast-seo-wordpress\/ -->\n<title>Stopka redakcyjna - Trummer Poland<\/title>\n<meta name=\"robots\" content=\"index, follow, max-snippet:-1, max-image-preview:large, max-video-preview:-1\" \/>\n<link rel=\"canonical\" href=\"https:\/\/trummer.edd-studio.de\/pl\/impressum\" \/>\n<meta property=\"og:locale\" content=\"en_US\" \/>\n<meta property=\"og:type\" content=\"article\" \/>\n<meta property=\"og:title\" content=\"Stopka redakcyjna - Trummer Poland\" \/>\n<meta property=\"og:description\" content=\"Stopka redakcyjna Nazwa firmy: Trummer Personalservice Opole Sp. z o. o. Siedziba firmy: Ul. Drobiarska 2a, PL-45-410 Opole Kontakt: Telefon:+48 (0) 77 440 28 03 E-Mail: opole@trummer.eu Forma prawna: Sp.z.o.o Numer identyfikacji podatkowej: NIP: 7543064309 Numer rejestru handlowego: REGON: 161469580 Reprezentowana przez: Rudolf Trummer, Prezes Wy\u0142\u0105czenie odpowiedzialno\u015bci Odpowiedzialno\u015b\u0107 za tre\u015bci: Tre\u015bci naszych stron powstaj\u0105 i [&hellip;]\" \/>\n<meta property=\"og:url\" content=\"https:\/\/trummer.edd-studio.de\/pl\/impressum\" \/>\n<meta property=\"og:site_name\" content=\"Trummer Poland\" \/>\n<meta property=\"article:modified_time\" content=\"2025-11-21T11:21:07+00:00\" \/>\n<meta name=\"twitter:card\" content=\"summary_large_image\" \/>\n<meta name=\"twitter:label1\" content=\"Est. reading time\" \/>\n\t<meta name=\"twitter:data1\" content=\"4 minutes\" \/>\n<script type=\"application\/ld+json\" class=\"yoast-schema-graph\">{\"@context\":\"https:\/\/schema.org\",\"@graph\":[{\"@type\":\"WebPage\",\"@id\":\"https:\/\/trummer.edd-studio.de\/pl\/impressum\",\"url\":\"https:\/\/trummer.edd-studio.de\/pl\/impressum\",\"name\":\"Stopka redakcyjna - Trummer Poland\",\"isPartOf\":{\"@id\":\"https:\/\/trummer.edd-studio.de\/pl\/#website\"},\"datePublished\":\"2019-03-15T10:55:55+00:00\",\"dateModified\":\"2025-11-21T11:21:07+00:00\",\"breadcrumb\":{\"@id\":\"https:\/\/trummer.edd-studio.de\/pl\/impressum#breadcrumb\"},\"inLanguage\":\"en-US\",\"potentialAction\":[{\"@type\":\"ReadAction\",\"target\":[\"https:\/\/trummer.edd-studio.de\/pl\/impressum\"]}]},{\"@type\":\"BreadcrumbList\",\"@id\":\"https:\/\/trummer.edd-studio.de\/pl\/impressum#breadcrumb\",\"itemListElement\":[{\"@type\":\"ListItem\",\"position\":1,\"name\":\"Startseite\",\"item\":\"https:\/\/trummer.edd-studio.de\/pl\/\"},{\"@type\":\"ListItem\",\"position\":2,\"name\":\"Stopka redakcyjna\"}]},{\"@type\":\"WebSite\",\"@id\":\"https:\/\/trummer.edd-studio.de\/pl\/#website\",\"url\":\"https:\/\/trummer.edd-studio.de\/pl\/\",\"name\":\"Trummer Poland\",\"description\":\"Seit 1987 von Mensch zu Mensch.\",\"potentialAction\":[{\"@type\":\"SearchAction\",\"target\":{\"@type\":\"EntryPoint\",\"urlTemplate\":\"https:\/\/trummer.edd-studio.de\/pl\/?s={search_term_string}\"},\"query-input\":{\"@type\":\"PropertyValueSpecification\",\"valueRequired\":true,\"valueName\":\"search_term_string\"}}],\"inLanguage\":\"en-US\"}]}<\/script>\n<!-- \/ Yoast SEO plugin. -->","yoast_head_json":{"title":"Stopka redakcyjna - Trummer Poland","robots":{"index":"index","follow":"follow","max-snippet":"max-snippet:-1","max-image-preview":"max-image-preview:large","max-video-preview":"max-video-preview:-1"},"canonical":"https:\/\/trummer.edd-studio.de\/pl\/impressum","og_locale":"en_US","og_type":"article","og_title":"Stopka redakcyjna - Trummer Poland","og_description":"Stopka redakcyjna Nazwa firmy: Trummer Personalservice Opole Sp. z o. o. Siedziba firmy: Ul. Drobiarska 2a, PL-45-410 Opole Kontakt: Telefon:+48 (0) 77 440 28 03 E-Mail: opole@trummer.eu Forma prawna: Sp.z.o.o Numer identyfikacji podatkowej: NIP: 7543064309 Numer rejestru handlowego: REGON: 161469580 Reprezentowana przez: Rudolf Trummer, Prezes Wy\u0142\u0105czenie odpowiedzialno\u015bci Odpowiedzialno\u015b\u0107 za tre\u015bci: Tre\u015bci naszych stron powstaj\u0105 i [&hellip;]","og_url":"https:\/\/trummer.edd-studio.de\/pl\/impressum","og_site_name":"Trummer Poland","article_modified_time":"2025-11-21T11:21:07+00:00","twitter_card":"summary_large_image","twitter_misc":{"Est. reading time":"4 minutes"},"schema":{"@context":"https:\/\/schema.org","@graph":[{"@type":"WebPage","@id":"https:\/\/trummer.edd-studio.de\/pl\/impressum","url":"https:\/\/trummer.edd-studio.de\/pl\/impressum","name":"Stopka redakcyjna - Trummer Poland","isPartOf":{"@id":"https:\/\/trummer.edd-studio.de\/pl\/#website"},"datePublished":"2019-03-15T10:55:55+00:00","dateModified":"2025-11-21T11:21:07+00:00","breadcrumb":{"@id":"https:\/\/trummer.edd-studio.de\/pl\/impressum#breadcrumb"},"inLanguage":"en-US","potentialAction":[{"@type":"ReadAction","target":["https:\/\/trummer.edd-studio.de\/pl\/impressum"]}]},{"@type":"BreadcrumbList","@id":"https:\/\/trummer.edd-studio.de\/pl\/impressum#breadcrumb","itemListElement":[{"@type":"ListItem","position":1,"name":"Startseite","item":"https:\/\/trummer.edd-studio.de\/pl\/"},{"@type":"ListItem","position":2,"name":"Stopka redakcyjna"}]},{"@type":"WebSite","@id":"https:\/\/trummer.edd-studio.de\/pl\/#website","url":"https:\/\/trummer.edd-studio.de\/pl\/","name":"Trummer Poland","description":"Seit 1987 von Mensch zu Mensch.","potentialAction":[{"@type":"SearchAction","target":{"@type":"EntryPoint","urlTemplate":"https:\/\/trummer.edd-studio.de\/pl\/?s={search_term_string}"},"query-input":{"@type":"PropertyValueSpecification","valueRequired":true,"valueName":"search_term_string"}}],"inLanguage":"en-US"}]}},"_links":{"self":[{"href":"https:\/\/trummer.edd-studio.de\/pl\/wp-json\/wp\/v2\/pages\/519","targetHints":{"allow":["GET"]}}],"collection":[{"href":"https:\/\/trummer.edd-studio.de\/pl\/wp-json\/wp\/v2\/pages"}],"about":[{"href":"https:\/\/trummer.edd-studio.de\/pl\/wp-json\/wp\/v2\/types\/page"}],"author":[{"embeddable":true,"href":"https:\/\/trummer.edd-studio.de\/pl\/wp-json\/wp\/v2\/users\/8"}],"replies":[{"embeddable":true,"href":"https:\/\/trummer.edd-studio.de\/pl\/wp-json\/wp\/v2\/comments?post=519"}],"version-history":[{"count":5,"href":"https:\/\/trummer.edd-studio.de\/pl\/wp-json\/wp\/v2\/pages\/519\/revisions"}],"predecessor-version":[{"id":2390,"href":"https:\/\/trummer.edd-studio.de\/pl\/wp-json\/wp\/v2\/pages\/519\/revisions\/2390"}],"wp:attachment":[{"href":"https:\/\/trummer.edd-studio.de\/pl\/wp-json\/wp\/v2\/media?parent=519"}],"curies":[{"name":"wp","href":"https:\/\/api.w.org\/{rel}","templated":true}]}}