{"id":519,"date":"2019-03-15T11:55:55","date_gmt":"2019-03-15T10:55:55","guid":{"rendered":"https:\/\/trummer.eu\/at\/?page_id=519"},"modified":"2025-02-26T11:30:09","modified_gmt":"2025-02-26T10:30:09","slug":"impressum","status":"publish","type":"page","link":"https:\/\/trummer.edd-studio.de\/hu\/impressum","title":{"rendered":"Impresszum"},"content":{"rendered":"\n<p class=\"has-large-font-size\"><strong>Impresszum<\/strong><\/p>\n\n\n\n<h3 class=\"wp-block-heading\">C\u00e9g neve<\/h3>\n\n\n\n<p>Trummer Szem\u00e9lyzeti Szolg\u00e1ltat\u00f3 Kft.<\/p>\n\n\n\n<h3 class=\"wp-block-heading\">C\u00e9g sz\u00e9khelye<\/h3>\n\n\n\n<p>\u00a0Zanati \u00fat 38,\u00a0HU-9700 Szombathely<\/p>\n\n\n\n<h3 class=\"wp-block-heading\">Kapcsolat<\/h3>\n\n\n\n<p>Telefon: +36 70 751 8585<br>Fax: +36 94 501 483\u00a0<br>E-Mail:\u00a0<a href=\"mailto:trummerkft@trummer.hu\"><a href=\"mailto:ungarn@trummer.eu\">ungarn@trummer.eu<\/a><\/a><\/p>\n\n\n\n<h3 class=\"wp-block-heading\">Jogi forma<\/h3>\n\n\n\n<p>Kft.<\/p>\n\n\n\n<h3 class=\"wp-block-heading\">K\u00e9pvisel\u0151<\/h3>\n\n\n\n<p>Rudolf Trummer, \u00dcgyvezet\u0151 igazgat\u00f3<\/p>\n\n\n\n<h3 class=\"wp-block-heading\">A felel\u0151ss\u00e9g kiz\u00e1r\u00e1sa<\/h3>\n\n\n\n<h3 class=\"wp-block-heading\">A tartalom\u00e9rt v\u00e1llalt felel\u0151ss\u00e9g<\/h3>\n\n\n\n<p>Oldalaink tartalm\u00e1t nagy gonddal \u00e1ll\u00edtottuk \u00f6ssze. A tartalom helyess\u00e9g\u00e9\u00e9rt, teljess\u00e9g\u00e9\u00e9rt \u00e9s aktualit\u00e1s\u00e1\u00e9rt azonban nem tudunk felel\u0151ss\u00e9get v\u00e1llalni.<\/p>\n\n\n\n<p>Amennyiben jelen weboldalon szem\u00e9lyekre vonatkoz\u00f3 kifejez\u00e9seket haszn\u00e1lunk, \u00fagy ez alatt n\u0151ket \u00e9s f\u00e9rfiakat egyar\u00e1nt \u00e9rt\u00fcnk.<\/p>\n\n\n\n<h3 class=\"wp-block-heading\">A hivatkoz\u00e1sok\u00e9rt v\u00e1llalt felel\u0151ss\u00e9g<\/h3>\n\n\n\n<p>Aj\u00e1nlatunk harmadik f\u00e9l k\u00fcls\u0151 weboldalaira mutat\u00f3 hivatkoz\u00e1sokat tartalmaz, amely oldalak tartama hat\u00e1sk\u00f6r\u00fcnk\u00f6n k\u00edv\u00fcl esik, ez\u00e9rt ezen idegen tartalmak\u00e9rt nem tudunk felel\u0151ss\u00e9get v\u00e1llalni. A hivatkozott oldalak tartalmai\u00e9rt az oldalak mindenkori szolg\u00e1ltat\u00f3ja vagy \u00fczemeltet\u0151je a felel\u0151s. A hivatkozott oldalakat a hivatkoz\u00e1s id\u0151pontj\u00e1ban minden lehets\u00e9ges jogs\u00e9rt\u00e9sre n\u00e9zve megvizsg\u00e1ltuk. A hivatkoz\u00e1s l\u00e9trehoz\u00e1s\u00e1nak id\u0151pontj\u00e1ban jogs\u00e9rt\u0151 tartalmak nem voltak meg\u00e1llap\u00edthat\u00f3ak. A hivatkozott oldalak folyamatos tartalmi ellen\u0151rz\u00e9se azonban konkr\u00e9t bizony\u00edt\u00e9kok hi\u00e1ny\u00e1ban nem v\u00e1rhat\u00f3 el t\u0151l\u00fcnk. A jogs\u00e9rt\u00e9sek ismertt\u00e9 v\u00e1l\u00e1sakor az ilyen hivatkoz\u00e1sokat azonnal elt\u00e1vol\u00edtjuk.<\/p>\n\n\n\n<h3 class=\"wp-block-heading\">Szerz\u0151i jogok <\/h3>\n\n\n\n<p>Az ezen az oldalon megjelen\u0151 \u00e9s az oldal \u00fczemeltet\u0151je \u00e1ltal l\u00e9trehozott tartalmak \u00e9s alkot\u00e1sok az osztr\u00e1k szerz\u0151i jogi t\u00f6rv\u00e9nyek hat\u00e1lya al\u00e1 esnek. E tartalmaknak a szerz\u0151i jog hat\u00e1rain k\u00edv\u00fcl es\u0151 sokszoros\u00edt\u00e1s\u00e1hoz, \u00e1tdolgoz\u00e1s\u00e1hoz, terjeszt\u00e9s\u00e9hez \u00e9s b\u00e1rmilyen m\u00e1s m\u00f3don t\u00f6rt\u00e9n\u0151 felhaszn\u00e1l\u00e1s\u00e1hoz a mindenkori szerz\u0151, illetve az alkot\u00f3 \u00edr\u00e1sos beleegyez\u00e9se sz\u00fcks\u00e9ges. Ezen oldalak mag\u00e1n, teh\u00e1t nem kereskedelmi haszn\u00e1latra t\u00f6rt\u00e9n\u0151 let\u00f6lt\u00e9se \u00e9s m\u00e1sol\u00e1sa megengedett. Amennyiben az ezen oldalon megjelen\u0151 tartalom szerz\u0151je nem az oldal \u00fczemeltet\u0151je, akkor a szerz\u0151i jogokkal a harmadik f\u00e9l rendelkezik. Ez k\u00fcl\u00f6n\u00f6sk\u00e9ppen a harmadik f\u00e9l \u00e1ltal szerz\u0151i jogokkal ell\u00e1tott tartalmakra vonatkozik. Ha ennek ellen\u00e9re szerz\u0151i jogok megs\u00e9rt\u00e9s\u00e9t tapasztalja, k\u00e9rj\u00fck, \u00e9rtes\u00edtsen minket. A jogs\u00e9rt\u00e9sek ismertt\u00e9 v\u00e1l\u00e1sakor az ilyen jelleg\u0171 tartalmakat azonnal elt\u00e1vol\u00edtjuk.<\/p>\n\n\n\n<h3 class=\"wp-block-heading\">K\u00e9pek szerz\u0151i joga<\/h3>\n\n\n\n<p>Nemzetk\u00f6zi k\u00e9pek: istockphoto, Fotolia \u00e9s Shutterstock. A k\u00e9pek minden m\u00e1s szerz\u0151i joga a Trummer Szem\u00e9lyzeti Szolg\u00e1ltat\u00f3 Kft-t illeti. Minden m\u00e1rkajelz\u00e9s, log\u00f3, term\u00e9kekr\u0151l k\u00e9sz\u00fclt k\u00e9p az adott k\u00e9sz\u00edt\u0151 tulajdona.<\/p>\n\n\n\n<h3 class=\"wp-block-heading\">Adatv\u00e9delem<\/h3>\n\n\n\n<p>Weboldalunkat alapvet\u0151en szem\u00e9lyes adatai megad\u00e1sa n\u00e9lk\u00fcl haszn\u00e1lhatja. Amennyiben oldalunkon szem\u00e9lyes jelleg\u0171 adatok (p\u00e9ld\u00e1ul n\u00e9v, c\u00edm vagy e-mail c\u00edmek) magad\u00e1s\u00e1ra vonatkoz\u00f3 felk\u00e9r\u00e9st tal\u00e1l, akkor az adatok megad\u00e1sa teljes m\u00e9rt\u00e9kben \u00f6nk\u00e9ntesen t\u00f6rt\u00e9nik. Ezen adatait az \u00d6n kifejezett beleegyez\u00e9se n\u00e9lk\u00fcl harmadik f\u00e9l r\u00e9sz\u00e9re nem adjuk tov\u00e1bb. K\u00e9rj\u00fck, vegye figyelembe, hogy az adatok interneten kereszt\u00fcl t\u00f6rt\u00e9n\u0151 tov\u00e1bb\u00edt\u00e1sa k\u00f6zben (pl. e-mail kommunik\u00e1ci\u00f3) a biztons\u00e1gi rendszeren r\u00e9sek lehetnek. Harmadik f\u00e9lnek az adatokhoz val\u00f3 hozz\u00e1f\u00e9r\u00e9s\u00e9t teljes m\u00e9rt\u00e9kben megakad\u00e1lyoz\u00f3 adatv\u00e9delem nem l\u00e9tezik. Az impresszumra vonatkoz\u00f3 k\u00f6telezetts\u00e9g keretein bel\u00fcl nyilv\u00e1noss\u00e1gra hozott el\u00e9rhet\u0151s\u00e9gi adatait harmadik f\u00e9l sz\u00e1m\u00e1ra nem adjuk ki. Adatainak felhaszn\u00e1l\u00e1sa teljes m\u00e9rt\u00e9kben kiz\u00e1rt \u00edr\u00e1sban nem ig\u00e9nyelt rekl\u00e1mok \u00e9s inform\u00e1ci\u00f3s anyagok k\u00fcld\u00e9s\u00e9hez. Az oldalak szolg\u00e1ltat\u00f3i nem k\u00edv\u00e1nt prom\u00f3ci\u00f3s inform\u00e1ci\u00f3k, lev\u00e9lszem\u00e9t e-mailek k\u00fcld\u00e9se eset\u00e9n hat\u00e1rozott jogi l\u00e9p\u00e9seket helyeznek kil\u00e1t\u00e1sba.<\/p>\n\n\n\n<h3 class=\"wp-block-heading\">Google Analytics <\/h3>\n\n\n\n<p>Ez a weboldal Google Analytics-et haszn\u00e1l, amely a Google Inc. (\u201eGoogle\u201d) webelemz\u0151 szolg\u00e1ltat\u00e1sa. A Google Analytics \u00fagynevezett \u201es\u00fctiket\u201d, sz\u00f6vegf\u00e1jlokat haszn\u00e1l \u00e9s t\u00e1rol az \u00d6n sz\u00e1m\u00edt\u00f3g\u00e9p\u00e9n, amelyek lehet\u0151v\u00e9 teszik annak elemz\u00e9s\u00e9t, hogy a felhaszn\u00e1l\u00f3k hogyan haszn\u00e1lj\u00e1k a weboldalt. A s\u00fctik \u00e1ltal a weboldal haszn\u00e1lat\u00e1val kapcsolatban gener\u00e1lt inform\u00e1ci\u00f3k (bele\u00e9rtve az \u00d6n IP-c\u00edm\u00e9t is) az Egyes\u00fclt \u00c1llamokban tal\u00e1lhat\u00f3 Google szerverre tov\u00e1bb\u00edtja a rendszer, \u00e9s az adatokat ez a szerver t\u00e1rolja. A Google ezeket az inform\u00e1ci\u00f3kat annak \u00e9rt\u00e9kel\u00e9s\u00e9re haszn\u00e1lja fel, hogy \u00d6n hogyan haszn\u00e1lja a weboldalt, hogy jelent\u00e9seket \u00e1ll\u00edtson \u00f6ssze a weboldalon val\u00f3 aktivit\u00e1sr\u00f3l a weboldal \u00fczemeltet\u0151i r\u00e9sz\u00e9re \u00e9s hogy m\u00e1s, a weboldallal \u00e9s az internettel kapcsolatos szolg\u00e1ltat\u00e1sokat ny\u00fajtson. Ezeket az inform\u00e1ci\u00f3kat a Google harmadik f\u00e9lnek is \u00e1tadhatja, amennyiben ez t\u00f6rv\u00e9nyi el\u0151\u00edr\u00e1s, vagy ha a Google megb\u00edz\u00e1s\u00e1b\u00f3l harmadik f\u00e9l dolgozza fel ezeket az adatokat. A Google az \u00d6n IP-c\u00edm\u00e9t semmilyen esetben sem t\u00e1rs\u00edtja m\u00e1s Google adatokkal. A s\u00fctik haszn\u00e1lat\u00e1t megakad\u00e1lyozhatja a b\u00f6ng\u00e9sz\u0151 megfelel\u0151 be\u00e1ll\u00edt\u00e1s\u00e1val; ugyanakkor hangs\u00falyozzuk, hogy ebben az esetben el\u0151fordulhat, hogy a honlap nem minden funkci\u00f3j\u00e1t tudja majd haszn\u00e1lni. Ezen weboldal haszn\u00e1lat\u00e1val \u00d6n \u00fagy nyilatkozik, hogy a Google \u00e1ltal megismert adatok fent ismertetett m\u00f3d\u00fa \u00e9s c\u00e9l\u00fa felhaszn\u00e1l\u00e1s\u00e1t elfogadja.<\/p>\n\n\n\n<h3 class=\"wp-block-heading\" id=\"mce_2\">Facebook Pixel <\/h3>\n\n\n\n<p>Ezen a weboldalon Facebook-k\u00e9ppontokat haszn\u00e1lunk, c\u00e9g megnevez\u00e9se \u00e9s c\u00edme:\nFacebook Ireland <a>Ltd. Social Media Network, 4 Grand\nCanal Square, a Grand Canal Harbour, Dublin 2 Ireland.<\/a><\/p>\n\n\n\n<p>Az ezen az oldalon v\u00e9grehajtott k\u00f3d\nki\u00e9rt\u00e9kelheti azon felhaszn\u00e1l\u00f3k viselked\u00e9s\u00e9t\/magatart\u00e1s\u00e1t, akik egy Facebook\nrekl\u00e1mhirdet\u00e9sen kereszt\u00fcl \u00e9rkeztek erre a weboldalra. Ezek az adatok\nfelhaszn\u00e1lhat\u00f3ak a Facebook hirdet\u00e9sek jav\u00edt\u00e1s\u00e1ra, valamint a Facebook gy\u0171jti\n\u00e9s t\u00e1rolja \u0151ket. Az \u00f6sszegy\u0171jt\u00f6tt adatok sz\u00e1munkra nem l\u00e1that\u00f3ak, csak a\nhirdet\u00e9sek szerkeszt\u00e9s\u00e9n\u00e9l haszn\u00e1lhat\u00f3ak. A Facebook-k\u00e9ppontok haszn\u00e1lat\u00e1val\ns\u00fctik (cookie-k) is be\u00e1ll\u00edt\u00e1sra ker\u00fclnek.<\/p>\n\n\n\n<p>A Facebook-k\u00e9ppontok haszn\u00e1lat\u00e1val a\nweboldal \u00e9rtes\u00edti a Facebook-ot a webhely l\u00e1togat\u00e1s\u00e1r\u00f3l annak \u00e9rdek\u00e9ben, hogy a\nfelhaszn\u00e1l\u00f3k ig\u00e9nyeiknek megfelel\u0151 hirdet\u00e9seket l\u00e1thassanak a Facebook-on.\nAmennyiben van Facebook-fi\u00f3kja, \u00e9s be is van jelentkezve, akkor a weboldal l\u00e1togat\u00e1s\u00e1t\nhozz\u00e1rendelik a Facebook felhaszn\u00e1l\u00f3i fi\u00f3kj\u00e1hoz.<\/p>\n\n\n\n<p>Ha szeretn\u00e9 megtudni, hogy a\nFacebook-k\u00e9ppontot hogyan haszn\u00e1lj\u00e1k a hirdet\u00e9si kamp\u00e1nyokhoz, l\u00e1togasson el a <a href=\"https:\/\/www.facebook.com\/business\/learn\/facebook-ads-pixel\">https:\/\/www.facebook.com\/business\/learn\/facebook-ads-pixel<\/a> oldalra.<\/p>\n\n\n\n<p>A Facebook hirdet\u00e9smegjelen\u00edt\u00e9si\nbe\u00e1ll\u00edt\u00e1sait\/preferenci\u00e1it a <a href=\"https:\/\/www.facebook.com\/ads\/preferences\/?entry_product=ad_settings_screen\">https:\/\/www.facebook.com\/ads\/preferences\/?entry_product=ad_settings_screen<\/a> oldalon v\u00e1ltoztathatja meg, ha be van\njelentkezve a Facebook profilj\u00e1ba. A <a href=\"http:\/\/www.youronlinechoices.com\/preferenialmanagement\/\">http:\/\/www.youronlinechoices.com\/preferenialmanagement\/<\/a> oldalon kezelheti a felhaszn\u00e1l\u00e1son\nalapul\u00f3 online hirdet\u00e9sekre vonatkoz\u00f3 preferenci\u00e1it. Az el\u0151bb eml\u00edtett oldalon\negyszerre t\u00f6bb szolg\u00e1ltat\u00f3t tilthat vagy enged\u00e9lyezhet, illetve m\u00f3dos\u00edthatja az\negyes szolg\u00e1ltat\u00f3kra vonatkoz\u00f3 be\u00e1ll\u00edt\u00e1sokat.<\/p>\n\n\n\n<p>Tov\u00e1bbi inform\u00e1ci\u00f3kat a Facebook adatokra\nvonatkoz\u00f3 ir\u00e1nyelv\u00e9r\u0151l a <a href=\"https:\/\/www.facebook.com\/policy.php\">https:\/\/www.facebook.com\/policy.php<\/a> oldalon tal\u00e1l.<\/p>\n\n\n\n<p class=\"has-small-font-size\">Forr\u00e1s: a firmenwebseiten.at adatv\u00e9delmi\ngener\u00e1tor\u00e1val \u00e9s a gartenundblumen.at-val egy\u00fcttm\u0171k\u00f6dve k\u00e9sz\u00fclt.<\/p>\n","protected":false},"excerpt":{"rendered":"<p>Impresszum C\u00e9g neve Trummer Szem\u00e9lyzeti Szolg\u00e1ltat\u00f3 Kft. C\u00e9g sz\u00e9khelye \u00a0Zanati \u00fat 38,\u00a0HU-9700 Szombathely Kapcsolat Telefon: +36 70 751 8585Fax: +36 94 501 483\u00a0E-Mail:\u00a0ungarn@trummer.eu Jogi forma Kft. K\u00e9pvisel\u0151 Rudolf Trummer, \u00dcgyvezet\u0151 igazgat\u00f3 A felel\u0151ss\u00e9g kiz\u00e1r\u00e1sa A tartalom\u00e9rt v\u00e1llalt felel\u0151ss\u00e9g Oldalaink tartalm\u00e1t nagy gonddal \u00e1ll\u00edtottuk \u00f6ssze. A tartalom helyess\u00e9g\u00e9\u00e9rt, teljess\u00e9g\u00e9\u00e9rt \u00e9s aktualit\u00e1s\u00e1\u00e9rt azonban nem tudunk felel\u0151ss\u00e9get v\u00e1llalni. [&hellip;]<\/p>\n","protected":false},"author":7,"featured_media":0,"parent":0,"menu_order":0,"comment_status":"closed","ping_status":"closed","template":"","meta":{"_acf_changed":false,"footnotes":""},"class_list":["post-519","page","type-page","status-publish","hentry"],"acf":[],"yoast_head":"<!-- This site is optimized with the Yoast SEO plugin v26.8 - https:\/\/yoast.com\/product\/yoast-seo-wordpress\/ -->\n<title>Impresszum - Trummer Hungary<\/title>\n<meta name=\"robots\" content=\"index, follow, max-snippet:-1, max-image-preview:large, max-video-preview:-1\" \/>\n<link rel=\"canonical\" href=\"https:\/\/trummer.edd-studio.de\/hu\/impressum\" \/>\n<meta property=\"og:locale\" content=\"en_US\" \/>\n<meta property=\"og:type\" content=\"article\" \/>\n<meta property=\"og:title\" content=\"Impresszum - Trummer Hungary\" \/>\n<meta property=\"og:description\" content=\"Impresszum C\u00e9g neve Trummer Szem\u00e9lyzeti Szolg\u00e1ltat\u00f3 Kft. C\u00e9g sz\u00e9khelye \u00a0Zanati \u00fat 38,\u00a0HU-9700 Szombathely Kapcsolat Telefon: +36 70 751 8585Fax: +36 94 501 483\u00a0E-Mail:\u00a0ungarn@trummer.eu Jogi forma Kft. K\u00e9pvisel\u0151 Rudolf Trummer, \u00dcgyvezet\u0151 igazgat\u00f3 A felel\u0151ss\u00e9g kiz\u00e1r\u00e1sa A tartalom\u00e9rt v\u00e1llalt felel\u0151ss\u00e9g Oldalaink tartalm\u00e1t nagy gonddal \u00e1ll\u00edtottuk \u00f6ssze. A tartalom helyess\u00e9g\u00e9\u00e9rt, teljess\u00e9g\u00e9\u00e9rt \u00e9s aktualit\u00e1s\u00e1\u00e9rt azonban nem tudunk felel\u0151ss\u00e9get v\u00e1llalni. [&hellip;]\" \/>\n<meta property=\"og:url\" content=\"https:\/\/trummer.edd-studio.de\/hu\/impressum\" \/>\n<meta property=\"og:site_name\" content=\"Trummer Hungary\" \/>\n<meta property=\"article:modified_time\" content=\"2025-02-26T10:30:09+00:00\" \/>\n<meta name=\"twitter:card\" content=\"summary_large_image\" \/>\n<meta name=\"twitter:label1\" content=\"Est. reading time\" \/>\n\t<meta name=\"twitter:data1\" content=\"4 minutes\" \/>\n<script type=\"application\/ld+json\" class=\"yoast-schema-graph\">{\"@context\":\"https:\/\/schema.org\",\"@graph\":[{\"@type\":\"WebPage\",\"@id\":\"https:\/\/trummer.edd-studio.de\/hu\/impressum\",\"url\":\"https:\/\/trummer.edd-studio.de\/hu\/impressum\",\"name\":\"Impresszum - Trummer Hungary\",\"isPartOf\":{\"@id\":\"https:\/\/trummer.edd-studio.de\/hu\/#website\"},\"datePublished\":\"2019-03-15T10:55:55+00:00\",\"dateModified\":\"2025-02-26T10:30:09+00:00\",\"breadcrumb\":{\"@id\":\"https:\/\/trummer.edd-studio.de\/hu\/impressum#breadcrumb\"},\"inLanguage\":\"en-US\",\"potentialAction\":[{\"@type\":\"ReadAction\",\"target\":[\"https:\/\/trummer.edd-studio.de\/hu\/impressum\"]}]},{\"@type\":\"BreadcrumbList\",\"@id\":\"https:\/\/trummer.edd-studio.de\/hu\/impressum#breadcrumb\",\"itemListElement\":[{\"@type\":\"ListItem\",\"position\":1,\"name\":\"Startseite\",\"item\":\"https:\/\/trummer.edd-studio.de\/hu\/\"},{\"@type\":\"ListItem\",\"position\":2,\"name\":\"Impresszum\"}]},{\"@type\":\"WebSite\",\"@id\":\"https:\/\/trummer.edd-studio.de\/hu\/#website\",\"url\":\"https:\/\/trummer.edd-studio.de\/hu\/\",\"name\":\"Trummer Hungary\",\"description\":\"Trummer | Die besten Jobs seit 1987.\",\"potentialAction\":[{\"@type\":\"SearchAction\",\"target\":{\"@type\":\"EntryPoint\",\"urlTemplate\":\"https:\/\/trummer.edd-studio.de\/hu\/?s={search_term_string}\"},\"query-input\":{\"@type\":\"PropertyValueSpecification\",\"valueRequired\":true,\"valueName\":\"search_term_string\"}}],\"inLanguage\":\"en-US\"}]}<\/script>\n<!-- \/ Yoast SEO plugin. -->","yoast_head_json":{"title":"Impresszum - Trummer Hungary","robots":{"index":"index","follow":"follow","max-snippet":"max-snippet:-1","max-image-preview":"max-image-preview:large","max-video-preview":"max-video-preview:-1"},"canonical":"https:\/\/trummer.edd-studio.de\/hu\/impressum","og_locale":"en_US","og_type":"article","og_title":"Impresszum - Trummer Hungary","og_description":"Impresszum C\u00e9g neve Trummer Szem\u00e9lyzeti Szolg\u00e1ltat\u00f3 Kft. C\u00e9g sz\u00e9khelye \u00a0Zanati \u00fat 38,\u00a0HU-9700 Szombathely Kapcsolat Telefon: +36 70 751 8585Fax: +36 94 501 483\u00a0E-Mail:\u00a0ungarn@trummer.eu Jogi forma Kft. K\u00e9pvisel\u0151 Rudolf Trummer, \u00dcgyvezet\u0151 igazgat\u00f3 A felel\u0151ss\u00e9g kiz\u00e1r\u00e1sa A tartalom\u00e9rt v\u00e1llalt felel\u0151ss\u00e9g Oldalaink tartalm\u00e1t nagy gonddal \u00e1ll\u00edtottuk \u00f6ssze. A tartalom helyess\u00e9g\u00e9\u00e9rt, teljess\u00e9g\u00e9\u00e9rt \u00e9s aktualit\u00e1s\u00e1\u00e9rt azonban nem tudunk felel\u0151ss\u00e9get v\u00e1llalni. [&hellip;]","og_url":"https:\/\/trummer.edd-studio.de\/hu\/impressum","og_site_name":"Trummer Hungary","article_modified_time":"2025-02-26T10:30:09+00:00","twitter_card":"summary_large_image","twitter_misc":{"Est. reading time":"4 minutes"},"schema":{"@context":"https:\/\/schema.org","@graph":[{"@type":"WebPage","@id":"https:\/\/trummer.edd-studio.de\/hu\/impressum","url":"https:\/\/trummer.edd-studio.de\/hu\/impressum","name":"Impresszum - Trummer Hungary","isPartOf":{"@id":"https:\/\/trummer.edd-studio.de\/hu\/#website"},"datePublished":"2019-03-15T10:55:55+00:00","dateModified":"2025-02-26T10:30:09+00:00","breadcrumb":{"@id":"https:\/\/trummer.edd-studio.de\/hu\/impressum#breadcrumb"},"inLanguage":"en-US","potentialAction":[{"@type":"ReadAction","target":["https:\/\/trummer.edd-studio.de\/hu\/impressum"]}]},{"@type":"BreadcrumbList","@id":"https:\/\/trummer.edd-studio.de\/hu\/impressum#breadcrumb","itemListElement":[{"@type":"ListItem","position":1,"name":"Startseite","item":"https:\/\/trummer.edd-studio.de\/hu\/"},{"@type":"ListItem","position":2,"name":"Impresszum"}]},{"@type":"WebSite","@id":"https:\/\/trummer.edd-studio.de\/hu\/#website","url":"https:\/\/trummer.edd-studio.de\/hu\/","name":"Trummer Hungary","description":"Trummer | Die besten Jobs seit 1987.","potentialAction":[{"@type":"SearchAction","target":{"@type":"EntryPoint","urlTemplate":"https:\/\/trummer.edd-studio.de\/hu\/?s={search_term_string}"},"query-input":{"@type":"PropertyValueSpecification","valueRequired":true,"valueName":"search_term_string"}}],"inLanguage":"en-US"}]}},"_links":{"self":[{"href":"https:\/\/trummer.edd-studio.de\/hu\/wp-json\/wp\/v2\/pages\/519","targetHints":{"allow":["GET"]}}],"collection":[{"href":"https:\/\/trummer.edd-studio.de\/hu\/wp-json\/wp\/v2\/pages"}],"about":[{"href":"https:\/\/trummer.edd-studio.de\/hu\/wp-json\/wp\/v2\/types\/page"}],"author":[{"embeddable":true,"href":"https:\/\/trummer.edd-studio.de\/hu\/wp-json\/wp\/v2\/users\/7"}],"replies":[{"embeddable":true,"href":"https:\/\/trummer.edd-studio.de\/hu\/wp-json\/wp\/v2\/comments?post=519"}],"version-history":[{"count":5,"href":"https:\/\/trummer.edd-studio.de\/hu\/wp-json\/wp\/v2\/pages\/519\/revisions"}],"predecessor-version":[{"id":2155,"href":"https:\/\/trummer.edd-studio.de\/hu\/wp-json\/wp\/v2\/pages\/519\/revisions\/2155"}],"wp:attachment":[{"href":"https:\/\/trummer.edd-studio.de\/hu\/wp-json\/wp\/v2\/media?parent=519"}],"curies":[{"name":"wp","href":"https:\/\/api.w.org\/{rel}","templated":true}]}}