{"id":521,"date":"2019-03-15T11:56:09","date_gmt":"2019-03-15T10:56:09","guid":{"rendered":"https:\/\/trummer.eu\/at\/?page_id=521"},"modified":"2025-12-02T16:15:11","modified_gmt":"2025-12-02T15:15:11","slug":"datenschutz","status":"publish","type":"page","link":"https:\/\/trummer.edd-studio.de\/hr\/datenschutz\/","title":{"rendered":"Za\u0161tita podataka"},"content":{"rendered":"\n<p class=\"has-large-font-size\"><strong><strong>Izjava o za\u0161titi podataka<\/strong><\/strong><\/p>\n\n\n\n<p>Drago nam je \u0161to ste pokazali zanimanje za na\u0161u internetsku stranicu. Za\u0161tita va\u0161e privatnosti od iznimne nam je va\u017enosti. U daljnjem tekstu bismo vas htjeli detaljno obavijestiti o na\u010dinu postupanja s va\u0161im podacima.<\/p>\n\n\n\n<p class=\"has-medium-font-size\">1. Podru\u010dje primjene <\/p>\n\n\n\n<p>Ova izjava o za\u0161titi podataka slu\u017ei za obavje\u0161tavanje korisnika o na\u010dinu, opsegu i svrsi prikupljanja i upotrebe osobnih podataka od strane tvrtke Trummer Job d.o.o., Josipa Marohnica 1\/1, 7.kat, 10000 Zagreb, e-po\u0161ta:\u00a0<a href=\"mailto:office@trummer.eu\">team.cakovec@trummer.eu<\/a>, telefon: +385 1 6900080 (u daljnjem tekstu \u201eTrummer\u201c) na ovoj internetskoj stranici (u daljnjem tekstu \u201eonuda\u201c). Tvrtka Trummer odgovorna je za va\u0161e podatke u smislu za\u0161tite podataka.<\/p>\n\n\n\n<p class=\"has-medium-font-size\">2. Pohrana IP-adrese<\/p>\n\n\n\n<p>Posjetom na\u0161e internetske stranice automatski se pohranjuju informacije na na\u0161em poslu\u017eitelju. Tu se ubrajaju informacije o tome koji preglednik upotrebljavate, koji operativni sustav koristite, preko koje ste stranice dospjeli na na\u0161u internetsku stranicu, IP adresu, vrijeme posjeta stranici te druge informacije. S Trummerovog gledi\u0161ta, ovi su podaci potpuno pseudonimizirani i ne mogu se pripisati nekoj odre\u0111enoj osobi bez dodatnih izvora podataka. Tvrtka Trummer te podatke ne analizira sve dok se upotrebom stranice ne kr\u0161i bilo koji va\u017ee\u0107i zakon.<\/p>\n\n\n\n<p class=\"has-medium-font-size\">3. Pohrana pristupnih podataka u datotekama zapisnika poslu\u017eitelja<\/p>\n\n\n\n<p>Tvrtka Trummer (odnosno pru\u017eatelj internetskog mjesta) prikuplja podatke o svakom pristupu ponudi (takozvane datoteke zapisnika poslu\u017eitelja). U pristupne podatke ubrajamo: <\/p>\n\n\n\n<p>Naziv internetske stranice kojoj se pristupa, datoteka, datum i vrijeme posjeta, koli\u010dina prenesenih podataka, dojava o uspje\u0161nom pristupu, vrsta i verzija preglednika, operativni sustav korisnika, URL-adresa (prethodno posje\u0107ivana internetska stranica), IP-adresa i davatelj internetskih usluga koji podnosi zahtjev.<\/p>\n\n\n\n<p>Tvrtka Trummer upotrebljava protokolne jedinice podataka u pseudonimiziranom obliku samo za statisti\u010dke procjene i to isklju\u010divo za potrebe poduze\u0107a, sigurnosti i optimizacije ponude. Davatelj usluga zadr\u017eava pravo naknadne provjere protokolnih jedinica podataka ako na temelju konkretnih dokaza postoji opravdana sumnja na nezakonitu upotrebu.<\/p>\n\n\n\n<p class=\"has-medium-font-size\">4. Upotreba kola\u010di\u0107a<\/p>\n\n\n\n<p>Kola\u010di\u0107i su male datoteke koje omogu\u0107uju pohranu odre\u0111enih podataka vezanih uz ure\u0111aj na ure\u0111aju koji korisnik koristi za pristup (ra\u010dunalo, pametni telefon). S jedne strane, kola\u010di\u0107i slu\u017ee za funkcionalnost kori\u0161tenja internetskih stranica, a time i korisnicima (npr. za pohranu prijavnih podataka). S druge strane, oni slu\u017ee za prikupljanje statisti\u010dkih podataka o upotrebi stranica i za njihovu analizu kako bi se pobolj\u0161ala ponuda. Korisnici mogu utjecati na upotrebu kola\u010di\u0107a. Ve\u0107ina preglednika sadr\u017ei opciju koja pohranu kola\u010di\u0107a ograni\u010dava ili u cijelosti sprje\u010dava. No pri tome je bitno napomenuti da upotreba i lako\u0107a kori\u0161tenja bez kola\u010di\u0107a mo\u017ee biti ograni\u010dena.<\/p>\n\n\n\n<p>Mnogim kola\u010di\u0107ima za internetske oglase tvrtki mo\u017eete upravljati putem ameri\u010dke stranice www.aboutads.info\/choices\/ ili stranice EU-a www.youronlinechoices.com\/uk\/your-ad-choices\/.<\/p>\n\n\n\n<p class=\"has-medium-font-size\">5. Uklju\u010divanje usluga i sadr\u017eaja tre\u0107ih<\/p>\n\n\n\n<p>Unutar ove internetske ponude redovito se uklju\u010duju i sadr\u017eaji tre\u0107ih, kao \u0161to su na primjer videi YouTubea, karte s Mapbox, RSS-sa\u017eeci ili grafike s drugih internetskih stranica. Pri tome se uvijek pretpostavlja da davatelji usluga takvih sadr\u017eaja (u daljnjem tekstu: tre\u0107i davatelji usluga) mogu pristupiti IP-adresi korisnika. Bez IP-adrese ne biste mogli slati sadr\u017eaje na preglednik pojedinog korisnika. Zbog toga je IP-adresa neophodna za prikaz takvih sadr\u017eaja. Uklju\u010dujemo samo sadr\u017eaje tre\u0107ih davatelja usluga koji sa svoje strane jam\u010de sigurno postupanje s na\u0161im podacima.<\/p>\n\n\n\n<p class=\"has-medium-font-size\">6. Pravo na informacije, brisanje, povla\u010denje<\/p>\n\n\n\n<p>Imate pravo na informacije o svim osobnim podacima koji se o vama \u010duvaju. Tako\u0111er imate pravo na ispravak neto\u010dnih podataka, kao i brisanje podataka koji vi\u0161e nisu potrebni, pod uvjetom da iz drugih zakonskih propisa ne proizlazi obveza njihova pohranjivanja. U tom slu\u010daju imate pravo na povla\u010denje. Tako\u0111er imate pravo podnijeti \u017ealbu nadle\u017enom nadzornom tijelu.<\/p>\n\n\n\n<p class=\"has-medium-font-size\"><\/p>\n\n\n\n<p class=\"has-medium-font-size\">7. Uporaba sustava Facebook Pixel<\/p>\n\n\n\n<p>Na web-mjestu se upotrebljava sustav \u201eFacebook-Pixel\u201d dru\u0161tvene mre\u017ee Facebook kojom upravlja Facebook Inc., 1 Hacker Way, Menlo Park, CA 94025, SAD, odnosno, za korisnike iz EU-a Facebook Ireland Ltd., 4 Grand Canal Square, Grand Canal Harbour, Dublin 2, Irska.<\/p>\n\n\n\n<p>Uz pomo\u0107 sustava Facebook-Pixel, Facebook je, s jedne strane, u mogu\u0107nosti me\u0111u posjetiteljima na\u0161e internetske ponude odrediti ciljnu skupinu za prezentaciju oglasa (tzv. \u201eFacebook-Ads\u201d). Stoga upotrebljavamo Facebook-Pixel kako bi se na\u0161i oglasi na Facebooku mogli prikazivati samo onim korisnicima Facebooka koje zanima na\u0161a internetska ponuda ili koje imaju odre\u0111ene karakteristike (npr. interese za odre\u0111ene teme ili proizvode, koji se utvr\u0111uju na temelju posje\u0107enih web-mjesta) koje prenosimo Facebooku (tzv. \u201eCustom Audiences\u201d). Pomo\u0107u sustava Facebook-Pixel tako\u0111er bismo se htjeli uvjeriti da na\u0161i oglasi na Facebooku odgovaraju potencijalnom interesu korisnika i da nisu dosadni. Osim toga, pomo\u0107u sustava Facebook-Pixel mo\u017eemo utvrditi u\u010dinkovitost oglasa na Facebooku za potrebe statistike i istra\u017eivanja tr\u017ei\u0161ta na na\u010din da vidimo preusmjeravaju li se korisnici poslije otvaranja oglasa na Facebooku na na\u0161e web-mjesto (tzv. \u201eConversion\u201d).<\/p>\n\n\n\n<p>Obrada podataka koju vr\u0161i Facebook odre\u0111ena je u Facebookovim pravilima o uporabi podataka. U skladu s tim, op\u0107e informacije o prikazivanju oglasa na Facebooku mogu se prona\u0107i u Facebookovim pravilima o uporabi podataka. Posebne informacije i pojedinosti o sustavu Facebook-Pixel i njegovu na\u010dinu rada mogu se prona\u0107i u Facebookovom podru\u010dju za pomo\u0107. Uporaba sustava Facebook Pixel i pohrana kola\u010di\u0107a za pretvorbu (\u201eConversion Cookies\u201d) temelji se na \u010dlanku 6. stavku 1. to\u010dki (a) Op\u0107e uredbe o za\u0161titi podataka. <\/p>\n\n\n\n<p>Korisnik se mo\u017ee usprotiviti prikupljanju podataka pomo\u0107u sustava Facebook-Pixel i kori\u0161tenju njegovim podacima za prikazivanje oglasa na Facebooku. Kako bi odredio koje vrste oglasa \u0107e mu se prikazivati na Facebooku, mo\u017ee pozvati stranicu koju je postavio Facebook i slijediti upute u postavkama za ogla\u0161avanje na temelju uporabe.  Postavke su neovisne o platformi, odnosno prihva\u0107aju se za sve ure\u0111aje poput stolnih ra\u010dunala ili mobilnih ure\u0111aja. Korisnik se tako\u0111er mo\u017ee usprotiviti kori\u0161tenju kola\u010di\u0107a, koji se koriste za mjerenje dometa i ogla\u0161avanje, putem stranice za deaktiviranje inicijative mre\u017enog ogla\u0161avanja te putem ameri\u010dkog web-mjesta aboutads.info ili europskog web-mjesta youronlinechoices.com.<\/p>\n\n\n\n<p class=\"has-medium-font-size\"><\/p>\n\n\n\n<p class=\"has-medium-font-size\">8. Dodatak za Facebook <\/p>\n\n\n\n<p>Dodatak za Facebook (Facebook plugin) pripada tvrtki Facebook Ireland Ltd., 4 Grand Canal Square, Grand Canal Harbour,Dublin 2, Irska. Kada posjetite ovo web-mjesto, putem dodatka uspostavlja se veza s Facebookovim poslu\u017eiteljima. Tako Facebook prima va\u0161u IP adresu i podatke da ste posjetili ovo web-mjesto. Ako ste prijavljeni na svoj Facebook ra\u010dun u trenutku kada kliknete gumb \u201eSvi\u0111a mi se\u201d, sadr\u017eaj na\u0161eg web-mjesta mo\u017eete povezati sa svojim Facebook profilom. Facebook zatim mo\u017ee uspostaviti vezu izme\u0111u posjete na\u0161oj stranici i va\u0161eg korisni\u010dkog ra\u010duna. Vi\u0161e informacija mo\u017eete prona\u0107i na <a href=\"http:\/\/developers.facebook.com\/docs\/plugins\" target=\"_blank\" rel=\"noreferrer noopener\">http:\/\/developers.facebook.com\/docs\/plugins<\/a>. <\/p>\n\n\n\n<p class=\"has-medium-font-size\">9. Dodatak za YouTube <\/p>\n\n\n\n<p>YouTube pripada tvrtki Google Inc. 1600 Amphitheatre Parkway, Mountain View, Ca 94043, SAD. Ako kliknete na ugra\u0111eni videozapis na ovom web-mjestu, va\u0161a IP adresa prenijet \u0107e se na YouTube. Ako ste u to vrijeme prijavljeni na YouTube, ti \u0107e se podaci dodijeliti i va\u0161em korisni\u010dkom ra\u010dunu. Vi\u0161e informacija mo\u017eete prona\u0107i na <a href=\"https:\/\/policies.google.com\/privacy\" target=\"_blank\" rel=\"noreferrer noopener\">https:\/\/policies.google.com\/privacy<\/a>. <\/p>\n\n\n\n<p class=\"has-medium-font-size\">10. Dodatak za Instagram <\/p>\n\n\n\n<p>Dodatak za Instagram (Instagram plugin) pripada tvrtki Instagram Inc., 1601 Willow Road, Menlo Park, CA, 94025, SAD. Ako ste prijavljeni na svoj Instagram ra\u010dun, mo\u017eete povezati sadr\u017eaj na\u0161ih stranica sa svojim Instagram profilom klikom na gumb Instagram. Zatim Instagram mo\u017ee uspostaviti vezu izme\u0111u posjete na\u0161oj stranici i va\u0161eg korisni\u010dkog ra\u010duna. Vi\u0161e informacija mo\u017eete prona\u0107i na <a href=\"http:\/\/instagram.com\/about\/legal\/privacy\/\" target=\"_blank\" rel=\"noreferrer noopener\">http:\/\/instagram.com\/about\/legal\/privacy\/<\/a>. <\/p>\n\n\n\n<p class=\"has-medium-font-size\">11. Dodatak za Google+ <\/p>\n\n\n\n<p>Dodatak za Google+ (Google+ plugin) pripada tvrtki Google Inc. 1600 Amphitheatre Parkway, Mountain View, Ca 94043, SAD. Kada posjetite ovo web-mjesto, putem dodatka uspostavlja se veza s poslu\u017eiteljima za Google+. Google prenosi sadr\u017eaj gumba \u201e+1\u201d na va\u0161 preglednik. Ako ste u to vrijeme prijavljeni na svoj Google+ ra\u010dun, Google \u0107e primiti va\u0161u IP adresu i podatke da ste posjetili ovu web stranicu. Vi\u0161e informacija mo\u017eete prona\u0107i na <a href=\"https:\/\/developers.google.com\/+\/web\/buttons-policy\" target=\"_blank\" rel=\"noreferrer noopener\">https:\/\/developers.google.com\/+\/web\/buttons-policy<\/a>. <\/p>\n\n\n\n<p class=\"has-medium-font-size\">12. Matomo<\/p>\n\n\n\n<p>Uz Va\u0161u suglasnost koristimo Open-Source-Software Matomo za analizu i statisti\u010dku procjenu kori\u0161tenja web stranice. Zato se koriste kola\u010di\u0107i. Dobiveni podaci vezani za kori\u0161tenje web stranice prenose se isklju\u010divo na na\u0161 poslu\u017eitelj i sa\u017eimaju se u pseudonimnim profilima kori\u0161tenja. Podatke koristimo za procjenu kori\u0161tenja web stranice. Prikupljeni podaci ne\u0107e biti proslije\u0111eni tre\u0107im stranama.<\/p>\n\n\n\n<p>IP adrese su anonimizirane (IPMasking), tako da se ne mogu dodijeliti pojedina\u010dnim korisnicima.<\/p>\n\n\n\n<p>Podaci se obra\u0111uju na temelju \u010dlanka 6. stavka 1. to\u010dke 1. GDPR-a. Stoga slijedimo na\u0161 legitimni interes za optimizaciju na\u0161e web stranice za na\u0161u vanjsku prezentaciju.<\/p>\n\n\n\n<p>Svoj pristanak mo\u017eete povu\u0107i u bilo kojem trenutku brisanjem kola\u010di\u0107a u svom pregledniku ili promjenom postavki privatnosti.<\/p>\n\n\n\n<p class=\"has-medium-font-size\">13. MapBox<\/p>\n\n\n\n<p>(1) Upotrebljavamo MapBox API, uslugu tvrtke MapBox Inc. (adresa: 740 15th Street NW, 5th Floor, Washington, District of Columbia 20005, USA) u daljnjem tekstu \u201eMapBox\u201d. Koristimo se MapBoxom kako bismo vizualno prikazali geografske informacije. Pri kori\u0161tenju MapBoxom, MapBox tako\u0111er prikuplja, obra\u0111uje i upotrebljava podatke o upotrebi funkcija karte od strane posjetitelja.<\/p>\n\n\n\n<p>(2) Zahvaljuju\u0107i certificiranju u prema \u0161titu privatnosti EU-SAD (\u201eEU-US Privacy Shield\u201d) MapBox jam\u010di da se pri obradi podataka u SAD-u po\u0161tuju i zahtjevi EU-a o za\u0161titi podataka. Pravni je temelj za to \u010dlanak 6. stavak 1. to\u010dke (f) Op\u0107e uredbe o za\u0161titi podataka. Na\u0161 je legitimni interes optimizacija funkcionalnosti na\u0161eg web-mjesta.<\/p>\n\n\n\n<p>(3) Pri pozivanju jedne od na\u0161ih internetskih stranica u koje je integrirana usluga MapBox, na va\u0161 ure\u0111aj putem va\u0161eg internetskog preglednika MapBox pohranjuje kola\u010di\u0107. Tako \u0107e se na poslu\u017eitelj MapBox u SAD-u prenijeti informacije o va\u0161oj uporabi na\u0161eg web-mjesta, uklju\u010duju\u0107i va\u0161u IP adresu, i tamo ondje \u0107e se pohraniti. Ti se podaci obra\u0111uju u svrhu prikazivanja web-mjesta ili kako bi se osigurala funkcionalnost usluge MapBox. MapBox te informacije mo\u017ee proslijediti tre\u0107im stranama ako to zahtijeva zakon ili ako te podatke u ime MapBoxa obra\u0111uju tre\u0107e strane.<\/p>\n\n\n\n<p>(4) Uvjeti pru\u017eanja usluge (\u201eTerms of Service\u201d) koje pru\u017ea MapBox navedeni na <a href=\"https:\/\/www.mapbox.com\/tos\/#maps\">https:\/\/www.mapbox.com\/tos\/#maps<\/a> sadr\u017ee daljnje informacije o uporabi MapBoxa i o podacima koji se preko MapBoxa dobivaju.<\/p>\n\n\n\n<p>(5) Ako ne pristanete na ovu obradu podataka, imate mogu\u0107nost sprije\u010diti instalaciju kola\u010di\u0107a postavljanjem odgovaraju\u0107ih postavki na svom internetskom pregledniku. Pojedinosti o tome mo\u017eete prona\u0107i u to\u010dki \u201eKola\u010di\u0107i\u201d u nastavku. Me\u0111utim, tada vi\u0161e nije mogu\u0107e koristiti uslugu MapBox na na\u0161em web-mjestu.<\/p>\n\n\n\n<p>(6) MapBox na stranici <a href=\"https:\/\/www.mapbox.com\/privacy\/\">https:\/\/www.mapbox.com\/privacy\/<\/a> tako\u0111er pru\u017ea dodatne informacije o prikupljanju i uporabu podataka te o va\u0161im pravima i mogu\u0107nostima u vezi sa za\u0161titom va\u0161e privatnosti.<\/p>\n\n\n\n<p class=\"has-medium-font-size\">14. Dodatak za Twitter<\/p>\n\n\n\n<p>Na na\u0161im su stranicama integrirane funkcije usluge Twitter. Te funkcije pru\u017ea tvrtka Twitter Inc., 795 Folsom St., Suite 600, San Francisco, CA 94107, SAD. Uporabom Twittera i funkcije proslje\u0111ivanja tweeta (\u201eretweet\u201d), web-mjesta koja posje\u0107ujete povezuju se s va\u0161im Twitter ra\u010dunom i objavljuju drugim korisnicima. Pritom se podaci prenose i na Twitter.<\/p>\n\n\n\n<p>Napominjemo da kao pru\u017eatelj stranica nemamo znanja o sadr\u017eaju prenesenih podataka ni o tome kako ih Twitter upotrebljava. Vi\u0161e informacija o tome mo\u017eete prona\u0107i u Twitterovoj izjavi o za\u0161titi podataka.<\/p>\n\n\n\n<p>Postavke za\u0161tite svojih podataka na Twitteru mo\u017eete promijeniti u postavkama ra\u010duna.<\/p>\n\n\n\n<p class=\"has-medium-font-size\">15. Obrada podataka i stupanje u kontakt<\/p>\n\n\n\n<p>Pri stupanju u kontakt s tvrtkom Trummer (na primjer preko obrasca za kontakt ili e-po\u0161tom) podaci o korisniku se pohranjuju u svrhu obrade upita i u slu\u010daju da se pojave dodatna pitanja.<\/p>\n\n\n\n<p class=\"has-medium-font-size\">16. Na\u010dela obrade osobnih podataka<\/p>\n\n\n\n<p>Obrada osobnih podataka temelji se na strogim na\u010delima, a za\u0161tita i sigurnost podataka te prava doti\u010dnih stranaka smatraju se najve\u0107im vrijednostima.<\/p>\n\n\n\n<p><em>16.1 <em>Formalna zakonitost i transparentnost<\/em><\/em><\/p>\n\n\n\n<p>Obrada podataka odvija se na zakoniti na\u010din i u dobroj vjeri. Doti\u010dnu stranku se pri prikupljanju podataka informira o planiranoj obradi kao i na\u010dinu postupanja s podacima. Prema tome se ispitanici informiraju o sljede\u0107im to\u010dkama:<\/p>\n\n\n\n<p>*Voditelj obrade podataka<\/p>\n\n\n\n<p>*Svrha obrade podataka<\/p>\n\n\n\n<p>*Pravna podloga obrade<\/p>\n\n\n\n<p>16<em>.2 <em>Ograni\u010denje svrhe<\/em><\/em><\/p>\n\n\n\n<p>Podaci se prikupljaju i obra\u0111uju u strogo odre\u0111ene, jednozna\u010dne i legitimne svrhe. Obrada podataka ne odvija se na na\u010din koji nije u skladu s tom svrhom.<\/p>\n\n\n\n<p>16<em>.3 <em>Smanjenje koli\u010dine podataka<\/em><\/em><\/p>\n\n\n\n<p>Prikupljaju se i obra\u0111uju samo oni podaci koji su potrebni za ispunjavanje odre\u0111ene svrhe. Ako je mogu\u0107e za ispunjavanje svrhe  i ako je proporcionalno ulo\u017eenom naporu, obra\u0111ivat \u0107e se samo anonimizirani podaci.<\/p>\n\n\n\n<p>16<em>.4 <em>Ograni\u010denje pohrane i brisanje<\/em><\/em><\/p>\n\n\n\n<p>Osobni se podaci bri\u0161u \u010dim je ispunjena svrha zbog koje su oni prikupljeni i zakonski rokovi \u010duvanja vi\u0161e ne vrijede. <\/p>\n\n\n\n<p>Ako u pojedinim slu\u010dajevima postoje opravdani interesi za pohranu tih podataka, oni \u0107e se i dalje \u010duvati sve do prestanka postojanja opravdanih interesa.<\/p>\n\n\n\n<p>16<em>.5 <em>Sigurnost podataka<\/em><\/em><\/p>\n\n\n\n<p>Za sve osobne podatke vrijedi povjerljivost podataka. Podacima se postupa na na\u010din da se o\u010duva tajnost podataka te da se primjerenim organizacijskim i tehni\u010dkim mjerama podaci za\u0161tite od neovla\u0161tenog pristupa, nezakonite manipulacije ili proslje\u0111ivanja kao i od gubitka ili uni\u0161tavanja.<\/p>\n\n\n\n<p>16<em>.6 <em>\u010cinjeni\u010dna ispravnost<\/em><\/em><\/p>\n\n\n\n<p>Osobni podaci moraju biti ispravni, cjeloviti i a\u017eurni. Potrebno je poduzeti primjerene mjere kako bi se zastarjeli, neto\u010dni ili nepotpuni podaci ispravili.<\/p>\n\n\n\n<p class=\"has-medium-font-size\">17. Obveza dr\u017eanja podataka u tajnosti<\/p>\n\n\n\n<p>Svi zaposlenici tvrtke Trummer ugovorno su se obvezali dr\u017eati podatke u tajnosti te ih se redovito obavje\u0161tava i upu\u0107uje u na\u010din sigurnog postupanja s osobnim podacima i drugim osjetljivim podacima.<\/p>\n","protected":false},"excerpt":{"rendered":"<p>Izjava o za\u0161titi podataka Drago nam je \u0161to ste pokazali zanimanje za na\u0161u internetsku stranicu. Za\u0161tita va\u0161e privatnosti od iznimne nam je va\u017enosti. U daljnjem tekstu bismo vas htjeli detaljno obavijestiti o na\u010dinu postupanja s va\u0161im podacima. 1. Podru\u010dje primjene Ova izjava o za\u0161titi podataka slu\u017ei za obavje\u0161tavanje korisnika o na\u010dinu, opsegu i svrsi prikupljanja [&hellip;]<\/p>\n","protected":false},"author":1,"featured_media":0,"parent":0,"menu_order":0,"comment_status":"closed","ping_status":"closed","template":"","meta":{"_acf_changed":false,"footnotes":""},"class_list":["post-521","page","type-page","status-publish","hentry"],"acf":[],"yoast_head":"<!-- This site is optimized with the Yoast SEO plugin v26.8 - https:\/\/yoast.com\/product\/yoast-seo-wordpress\/ -->\n<title>Za\u0161tita podataka - Trummer Croatia<\/title>\n<meta name=\"robots\" content=\"index, follow, max-snippet:-1, max-image-preview:large, max-video-preview:-1\" \/>\n<link rel=\"canonical\" href=\"https:\/\/trummer.edd-studio.de\/hr\/datenschutz\/\" \/>\n<meta property=\"og:locale\" content=\"hr_HR\" \/>\n<meta property=\"og:type\" content=\"article\" \/>\n<meta property=\"og:title\" content=\"Za\u0161tita podataka - Trummer Croatia\" \/>\n<meta property=\"og:description\" content=\"Izjava o za\u0161titi podataka Drago nam je \u0161to ste pokazali zanimanje za na\u0161u internetsku stranicu. Za\u0161tita va\u0161e privatnosti od iznimne nam je va\u017enosti. U daljnjem tekstu bismo vas htjeli detaljno obavijestiti o na\u010dinu postupanja s va\u0161im podacima. 1. Podru\u010dje primjene Ova izjava o za\u0161titi podataka slu\u017ei za obavje\u0161tavanje korisnika o na\u010dinu, opsegu i svrsi prikupljanja [&hellip;]\" \/>\n<meta property=\"og:url\" content=\"https:\/\/trummer.edd-studio.de\/hr\/datenschutz\/\" \/>\n<meta property=\"og:site_name\" content=\"Trummer Croatia\" \/>\n<meta property=\"article:modified_time\" content=\"2025-12-02T15:15:11+00:00\" \/>\n<meta name=\"twitter:card\" content=\"summary_large_image\" \/>\n<meta name=\"twitter:label1\" content=\"Procijenjeno vrijeme \u010ditanja\" \/>\n\t<meta name=\"twitter:data1\" content=\"12 minuta\" \/>\n<script type=\"application\/ld+json\" class=\"yoast-schema-graph\">{\"@context\":\"https:\/\/schema.org\",\"@graph\":[{\"@type\":\"WebPage\",\"@id\":\"https:\/\/trummer.edd-studio.de\/hr\/datenschutz\/\",\"url\":\"https:\/\/trummer.edd-studio.de\/hr\/datenschutz\/\",\"name\":\"Za\u0161tita podataka - Trummer Croatia\",\"isPartOf\":{\"@id\":\"https:\/\/trummer.edd-studio.de\/hr\/#website\"},\"datePublished\":\"2019-03-15T10:56:09+00:00\",\"dateModified\":\"2025-12-02T15:15:11+00:00\",\"breadcrumb\":{\"@id\":\"https:\/\/trummer.edd-studio.de\/hr\/datenschutz\/#breadcrumb\"},\"inLanguage\":\"hr\",\"potentialAction\":[{\"@type\":\"ReadAction\",\"target\":[\"https:\/\/trummer.edd-studio.de\/hr\/datenschutz\/\"]}]},{\"@type\":\"BreadcrumbList\",\"@id\":\"https:\/\/trummer.edd-studio.de\/hr\/datenschutz\/#breadcrumb\",\"itemListElement\":[{\"@type\":\"ListItem\",\"position\":1,\"name\":\"Startseite\",\"item\":\"https:\/\/trummer.edd-studio.de\/hr\/\"},{\"@type\":\"ListItem\",\"position\":2,\"name\":\"Za\u0161tita podataka\"}]},{\"@type\":\"WebSite\",\"@id\":\"https:\/\/trummer.edd-studio.de\/hr\/#website\",\"url\":\"https:\/\/trummer.edd-studio.de\/hr\/\",\"name\":\"Trummer Croatia\",\"description\":\"Trummer | Die besten Jobs seit 1987.\",\"potentialAction\":[{\"@type\":\"SearchAction\",\"target\":{\"@type\":\"EntryPoint\",\"urlTemplate\":\"https:\/\/trummer.edd-studio.de\/hr\/?s={search_term_string}\"},\"query-input\":{\"@type\":\"PropertyValueSpecification\",\"valueRequired\":true,\"valueName\":\"search_term_string\"}}],\"inLanguage\":\"hr\"}]}<\/script>\n<!-- \/ Yoast SEO plugin. -->","yoast_head_json":{"title":"Za\u0161tita podataka - Trummer Croatia","robots":{"index":"index","follow":"follow","max-snippet":"max-snippet:-1","max-image-preview":"max-image-preview:large","max-video-preview":"max-video-preview:-1"},"canonical":"https:\/\/trummer.edd-studio.de\/hr\/datenschutz\/","og_locale":"hr_HR","og_type":"article","og_title":"Za\u0161tita podataka - Trummer Croatia","og_description":"Izjava o za\u0161titi podataka Drago nam je \u0161to ste pokazali zanimanje za na\u0161u internetsku stranicu. Za\u0161tita va\u0161e privatnosti od iznimne nam je va\u017enosti. U daljnjem tekstu bismo vas htjeli detaljno obavijestiti o na\u010dinu postupanja s va\u0161im podacima. 1. Podru\u010dje primjene Ova izjava o za\u0161titi podataka slu\u017ei za obavje\u0161tavanje korisnika o na\u010dinu, opsegu i svrsi prikupljanja [&hellip;]","og_url":"https:\/\/trummer.edd-studio.de\/hr\/datenschutz\/","og_site_name":"Trummer Croatia","article_modified_time":"2025-12-02T15:15:11+00:00","twitter_card":"summary_large_image","twitter_misc":{"Procijenjeno vrijeme \u010ditanja":"12 minuta"},"schema":{"@context":"https:\/\/schema.org","@graph":[{"@type":"WebPage","@id":"https:\/\/trummer.edd-studio.de\/hr\/datenschutz\/","url":"https:\/\/trummer.edd-studio.de\/hr\/datenschutz\/","name":"Za\u0161tita podataka - Trummer Croatia","isPartOf":{"@id":"https:\/\/trummer.edd-studio.de\/hr\/#website"},"datePublished":"2019-03-15T10:56:09+00:00","dateModified":"2025-12-02T15:15:11+00:00","breadcrumb":{"@id":"https:\/\/trummer.edd-studio.de\/hr\/datenschutz\/#breadcrumb"},"inLanguage":"hr","potentialAction":[{"@type":"ReadAction","target":["https:\/\/trummer.edd-studio.de\/hr\/datenschutz\/"]}]},{"@type":"BreadcrumbList","@id":"https:\/\/trummer.edd-studio.de\/hr\/datenschutz\/#breadcrumb","itemListElement":[{"@type":"ListItem","position":1,"name":"Startseite","item":"https:\/\/trummer.edd-studio.de\/hr\/"},{"@type":"ListItem","position":2,"name":"Za\u0161tita podataka"}]},{"@type":"WebSite","@id":"https:\/\/trummer.edd-studio.de\/hr\/#website","url":"https:\/\/trummer.edd-studio.de\/hr\/","name":"Trummer Croatia","description":"Trummer | Die besten Jobs seit 1987.","potentialAction":[{"@type":"SearchAction","target":{"@type":"EntryPoint","urlTemplate":"https:\/\/trummer.edd-studio.de\/hr\/?s={search_term_string}"},"query-input":{"@type":"PropertyValueSpecification","valueRequired":true,"valueName":"search_term_string"}}],"inLanguage":"hr"}]}},"_links":{"self":[{"href":"https:\/\/trummer.edd-studio.de\/hr\/wp-json\/wp\/v2\/pages\/521","targetHints":{"allow":["GET"]}}],"collection":[{"href":"https:\/\/trummer.edd-studio.de\/hr\/wp-json\/wp\/v2\/pages"}],"about":[{"href":"https:\/\/trummer.edd-studio.de\/hr\/wp-json\/wp\/v2\/types\/page"}],"author":[{"embeddable":true,"href":"https:\/\/trummer.edd-studio.de\/hr\/wp-json\/wp\/v2\/users\/1"}],"replies":[{"embeddable":true,"href":"https:\/\/trummer.edd-studio.de\/hr\/wp-json\/wp\/v2\/comments?post=521"}],"version-history":[{"count":28,"href":"https:\/\/trummer.edd-studio.de\/hr\/wp-json\/wp\/v2\/pages\/521\/revisions"}],"predecessor-version":[{"id":4649,"href":"https:\/\/trummer.edd-studio.de\/hr\/wp-json\/wp\/v2\/pages\/521\/revisions\/4649"}],"wp:attachment":[{"href":"https:\/\/trummer.edd-studio.de\/hr\/wp-json\/wp\/v2\/media?parent=521"}],"curies":[{"name":"wp","href":"https:\/\/api.w.org\/{rel}","templated":true}]}}