{"id":519,"date":"2019-03-15T11:55:55","date_gmt":"2019-03-15T10:55:55","guid":{"rendered":"https:\/\/trummer.eu\/at\/?page_id=519"},"modified":"2025-12-02T16:11:12","modified_gmt":"2025-12-02T15:11:12","slug":"impressum","status":"publish","type":"page","link":"https:\/\/trummer.edd-studio.de\/hr\/impressum\/","title":{"rendered":"Impresum"},"content":{"rendered":"\n<p class=\"has-large-font-size\"><strong>IMPRESUM<\/strong><\/p>\n\n\n\n<p><\/p>\n\n\n\n<p class=\"has-medium-font-size\"><strong>Ime tvrtke:<\/strong><\/p>\n\n\n\n<p>Trummer Job d.o.o.<\/p>\n\n\n\n<p class=\"has-medium-font-size\"><strong>Sjedi\u0161te tvrtke:<\/strong><\/p>\n\n\n\n<p>Josipa Marohnica 1\/1, 7.kat, 10000 Zagreb<\/p>\n\n\n\n<p class=\"has-medium-font-size\"><strong>Kontakt: <\/strong><\/p>\n\n\n\n<p>Telefon: +385 1 6900080<br>E-Mail: team.cakovec@trummer.eu<\/p>\n\n\n\n<p class=\"has-medium-font-size\"><strong>Pravni oblik:<\/strong><\/p>\n\n\n\n<p>d.o.o.<\/p>\n\n\n\n<p class=\"has-medium-font-size\"><strong>PDV ID:<\/strong><\/p>\n\n\n\n<p>HR51835841763<\/p>\n\n\n\n<p class=\"has-medium-font-size\"><strong>Mati\u010dni broj subjekta: <\/strong><\/p>\n\n\n\n<p>130092470 <\/p>\n\n\n\n<p class=\"has-medium-font-size\"><strong>Zastupano po:<\/strong><\/p>\n\n\n\n<p>Rudolf Trummer<\/p>\n\n\n\n<p class=\"has-medium-font-size\"><strong>Djelatnost poduze\u0107a:<\/strong><\/p>\n\n\n\n<p><\/p>\n\n\n\n<p class=\"has-medium-font-size\"><strong>Izjava o odricanju odgovornosti:<\/strong><\/p>\n\n\n\n<p><em><strong>Odgovornost za sadr\u017eaje <\/strong><\/em><\/p>\n\n\n\n<p>Sadr\u017eaji na\u0161ih stranica sastavljeni su i provjeravaju se uz najve\u0107u pa\u017enju. Za to\u010dnost, cjelovitost i aktualnost sadr\u017eaja ne preuzimamo nikakvu odgovornost.<br>Ako se na ovoj web stranici upotrebljavaju izrazi koji se odnose na osobe, pri tome se jednako misli na \u017eene i mu\u0161karce.<\/p>\n\n\n\n<p><strong><em>Odgovornost za poveznice<\/em><\/strong><\/p>\n\n\n\n<p>Na\u0161a ponuda sadr\u017eava poveznice na vanjske web stranice tre\u0107ih strana, na \u010diji sadr\u017eaj nemamo nikakvog utjecaja. Zbog toga za te strane sadr\u017eaje ne mo\u017eemo niti preuzeti nikakvu odgovornost. Za sadr\u017eaje povezanih stranica odgovorni su pojedini pru\u017eatelji internetskih usluga odnosno upravitelji stranicama. Povezane su stranice u vrijeme povezivanja provjerene na mogu\u0107e pravne povrede. U trenutku povezivanja stranica nije bilo nezakonitih sadr\u017eaja. Stalna kontrola sadr\u017eaja povezanih stranica nije prihvatljiva bez konkretnih naznaka o povredi prava. Ako se utvrdi povreda zakona, takve \u0107emo poveznice smjesta ukloniti.<\/p>\n\n\n\n<p><strong><em>Autorsko pravo<\/em><\/strong><\/p>\n\n\n\n<p>Sadr\u017eaji i radovi koje je upravitelj stranicama postavio na ovim stranicama podlije\u017eu austrijskom zakonu o autorskom pravu. Za njihovo umno\u017eavanje, obradu, distribuciju i svaku vrstu kori\u0161tenja izvan okvira autorskog prava potrebna je pisana privola doti\u010dnog autora. Preuzimanje i kopiranje ove stranice dozvoljeno je isklju\u010divo za privatnu i nekomercijalnu upotrebu. Ako sadr\u017eaje na ovoj stranici nije sastavio upravitelj stranicama, obvezno je po\u0161tovati prava tre\u0107ih osoba. Sadr\u017eaji tre\u0107ih osoba \u0107e se ozna\u010diti kao takvi. Ako ste uo\u010dili povredu autorskih prava, molimo vas za odgovaraju\u0107u napomenu. Ako se utvrdi povreda autorskih prava, takve \u0107emo sadr\u017eaje smjesta ukloniti.<\/p>\n\n\n\n<p><strong><em>Prava na slike<\/em><\/strong><\/p>\n\n\n\n<p>Sva prava na slike pripadaju poduze\u0107u Trummer Personalservice Gruppe. Sve marke, logotipi i slike proizvoda vlasni\u0161tvo su pojedinih autora. <\/p>\n\n\n\n<p><strong><em>Za\u0161tita podataka<\/em><\/strong><\/p>\n\n\n\n<p>Upotreba na\u0161e web stranice u pravilu je mogu\u0107a i bez navo\u0111enja osobnih podataka. Kada se na na\u0161im stranicama prikupljaju osobni podaci (primjerice ime, adresa ili adresa e-po\u0161te) to se uvijek, ako je to mogu\u0107e, odvija isklju\u010divo na dobrovoljnoj osnovi. Ti se podaci ne\u0107e prenijeti tre\u0107im osobama bez va\u0161eg izri\u010ditog pristanka. \u017deljeli bismo vas upozoriti na \u010dinjenicu da prijenos podataka putem interneta mo\u017ee podrazumijevati sigurnosne propuste (npr. kod komunikacije e-po\u0161tom). Potpuna za\u0161tita podataka od pristupa tre\u0107ih osoba ne postoji. Ovime se izri\u010dito protivimo kori\u0161tenju podataka o kontaktima koji su objavljeni radi ispunjavanja zakonske obveze u impresumu od strane tre\u0107ih osoba, a u svrhu dostavljanja promid\u017ebenih i informativnih materijala koje nismo izri\u010dito zatra\u017eili. Upravitelji stranicama zadr\u017eavaju pravo na poduzimanje pravnih radnji u slu\u010daju slanja nezatra\u017eenih promid\u017ebenih materijala, primjerice e-po\u0161tom koja sadr\u017ei spam poruke.<\/p>\n\n\n\n<p><strong><em>Google Analytics <\/em><\/strong><\/p>\n\n\n\n<p>Ova stranica koristi alat Google Analytics, alat za uslugu analize internetske stranice tvrtke Google Inc. (\u201eGoogle\u201c). Google Analytics upotrebljava takozvane \u201ekola\u010di\u0107e\u201c ili eng. \u201ecookies\u201c, tekstualne datoteke koje se pohranjuju na va\u0161em ra\u010dunalu i omogu\u0107uju analizu upotrebe internetske stranice. Informacije koje kola\u010di\u0107i generiraju o va\u0161oj upotrebi ove internetske stranice (uklju\u010duju\u0107i va\u0161u IP-adresu) prenose se na poslu\u017eitelj tvrtke Google u SAD-u i tamo se pohranjuju. Google te informacije upotrebljava za procjenu va\u0161e upotrebe internetske stranice, za izradu izvje\u0161\u0107a o aktivnostima na internetskoj stranici za upravitelje stranicama i za druge usluge povezane s upotrebom internetske stranice i interneta op\u0107enito. Google isto tako te informacije mo\u017ee prenijeti tre\u0107im osobama ako je to zakonom propisano ili ako su tre\u0107e osobe du\u017ene te podatke obraditi na zahtjev tvrtke Google. Google ni u kojem slu\u010daju ne\u0107e povezati va\u0161u IP-adresu s drugim podacima na Googleu. Pohranjivanje i instalaciju kola\u010di\u0107a mo\u017eete sprije\u010diti odgovaraju\u0107im postavkama va\u0161eg pretra\u017eiva\u010da, no moramo napomenuti da u tom slu\u010daju mo\u017eda ne\u0107ete mo\u0107i u potpunosti upotrebljavati sve funkcije ove internetske stranice. Kori\u0161tenjem ove internetske stranice pristajete na obradu podataka koje je o vama na prethodno opisani na\u010din i u prethodno navedenu svrhu prikupio Google.<\/p>\n\n\n\n<p> <strong><em>Facebook Pixel <\/em><\/strong><\/p>\n\n\n\n<p>Na ovim internetskim stranicama upotrebljavamo Facebook Pixel tvrtke Facebook, dru\u0161tvenu mre\u017eu tvrtke Facebook Ireland Ltd., 4 Grand Canal Square, Grand Canal Harbour, Dublin 2, Irska.<\/p>\n\n\n\n<p>Programski kod koji je dodan na ovu stranicu mo\u017ee vrednovati pona\u0161anje posjetitelja stranice koji su dospjeli na ovu stranicu preko oglasa s dru\u0161tvene mre\u017ee Facebook. To se mo\u017ee iskoristiti za pobolj\u0161avanje oglasa s dru\u0161tvene mre\u017ee Facebook i te podatke Facebook prikuplja i pohranjuje. Prikupljeni podaci za nas nisu vidljivi, samo se upotrebljavaju u okviru postavki oglasa. Upotrebom programskog koda Facebook Pixel pode\u0161avaju se i kola\u010di\u0107i.<\/p>\n\n\n\n<p>Upotrebom koda Facebook Pixel Facebooku se javlja posjet ovoj stranici kako bi posjetiteljima na Facebooku prikazali za njih primjerene oglase. Ako posjedujete korisni\u010dki ra\u010dun na dru\u0161tvenoj mre\u017ei Facebook i prijavljeni ste, va\u0161 \u0107e se posjet na\u0161oj stranici povezati s va\u0161im korisni\u010dkim ra\u010dunom.<\/p>\n\n\n\n<p>Vi\u0161e o tome na koji se na\u010din upotrebljava Facebook Pixel za kampanje ogla\u0161avanja mo\u017eete saznati na poveznici https:\/\/www.facebook.com\/business\/learn\/facebook-ads-pixel.<\/p>\n\n\n\n<p>Ako ste prijavljeni na Facebooku, mo\u017eete promijeniti svoje postavke oglasa na Facebooku na https:\/\/www.facebook.com\/ads\/preferences\/?entry_product=ad_settings_screen. Na poveznici http:\/\/www.youronlinechoices.com\/de\/praferenzmanagement\/ mo\u017eete upravljati postavkama u vezi s internetskim ogla\u0161avanjem temeljenim na upotrebi stranice. Tamo mo\u017eete deaktivirati ili aktivirati vi\u0161e davatelja usluga odjednom ili unijeti postavke za pojedine davatelje usluga.<br>Vi\u0161e informacija o Facebookovim Pravilima o upotrebi podataka mo\u017eete prona\u0107i na https:\/\/hr-hr.facebook.com\/policy.php.<\/p>\n\n\n\n<p>Izvor: Sastavljeno pomo\u0107u generatora za\u0161tite podataka tvrtke firmenwebseiten.at u suradnji s gartenundblumen.at<\/p>\n","protected":false},"excerpt":{"rendered":"<p>IMPRESUM Ime tvrtke: Trummer Job d.o.o. Sjedi\u0161te tvrtke: Josipa Marohnica 1\/1, 7.kat, 10000 Zagreb Kontakt: Telefon: +385 1 6900080E-Mail: team.cakovec@trummer.eu Pravni oblik: d.o.o. PDV ID: HR51835841763 Mati\u010dni broj subjekta: 130092470 Zastupano po: Rudolf Trummer Djelatnost poduze\u0107a: Izjava o odricanju odgovornosti: Odgovornost za sadr\u017eaje Sadr\u017eaji na\u0161ih stranica sastavljeni su i provjeravaju se uz najve\u0107u pa\u017enju. Za [&hellip;]<\/p>\n","protected":false},"author":1,"featured_media":0,"parent":0,"menu_order":0,"comment_status":"closed","ping_status":"closed","template":"","meta":{"_acf_changed":false,"footnotes":""},"class_list":["post-519","page","type-page","status-publish","hentry"],"acf":[],"yoast_head":"<!-- This site is optimized with the Yoast SEO plugin v26.8 - https:\/\/yoast.com\/product\/yoast-seo-wordpress\/ -->\n<title>Impresum - Trummer Croatia<\/title>\n<meta name=\"robots\" content=\"index, follow, max-snippet:-1, max-image-preview:large, max-video-preview:-1\" \/>\n<link rel=\"canonical\" href=\"https:\/\/trummer.edd-studio.de\/hr\/impressum\/\" \/>\n<meta property=\"og:locale\" content=\"hr_HR\" \/>\n<meta property=\"og:type\" content=\"article\" \/>\n<meta property=\"og:title\" content=\"Impresum - Trummer Croatia\" \/>\n<meta property=\"og:description\" content=\"IMPRESUM Ime tvrtke: Trummer Job d.o.o. Sjedi\u0161te tvrtke: Josipa Marohnica 1\/1, 7.kat, 10000 Zagreb Kontakt: Telefon: +385 1 6900080E-Mail: team.cakovec@trummer.eu Pravni oblik: d.o.o. PDV ID: HR51835841763 Mati\u010dni broj subjekta: 130092470 Zastupano po: Rudolf Trummer Djelatnost poduze\u0107a: Izjava o odricanju odgovornosti: Odgovornost za sadr\u017eaje Sadr\u017eaji na\u0161ih stranica sastavljeni su i provjeravaju se uz najve\u0107u pa\u017enju. Za [&hellip;]\" \/>\n<meta property=\"og:url\" content=\"https:\/\/trummer.edd-studio.de\/hr\/impressum\/\" \/>\n<meta property=\"og:site_name\" content=\"Trummer Croatia\" \/>\n<meta property=\"article:modified_time\" content=\"2025-12-02T15:11:12+00:00\" \/>\n<meta name=\"twitter:card\" content=\"summary_large_image\" \/>\n<meta name=\"twitter:label1\" content=\"Procijenjeno vrijeme \u010ditanja\" \/>\n\t<meta name=\"twitter:data1\" content=\"5 minuta\" \/>\n<script type=\"application\/ld+json\" class=\"yoast-schema-graph\">{\"@context\":\"https:\/\/schema.org\",\"@graph\":[{\"@type\":\"WebPage\",\"@id\":\"https:\/\/trummer.edd-studio.de\/hr\/impressum\/\",\"url\":\"https:\/\/trummer.edd-studio.de\/hr\/impressum\/\",\"name\":\"Impresum - Trummer Croatia\",\"isPartOf\":{\"@id\":\"https:\/\/trummer.edd-studio.de\/hr\/#website\"},\"datePublished\":\"2019-03-15T10:55:55+00:00\",\"dateModified\":\"2025-12-02T15:11:12+00:00\",\"breadcrumb\":{\"@id\":\"https:\/\/trummer.edd-studio.de\/hr\/impressum\/#breadcrumb\"},\"inLanguage\":\"hr\",\"potentialAction\":[{\"@type\":\"ReadAction\",\"target\":[\"https:\/\/trummer.edd-studio.de\/hr\/impressum\/\"]}]},{\"@type\":\"BreadcrumbList\",\"@id\":\"https:\/\/trummer.edd-studio.de\/hr\/impressum\/#breadcrumb\",\"itemListElement\":[{\"@type\":\"ListItem\",\"position\":1,\"name\":\"Startseite\",\"item\":\"https:\/\/trummer.edd-studio.de\/hr\/\"},{\"@type\":\"ListItem\",\"position\":2,\"name\":\"Impresum\"}]},{\"@type\":\"WebSite\",\"@id\":\"https:\/\/trummer.edd-studio.de\/hr\/#website\",\"url\":\"https:\/\/trummer.edd-studio.de\/hr\/\",\"name\":\"Trummer Croatia\",\"description\":\"Trummer | Die besten Jobs seit 1987.\",\"potentialAction\":[{\"@type\":\"SearchAction\",\"target\":{\"@type\":\"EntryPoint\",\"urlTemplate\":\"https:\/\/trummer.edd-studio.de\/hr\/?s={search_term_string}\"},\"query-input\":{\"@type\":\"PropertyValueSpecification\",\"valueRequired\":true,\"valueName\":\"search_term_string\"}}],\"inLanguage\":\"hr\"}]}<\/script>\n<!-- \/ Yoast SEO plugin. -->","yoast_head_json":{"title":"Impresum - Trummer Croatia","robots":{"index":"index","follow":"follow","max-snippet":"max-snippet:-1","max-image-preview":"max-image-preview:large","max-video-preview":"max-video-preview:-1"},"canonical":"https:\/\/trummer.edd-studio.de\/hr\/impressum\/","og_locale":"hr_HR","og_type":"article","og_title":"Impresum - Trummer Croatia","og_description":"IMPRESUM Ime tvrtke: Trummer Job d.o.o. Sjedi\u0161te tvrtke: Josipa Marohnica 1\/1, 7.kat, 10000 Zagreb Kontakt: Telefon: +385 1 6900080E-Mail: team.cakovec@trummer.eu Pravni oblik: d.o.o. PDV ID: HR51835841763 Mati\u010dni broj subjekta: 130092470 Zastupano po: Rudolf Trummer Djelatnost poduze\u0107a: Izjava o odricanju odgovornosti: Odgovornost za sadr\u017eaje Sadr\u017eaji na\u0161ih stranica sastavljeni su i provjeravaju se uz najve\u0107u pa\u017enju. Za [&hellip;]","og_url":"https:\/\/trummer.edd-studio.de\/hr\/impressum\/","og_site_name":"Trummer Croatia","article_modified_time":"2025-12-02T15:11:12+00:00","twitter_card":"summary_large_image","twitter_misc":{"Procijenjeno vrijeme \u010ditanja":"5 minuta"},"schema":{"@context":"https:\/\/schema.org","@graph":[{"@type":"WebPage","@id":"https:\/\/trummer.edd-studio.de\/hr\/impressum\/","url":"https:\/\/trummer.edd-studio.de\/hr\/impressum\/","name":"Impresum - Trummer Croatia","isPartOf":{"@id":"https:\/\/trummer.edd-studio.de\/hr\/#website"},"datePublished":"2019-03-15T10:55:55+00:00","dateModified":"2025-12-02T15:11:12+00:00","breadcrumb":{"@id":"https:\/\/trummer.edd-studio.de\/hr\/impressum\/#breadcrumb"},"inLanguage":"hr","potentialAction":[{"@type":"ReadAction","target":["https:\/\/trummer.edd-studio.de\/hr\/impressum\/"]}]},{"@type":"BreadcrumbList","@id":"https:\/\/trummer.edd-studio.de\/hr\/impressum\/#breadcrumb","itemListElement":[{"@type":"ListItem","position":1,"name":"Startseite","item":"https:\/\/trummer.edd-studio.de\/hr\/"},{"@type":"ListItem","position":2,"name":"Impresum"}]},{"@type":"WebSite","@id":"https:\/\/trummer.edd-studio.de\/hr\/#website","url":"https:\/\/trummer.edd-studio.de\/hr\/","name":"Trummer Croatia","description":"Trummer | Die besten Jobs seit 1987.","potentialAction":[{"@type":"SearchAction","target":{"@type":"EntryPoint","urlTemplate":"https:\/\/trummer.edd-studio.de\/hr\/?s={search_term_string}"},"query-input":{"@type":"PropertyValueSpecification","valueRequired":true,"valueName":"search_term_string"}}],"inLanguage":"hr"}]}},"_links":{"self":[{"href":"https:\/\/trummer.edd-studio.de\/hr\/wp-json\/wp\/v2\/pages\/519","targetHints":{"allow":["GET"]}}],"collection":[{"href":"https:\/\/trummer.edd-studio.de\/hr\/wp-json\/wp\/v2\/pages"}],"about":[{"href":"https:\/\/trummer.edd-studio.de\/hr\/wp-json\/wp\/v2\/types\/page"}],"author":[{"embeddable":true,"href":"https:\/\/trummer.edd-studio.de\/hr\/wp-json\/wp\/v2\/users\/1"}],"replies":[{"embeddable":true,"href":"https:\/\/trummer.edd-studio.de\/hr\/wp-json\/wp\/v2\/comments?post=519"}],"version-history":[{"count":18,"href":"https:\/\/trummer.edd-studio.de\/hr\/wp-json\/wp\/v2\/pages\/519\/revisions"}],"predecessor-version":[{"id":4646,"href":"https:\/\/trummer.edd-studio.de\/hr\/wp-json\/wp\/v2\/pages\/519\/revisions\/4646"}],"wp:attachment":[{"href":"https:\/\/trummer.edd-studio.de\/hr\/wp-json\/wp\/v2\/media?parent=519"}],"curies":[{"name":"wp","href":"https:\/\/api.w.org\/{rel}","templated":true}]}}