{"id":519,"date":"2019-03-15T11:55:55","date_gmt":"2019-03-15T10:55:55","guid":{"rendered":"https:\/\/trummer.eu\/at\/?page_id=519"},"modified":"2025-02-14T09:58:10","modified_gmt":"2025-02-14T08:58:10","slug":"impressum","status":"publish","type":"page","link":"https:\/\/trummer.edd-studio.de\/cz\/impressum","title":{"rendered":"Tir\u00e1\u017e"},"content":{"rendered":"\n<p class=\"has-large-font-size\"><strong>Tir\u00e1\u017e<\/strong><\/p>\n\n\n\n<p> Informa\u010dn\u00ed povinnost:<\/p>\n\n\n\n<p class=\"has-medium-font-size\"> <strong>N\u00e1zev spole\u010dnosti <\/strong><\/p>\n\n\n\n<p>Trummer Montage &amp; Personal CZ s.r.o.<\/p>\n\n\n\n<p class=\"has-medium-font-size\"><strong>S\u00eddlo<\/strong><\/p>\n\n\n\n<p>Karol\u00edny Sv\u011btl\u00e9 2238\/2, 370 04 \u010cesk\u00e9 Bud\u011bjovice<\/p>\n\n\n\n<p class=\"has-medium-font-size\"><strong>Kontakt<\/strong><\/p>\n\n\n\n<p>Telefon: +420 608 825 535<br>E-Mail: team.budejovice@trummer.eu<br><\/p>\n\n\n\n<p class=\"has-medium-font-size\"><strong>Pr\u00e1vn\u00ed forma<\/strong><\/p>\n\n\n\n<p>Spole\u010dnost s ru\u010den\u00edm omezen\u00fdm<\/p>\n\n\n\n<p class=\"has-medium-font-size\"><strong>Identifika\u010dn\u00ed \u010d\u00edslo<\/strong><\/p>\n\n\n\n<p>227 92 783<\/p>\n\n\n\n<p class=\"has-medium-font-size\"><strong>Zastoupen\u00e1<\/strong><\/p>\n\n\n\n<p> Rudolf Trummer, Jednatel <\/p>\n\n\n\n<p class=\"has-medium-font-size\"><strong> Vylou\u010den\u00ed odpov\u011bdnosti: <\/strong><\/p>\n\n\n\n<p><strong><em>Odpov\u011bdnost za obsah<\/em><\/strong><\/p>\n\n\n\n<p>Obsah byl vytvo\u0159en s maxim\u00e1ln\u00ed pe\u010dlivost\u00ed a je monitorov\u00e1n. Za spr\u00e1vnost, \u00faplnost a aktu\u00e1lnost obsahu v\u0161ak nep\u0159eb\u00edr\u00e1me \u017e\u00e1dnou z\u00e1ruku. <\/p>\n\n\n\n<p>Pokud jsou na t\u00e9to internetov\u00e9 str\u00e1nce pou\u017e\u00edv\u00e1ny v\u00fdrazy vztahuj\u00edc\u00ed se k osob\u00e1m, jsou t\u00edm m\u00edn\u011bny \u017eeny i mu\u017ei. <\/p>\n\n\n\n<p><strong><em>Odpov\u011bdnost za odkazy<\/em><\/strong><\/p>\n\n\n\n<p> Na\u0161e nab\u00eddka obsahuje odkazy na extern\u00ed internetov\u00e9 str\u00e1nky t\u0159et\u00edch osob, na jejich\u017e obsah nem\u00e1me \u017e\u00e1dn\u00fd vliv. Proto ani nem\u016f\u017eeme p\u0159evz\u00edt za tento ciz\u00ed obsah \u017e\u00e1dnou odpov\u011bdnost. Za obsah t\u011bchto odkazovan\u00fdch str\u00e1nek nese odpov\u011bdnost v\u017edy p\u0159\u00edslu\u0161n\u00fd poskytovatel slu\u017eeb nebo provozovatel str\u00e1nek. U odkazovan\u00fdch str\u00e1nek byla v okam\u017eiku vlo\u017een\u00ed odkazu provedena kontrola na eventu\u00e1ln\u00ed poru\u0161en\u00ed pr\u00e1va. Protipr\u00e1vn\u00ed obsah nebyl v okam\u017eiku vlo\u017een\u00ed odkazu nalezen. Permanentn\u00ed kontrola obsahu odkazovan\u00fdch str\u00e1nek v\u0161ak nen\u00ed bez konkr\u00e9tn\u00edho podn\u011btu t\u00fdkaj\u00edc\u00edho se poru\u0161en\u00ed pr\u00e1va mysliteln\u00e1. Jestli\u017ee se dozv\u00edme o takov\u00e9m poru\u0161en\u00ed pr\u00e1va, tyto odkazy neprodlen\u011b odstran\u00edme. <\/p>\n\n\n\n<p><strong><em>Autorsk\u00e9 pr\u00e1vo<\/em><\/strong><\/p>\n\n\n\n<p> Obsah a d\u00edla vytvo\u0159en\u00e1 provozovatelem na t\u011bchto str\u00e1nk\u00e1ch podl\u00e9haj\u00ed rakousk\u00e9mu autorsk\u00e9mu pr\u00e1vu. Mno\u017een\u00ed, zpracov\u00e1n\u00ed, \u0161\u00ed\u0159en\u00ed a jak\u00fdkoliv druh zhodnocov\u00e1n\u00ed mimo r\u00e1mec autorsk\u00e9ho pr\u00e1va vy\u017eaduj\u00ed p\u00edsemn\u00fd souhlas p\u0159\u00edslu\u0161n\u00e9ho autora resp. zpracovatele. Downloady a kopie t\u00e9to str\u00e1nky jsou povoleny pouze pro soukrom\u00e9, nekomer\u010dn\u00ed pou\u017eit\u00ed. Pokud obsah na t\u00e9to str\u00e1nce nevytvo\u0159il provozovatel, jsou zohled\u0148ov\u00e1na autorsk\u00e1 pr\u00e1va t\u0159et\u00edch osob. Obsah t\u0159et\u00edch osob je p\u0159edev\u0161\u00edm jako takov\u00fd ozna\u010dov\u00e1n. Pokud byste p\u0159esto zjistili poru\u0161en\u00ed autorsk\u00fdch pr\u00e1v, \u017e\u00e1d\u00e1me o p\u0159\u00edslu\u0161n\u00e9 upozorn\u011bn\u00ed. Jestli\u017ee se dozv\u00edme o poru\u0161en\u00ed pr\u00e1va, p\u0159\u00edslu\u0161n\u00fd obsah neprodlen\u011b odstran\u00edme.  <\/p>\n\n\n\n<p><strong><em>Pr\u00e1va k obr\u00e1zk\u016fm<\/em><\/strong><\/p>\n\n\n\n<p> Internacionalita obr\u00e1zk\u016f: istockphoto, Fotolia a Shutterstock. V\u0161echna ostatn\u00ed pr\u00e1va k obr\u00e1zk\u016fm n\u00e1le\u017e\u00ed spole\u010dnosti Trummer Montage &amp; Personal GmbH. Ve\u0161ker\u00e9 zna\u010dky, loga a obr\u00e1zky produkt\u016f jsou majetkem p\u0159\u00edslu\u0161n\u00fdch v\u00fdrobc\u016f. <\/p>\n\n\n\n<p><strong><em>Ochrana osobn\u00edch \u00fadaj\u016f<\/em><\/strong><\/p>\n\n\n\n<p> Pou\u017e\u00edv\u00e1n\u00ed na\u0161\u00ed internetov\u00e9 str\u00e1nky je mo\u017en\u00e9 zpravidla bez uveden\u00ed osobn\u00edch \u00fadaj\u016f. Pokud jsou na na\u0161ich str\u00e1nk\u00e1ch z\u00edsk\u00e1v\u00e1ny osobn\u00ed \u00fadaje (nap\u0159. jm\u00e9no, adresa nebo emailov\u00e1 adresa), d\u011bje se tak pokud mo\u017eno v\u017edy na dobrovoln\u00e9m z\u00e1klad\u011b. Tyto \u00fadaje nebudou bez Va\u0161eho v\u00fdslovn\u00e9ho souhlasu p\u0159ed\u00e1v\u00e1ny t\u0159et\u00edm osob\u00e1m. Poukazujeme na to, \u017ee p\u0159enos dat na internetu (nap\u0159. p\u0159i komunikaci pomoc\u00ed e-mail\u016f) m\u016f\u017ee vykazovat bezpe\u010dnostn\u00ed mezery. Soustavn\u00e1 ochrana dat p\u0159ed p\u0159\u00edstupem t\u0159et\u00edch osob nen\u00ed mo\u017en\u00e1. T\u00edmto v\u00fdslovn\u011b protestujeme proti pou\u017e\u00edv\u00e1n\u00ed kontaktn\u00edch \u00fadaj\u016f zve\u0159ejn\u011bn\u00fdch v r\u00e1mci tir\u00e1\u017en\u00ed povinnosti t\u0159et\u00edmi osobami k zas\u00edl\u00e1n\u00ed reklamy, kter\u00e1 nebyla v\u00fdslovn\u011b vy\u017e\u00e1d\u00e1na. Provozovatel str\u00e1nek si v\u00fdslovn\u011b vyhrazuje pr\u00e1vn\u00ed kroky v p\u0159\u00edpad\u011b zasl\u00e1n\u00ed nevy\u017e\u00e1dan\u00fdch reklamn\u00edch informac\u00ed, nap\u0159. formou e-mail\u016f se spamy.  <\/p>\n\n\n\n<p><strong><em>Google Analytics<\/em><\/strong><\/p>\n\n\n\n<p>\n\nTato internetov\u00e1 str\u00e1nka pou\u017e\u00edv\u00e1 Google Analytics, internetovou analytickou slu\u017ebu spole\u010dnosti Google Inc. (\u201eGoogle\u201c). Google Analytics pou\u017e\u00edv\u00e1 tzv. &#8220;cookies&#8221;, textov\u00e9 soubory ukl\u00e1dan\u00e9 na V\u00e1\u0161 po\u010d\u00edta\u010d, kter\u00e9 umo\u017e\u0148uj\u00edc\u00ed anal\u00fdzu, jak internetovou str\u00e1nku pou\u017e\u00edv\u00e1te. Informace o pou\u017e\u00edv\u00e1n\u00ed t\u00e9to internetov\u00e9 str\u00e1nky (v\u010detn\u011b Va\u0161\u00ed IP adresy), kter\u00e9 cookie vytv\u00e1\u0159\u00ed, se p\u0159en\u00e1\u0161ej\u00ed na server Google v USA a tam se ukl\u00e1daj\u00ed do pam\u011bti. Google tyto informace pou\u017eije pro vyhodnocen\u00ed Va\u0161eho pou\u017e\u00edv\u00e1n\u00ed internetov\u00e9 str\u00e1nky, pro sestaven\u00ed report\u016f o aktivit\u00e1ch na internetov\u00fdch str\u00e1nk\u00e1ch pro provozovatele internetov\u00fdch str\u00e1nek a pro poskytov\u00e1n\u00ed dal\u0161\u00edch slu\u017eeb spojen\u00fdch s pou\u017e\u00edv\u00e1n\u00edm internetov\u00fdch str\u00e1nek a internetu. Google tyto informace p\u0159ed\u00e1 eventu\u00e1ln\u011b t\u0159et\u00edm osob\u00e1m, pokud je to p\u0159edepsan\u00e9 z\u00e1konem nebo pokud t\u0159et\u00ed osoby zpracov\u00e1vaj\u00ed tato data z pov\u011b\u0159en\u00ed Google. Google v \u017e\u00e1dn\u00e9m p\u0159\u00edpad\u011b neuvede Va\u0161i IP adresu ve spojen\u00ed s jin\u00fdmi daty Google. Instalaci cookies m\u016f\u017eete zabr\u00e1nit p\u0159\u00edslu\u0161n\u00fdm nastaven\u00edm Va\u0161eho prohl\u00ed\u017ee\u010de; upozor\u0148ujeme v\u0161ak na to, \u017ee mo\u017en\u00e1 nebudete schopni vyu\u017e\u00edvat v pln\u00e9m rozsahu ve\u0161ker\u00e9 funkce t\u011bchto internetov\u00fdch str\u00e1nek. Pou\u017e\u00edv\u00e1n\u00edm t\u011bchto internetov\u00fdch str\u00e1nek vyslovujete sv\u016fj souhlas se zpracov\u00e1n\u00edm \u00fadaj\u016f, kter\u00e1 o V\u00e1s byla z\u00edsk\u00e1na, spole\u010dnost\u00ed Google v\u00fd\u0161e popsan\u00fdm zp\u016fsobem a k v\u00fd\u0161e uveden\u00e9mu \u00fa\u010delu. \n\n<\/p>\n","protected":false},"excerpt":{"rendered":"<p>Tir\u00e1\u017e Informa\u010dn\u00ed povinnost: N\u00e1zev spole\u010dnosti Trummer Montage &amp; Personal CZ s.r.o. S\u00eddlo Karol\u00edny Sv\u011btl\u00e9 2238\/2, 370 04 \u010cesk\u00e9 Bud\u011bjovice Kontakt Telefon: +420 608 825 535E-Mail: team.budejovice@trummer.eu Pr\u00e1vn\u00ed forma Spole\u010dnost s ru\u010den\u00edm omezen\u00fdm Identifika\u010dn\u00ed \u010d\u00edslo 227 92 783 Zastoupen\u00e1 Rudolf Trummer, Jednatel Vylou\u010den\u00ed odpov\u011bdnosti: Odpov\u011bdnost za obsah Obsah byl vytvo\u0159en s maxim\u00e1ln\u00ed pe\u010dlivost\u00ed a je monitorov\u00e1n. [&hellip;]<\/p>\n","protected":false},"author":5,"featured_media":0,"parent":0,"menu_order":0,"comment_status":"closed","ping_status":"closed","template":"","meta":{"_acf_changed":false,"footnotes":""},"class_list":["post-519","page","type-page","status-publish","hentry"],"acf":[],"yoast_head":"<!-- This site is optimized with the Yoast SEO plugin v26.8 - https:\/\/yoast.com\/product\/yoast-seo-wordpress\/ -->\n<title>Tir\u00e1\u017e - Trummer Czech<\/title>\n<meta name=\"robots\" content=\"index, follow, max-snippet:-1, max-image-preview:large, max-video-preview:-1\" \/>\n<link rel=\"canonical\" href=\"https:\/\/trummer.edd-studio.de\/cz\/impressum\" \/>\n<meta property=\"og:locale\" content=\"en_US\" \/>\n<meta property=\"og:type\" content=\"article\" \/>\n<meta property=\"og:title\" content=\"Tir\u00e1\u017e - Trummer Czech\" \/>\n<meta property=\"og:description\" content=\"Tir\u00e1\u017e Informa\u010dn\u00ed povinnost: N\u00e1zev spole\u010dnosti Trummer Montage &amp; Personal CZ s.r.o. S\u00eddlo Karol\u00edny Sv\u011btl\u00e9 2238\/2, 370 04 \u010cesk\u00e9 Bud\u011bjovice Kontakt Telefon: +420 608 825 535E-Mail: team.budejovice@trummer.eu Pr\u00e1vn\u00ed forma Spole\u010dnost s ru\u010den\u00edm omezen\u00fdm Identifika\u010dn\u00ed \u010d\u00edslo 227 92 783 Zastoupen\u00e1 Rudolf Trummer, Jednatel Vylou\u010den\u00ed odpov\u011bdnosti: Odpov\u011bdnost za obsah Obsah byl vytvo\u0159en s maxim\u00e1ln\u00ed pe\u010dlivost\u00ed a je monitorov\u00e1n. [&hellip;]\" \/>\n<meta property=\"og:url\" content=\"https:\/\/trummer.edd-studio.de\/cz\/impressum\" \/>\n<meta property=\"og:site_name\" content=\"Trummer Czech\" \/>\n<meta property=\"article:modified_time\" content=\"2025-02-14T08:58:10+00:00\" \/>\n<meta name=\"twitter:card\" content=\"summary_large_image\" \/>\n<meta name=\"twitter:label1\" content=\"Est. reading time\" \/>\n\t<meta name=\"twitter:data1\" content=\"3 minutes\" \/>\n<script type=\"application\/ld+json\" class=\"yoast-schema-graph\">{\"@context\":\"https:\/\/schema.org\",\"@graph\":[{\"@type\":\"WebPage\",\"@id\":\"https:\/\/trummer.edd-studio.de\/cz\/impressum\",\"url\":\"https:\/\/trummer.edd-studio.de\/cz\/impressum\",\"name\":\"Tir\u00e1\u017e - Trummer Czech\",\"isPartOf\":{\"@id\":\"https:\/\/trummer.edd-studio.de\/cz\/#website\"},\"datePublished\":\"2019-03-15T10:55:55+00:00\",\"dateModified\":\"2025-02-14T08:58:10+00:00\",\"breadcrumb\":{\"@id\":\"https:\/\/trummer.edd-studio.de\/cz\/impressum#breadcrumb\"},\"inLanguage\":\"en-US\",\"potentialAction\":[{\"@type\":\"ReadAction\",\"target\":[\"https:\/\/trummer.edd-studio.de\/cz\/impressum\"]}]},{\"@type\":\"BreadcrumbList\",\"@id\":\"https:\/\/trummer.edd-studio.de\/cz\/impressum#breadcrumb\",\"itemListElement\":[{\"@type\":\"ListItem\",\"position\":1,\"name\":\"Startseite\",\"item\":\"https:\/\/trummer.edd-studio.de\/cz\/\"},{\"@type\":\"ListItem\",\"position\":2,\"name\":\"Tir\u00e1\u017e\"}]},{\"@type\":\"WebSite\",\"@id\":\"https:\/\/trummer.edd-studio.de\/cz\/#website\",\"url\":\"https:\/\/trummer.edd-studio.de\/cz\/\",\"name\":\"Trummer Czech\",\"description\":\"Trummer | Die besten Jobs seit 1987.\",\"potentialAction\":[{\"@type\":\"SearchAction\",\"target\":{\"@type\":\"EntryPoint\",\"urlTemplate\":\"https:\/\/trummer.edd-studio.de\/cz\/?s={search_term_string}\"},\"query-input\":{\"@type\":\"PropertyValueSpecification\",\"valueRequired\":true,\"valueName\":\"search_term_string\"}}],\"inLanguage\":\"en-US\"}]}<\/script>\n<!-- \/ Yoast SEO plugin. -->","yoast_head_json":{"title":"Tir\u00e1\u017e - Trummer Czech","robots":{"index":"index","follow":"follow","max-snippet":"max-snippet:-1","max-image-preview":"max-image-preview:large","max-video-preview":"max-video-preview:-1"},"canonical":"https:\/\/trummer.edd-studio.de\/cz\/impressum","og_locale":"en_US","og_type":"article","og_title":"Tir\u00e1\u017e - Trummer Czech","og_description":"Tir\u00e1\u017e Informa\u010dn\u00ed povinnost: N\u00e1zev spole\u010dnosti Trummer Montage &amp; Personal CZ s.r.o. S\u00eddlo Karol\u00edny Sv\u011btl\u00e9 2238\/2, 370 04 \u010cesk\u00e9 Bud\u011bjovice Kontakt Telefon: +420 608 825 535E-Mail: team.budejovice@trummer.eu Pr\u00e1vn\u00ed forma Spole\u010dnost s ru\u010den\u00edm omezen\u00fdm Identifika\u010dn\u00ed \u010d\u00edslo 227 92 783 Zastoupen\u00e1 Rudolf Trummer, Jednatel Vylou\u010den\u00ed odpov\u011bdnosti: Odpov\u011bdnost za obsah Obsah byl vytvo\u0159en s maxim\u00e1ln\u00ed pe\u010dlivost\u00ed a je monitorov\u00e1n. [&hellip;]","og_url":"https:\/\/trummer.edd-studio.de\/cz\/impressum","og_site_name":"Trummer Czech","article_modified_time":"2025-02-14T08:58:10+00:00","twitter_card":"summary_large_image","twitter_misc":{"Est. reading time":"3 minutes"},"schema":{"@context":"https:\/\/schema.org","@graph":[{"@type":"WebPage","@id":"https:\/\/trummer.edd-studio.de\/cz\/impressum","url":"https:\/\/trummer.edd-studio.de\/cz\/impressum","name":"Tir\u00e1\u017e - Trummer Czech","isPartOf":{"@id":"https:\/\/trummer.edd-studio.de\/cz\/#website"},"datePublished":"2019-03-15T10:55:55+00:00","dateModified":"2025-02-14T08:58:10+00:00","breadcrumb":{"@id":"https:\/\/trummer.edd-studio.de\/cz\/impressum#breadcrumb"},"inLanguage":"en-US","potentialAction":[{"@type":"ReadAction","target":["https:\/\/trummer.edd-studio.de\/cz\/impressum"]}]},{"@type":"BreadcrumbList","@id":"https:\/\/trummer.edd-studio.de\/cz\/impressum#breadcrumb","itemListElement":[{"@type":"ListItem","position":1,"name":"Startseite","item":"https:\/\/trummer.edd-studio.de\/cz\/"},{"@type":"ListItem","position":2,"name":"Tir\u00e1\u017e"}]},{"@type":"WebSite","@id":"https:\/\/trummer.edd-studio.de\/cz\/#website","url":"https:\/\/trummer.edd-studio.de\/cz\/","name":"Trummer Czech","description":"Trummer | Die besten Jobs seit 1987.","potentialAction":[{"@type":"SearchAction","target":{"@type":"EntryPoint","urlTemplate":"https:\/\/trummer.edd-studio.de\/cz\/?s={search_term_string}"},"query-input":{"@type":"PropertyValueSpecification","valueRequired":true,"valueName":"search_term_string"}}],"inLanguage":"en-US"}]}},"_links":{"self":[{"href":"https:\/\/trummer.edd-studio.de\/cz\/wp-json\/wp\/v2\/pages\/519","targetHints":{"allow":["GET"]}}],"collection":[{"href":"https:\/\/trummer.edd-studio.de\/cz\/wp-json\/wp\/v2\/pages"}],"about":[{"href":"https:\/\/trummer.edd-studio.de\/cz\/wp-json\/wp\/v2\/types\/page"}],"author":[{"embeddable":true,"href":"https:\/\/trummer.edd-studio.de\/cz\/wp-json\/wp\/v2\/users\/5"}],"replies":[{"embeddable":true,"href":"https:\/\/trummer.edd-studio.de\/cz\/wp-json\/wp\/v2\/comments?post=519"}],"version-history":[{"count":4,"href":"https:\/\/trummer.edd-studio.de\/cz\/wp-json\/wp\/v2\/pages\/519\/revisions"}],"predecessor-version":[{"id":2404,"href":"https:\/\/trummer.edd-studio.de\/cz\/wp-json\/wp\/v2\/pages\/519\/revisions\/2404"}],"wp:attachment":[{"href":"https:\/\/trummer.edd-studio.de\/cz\/wp-json\/wp\/v2\/media?parent=519"}],"curies":[{"name":"wp","href":"https:\/\/api.w.org\/{rel}","templated":true}]}}