{"id":132,"date":"2019-02-15T09:40:09","date_gmt":"2019-02-15T08:40:09","guid":{"rendered":"https:\/\/trummer.eu\/at\/?page_id=132"},"modified":"2026-02-04T13:55:50","modified_gmt":"2026-02-04T12:55:50","slug":"startseite","status":"publish","type":"page","link":"https:\/\/trummer.edd-studio.de\/cz\/","title":{"rendered":"\u00davodn\u00ed str\u00e1nka"},"content":{"rendered":"","protected":false},"excerpt":{"rendered":"","protected":false},"author":5,"featured_media":0,"parent":0,"menu_order":0,"comment_status":"closed","ping_status":"closed","template":"","meta":{"_acf_changed":false,"footnotes":""},"class_list":["post-132","page","type-page","status-publish","hentry"],"acf":[],"yoast_head":"<!-- This site is optimized with the Yoast SEO plugin v26.8 - https:\/\/yoast.com\/product\/yoast-seo-wordpress\/ -->\n<title>\u00davodn\u00ed str\u00e1nka - Trummer Czech<\/title>\n<meta name=\"robots\" content=\"index, follow, max-snippet:-1, max-image-preview:large, max-video-preview:-1\" \/>\n<link rel=\"canonical\" href=\"https:\/\/trummer.edd-studio.de\/cz\/\" \/>\n<meta property=\"og:locale\" content=\"en_US\" \/>\n<meta property=\"og:type\" content=\"article\" \/>\n<meta property=\"og:title\" content=\"\u00davodn\u00ed str\u00e1nka - Trummer Czech\" \/>\n<meta property=\"og:url\" content=\"https:\/\/trummer.edd-studio.de\/cz\/\" \/>\n<meta property=\"og:site_name\" content=\"Trummer Czech\" \/>\n<meta property=\"article:modified_time\" content=\"2026-02-04T12:55:50+00:00\" \/>\n<meta name=\"twitter:card\" content=\"summary_large_image\" \/>\n<script type=\"application\/ld+json\" class=\"yoast-schema-graph\">{\"@context\":\"https:\/\/schema.org\",\"@graph\":[{\"@type\":\"WebPage\",\"@id\":\"https:\/\/trummer.edd-studio.de\/cz\/\",\"url\":\"https:\/\/trummer.edd-studio.de\/cz\/\",\"name\":\"\u00davodn\u00ed str\u00e1nka - Trummer Czech\",\"isPartOf\":{\"@id\":\"https:\/\/trummer.edd-studio.de\/cz\/#website\"},\"datePublished\":\"2019-02-15T08:40:09+00:00\",\"dateModified\":\"2026-02-04T12:55:50+00:00\",\"breadcrumb\":{\"@id\":\"https:\/\/trummer.edd-studio.de\/cz\/#breadcrumb\"},\"inLanguage\":\"en-US\",\"potentialAction\":[{\"@type\":\"ReadAction\",\"target\":[\"https:\/\/trummer.edd-studio.de\/cz\/\"]}]},{\"@type\":\"BreadcrumbList\",\"@id\":\"https:\/\/trummer.edd-studio.de\/cz\/#breadcrumb\",\"itemListElement\":[{\"@type\":\"ListItem\",\"position\":1,\"name\":\"Startseite\",\"item\":\"https:\/\/trummer.edd-studio.de\/cz\/\"},{\"@type\":\"ListItem\",\"position\":2,\"name\":\"\u00davodn\u00ed str\u00e1nka\"}]},{\"@type\":\"WebSite\",\"@id\":\"https:\/\/trummer.edd-studio.de\/cz\/#website\",\"url\":\"https:\/\/trummer.edd-studio.de\/cz\/\",\"name\":\"Trummer Czech\",\"description\":\"Trummer | Die besten Jobs seit 1987.\",\"potentialAction\":[{\"@type\":\"SearchAction\",\"target\":{\"@type\":\"EntryPoint\",\"urlTemplate\":\"https:\/\/trummer.edd-studio.de\/cz\/?s={search_term_string}\"},\"query-input\":{\"@type\":\"PropertyValueSpecification\",\"valueRequired\":true,\"valueName\":\"search_term_string\"}}],\"inLanguage\":\"en-US\"}]}<\/script>\n<!-- \/ Yoast SEO plugin. -->","yoast_head_json":{"title":"\u00davodn\u00ed str\u00e1nka - Trummer Czech","robots":{"index":"index","follow":"follow","max-snippet":"max-snippet:-1","max-image-preview":"max-image-preview:large","max-video-preview":"max-video-preview:-1"},"canonical":"https:\/\/trummer.edd-studio.de\/cz\/","og_locale":"en_US","og_type":"article","og_title":"\u00davodn\u00ed str\u00e1nka - Trummer Czech","og_url":"https:\/\/trummer.edd-studio.de\/cz\/","og_site_name":"Trummer Czech","article_modified_time":"2026-02-04T12:55:50+00:00","twitter_card":"summary_large_image","schema":{"@context":"https:\/\/schema.org","@graph":[{"@type":"WebPage","@id":"https:\/\/trummer.edd-studio.de\/cz\/","url":"https:\/\/trummer.edd-studio.de\/cz\/","name":"\u00davodn\u00ed str\u00e1nka - Trummer Czech","isPartOf":{"@id":"https:\/\/trummer.edd-studio.de\/cz\/#website"},"datePublished":"2019-02-15T08:40:09+00:00","dateModified":"2026-02-04T12:55:50+00:00","breadcrumb":{"@id":"https:\/\/trummer.edd-studio.de\/cz\/#breadcrumb"},"inLanguage":"en-US","potentialAction":[{"@type":"ReadAction","target":["https:\/\/trummer.edd-studio.de\/cz\/"]}]},{"@type":"BreadcrumbList","@id":"https:\/\/trummer.edd-studio.de\/cz\/#breadcrumb","itemListElement":[{"@type":"ListItem","position":1,"name":"Startseite","item":"https:\/\/trummer.edd-studio.de\/cz\/"},{"@type":"ListItem","position":2,"name":"\u00davodn\u00ed str\u00e1nka"}]},{"@type":"WebSite","@id":"https:\/\/trummer.edd-studio.de\/cz\/#website","url":"https:\/\/trummer.edd-studio.de\/cz\/","name":"Trummer Czech","description":"Trummer | Die besten Jobs seit 1987.","potentialAction":[{"@type":"SearchAction","target":{"@type":"EntryPoint","urlTemplate":"https:\/\/trummer.edd-studio.de\/cz\/?s={search_term_string}"},"query-input":{"@type":"PropertyValueSpecification","valueRequired":true,"valueName":"search_term_string"}}],"inLanguage":"en-US"}]}},"_links":{"self":[{"href":"https:\/\/trummer.edd-studio.de\/cz\/wp-json\/wp\/v2\/pages\/132","targetHints":{"allow":["GET"]}}],"collection":[{"href":"https:\/\/trummer.edd-studio.de\/cz\/wp-json\/wp\/v2\/pages"}],"about":[{"href":"https:\/\/trummer.edd-studio.de\/cz\/wp-json\/wp\/v2\/types\/page"}],"author":[{"embeddable":true,"href":"https:\/\/trummer.edd-studio.de\/cz\/wp-json\/wp\/v2\/users\/5"}],"replies":[{"embeddable":true,"href":"https:\/\/trummer.edd-studio.de\/cz\/wp-json\/wp\/v2\/comments?post=132"}],"version-history":[{"count":84,"href":"https:\/\/trummer.edd-studio.de\/cz\/wp-json\/wp\/v2\/pages\/132\/revisions"}],"predecessor-version":[{"id":2535,"href":"https:\/\/trummer.edd-studio.de\/cz\/wp-json\/wp\/v2\/pages\/132\/revisions\/2535"}],"wp:attachment":[{"href":"https:\/\/trummer.edd-studio.de\/cz\/wp-json\/wp\/v2\/media?parent=132"}],"curies":[{"name":"wp","href":"https:\/\/api.w.org\/{rel}","templated":true}]}}